{"id":2571,"date":"2022-07-26T02:25:51","date_gmt":"2022-07-26T02:25:51","guid":{"rendered":"https:\/\/dev-uw6ywhu.australis.com\/unsere-weine\/"},"modified":"2022-12-21T15:17:31","modified_gmt":"2022-12-21T15:17:31","slug":"unsere-weine","status":"publish","type":"page","link":"https:\/\/dev-uw6ywhu.australis.com\/de\/ventus-australis\/hauptmenue\/services-an-bord\/unsere-weine\/","title":{"rendered":"Unsere Weine"},"content":{"rendered":"<p>[vc_row bg_type=&#8220;color&#8220; header_feature=&#8220;yes&#8220; bg_color=&#8220;#132f58&#8243; padding_top=&#8220;15px&#8220;][vc_column width=&#8220;1\/6&#8243;][\/vc_column][vc_column width=&#8220;2\/3&#8243;]<div class=\"grve-element grve-align-center grve-animated-item grve-fadeIn\" data-delay=\"200\"><a href=\"https:\/\/dev-uw6ywhu.australis.com\/de\/ventus-australis\/hauptmenue\/services-an-bord\/\" title=\"Sicherheit und Protokolle\" class=\"grve-btn grve-btn-small grve-square grve-bg-white grve-bg-hover-primary-2 grve-btn-line\"><span><i class=\"fas fa-reply\"><\/i>Zur\u00fcck<\/span><\/a><\/div>[\/vc_column][vc_column width=&#8220;1\/6&#8243;][\/vc_column][\/vc_row][vc_row heading_color=&#8220;light&#8220; bg_type=&#8220;color&#8220; header_feature=&#8220;yes&#8220; font_color=&#8220;#ffffff&#8220; bg_color=&#8220;#132f58&#8243; padding_top=&#8220;5%&#8220; padding_bottom=&#8220;5%&#8220; margin_bottom=&#8220;0px&#8220;][vc_column width=&#8220;1\/6&#8243;][\/vc_column][vc_column width=&#8220;2\/3&#8243; tablet_sm_width=&#8220;1&#8243;][vc_column_text animation=&#8220;fadeIn&#8220;]<\/p>\n<p style=\"text-align: center;\">Hier finden Sie eine Auflistung der Weine, die wir an Bord unseres Kreuzfahrtschiffs f\u00fchren.<\/p>\n<p>[\/vc_column_text]<h3 class=\"grve-element grve-typed-text grve-align-center grve-animated-item grve-fadeIn grve-leader-text\" style=\"\" data-delay=\"200\">    <span class=\"grve-typed-text-prefix\"> <\/span>    <span class=\"grve-animated-text grve-text-white\">    \t<span id=\"grve-typed-item-69f21f1ce4e93\"><\/span>    <\/span>    <span class=\"grve-typed-text-suffix\"> <\/span><script type=\"text\/javascript\">\r\n\t\t\t\tjQuery(function($){ $(\"#grve-typed-item-69f21f1ce4e93\").typed({\r\n\t\t\t\t\tstrings: [\"Cabernet Sauvignon\",\"Malbec\",\"Sauvignon Blanc\",\"Merlot\",\"Pinot Noir\",\"Carmenere\",\"Chardonnay\",\"Syrah\",\"\"],\r\n\t\t\t\t\ttypeSpeed: 1,\r\n\t\t\t\t\tbackSpeed: 2,\r\n\t\t\t\t\tstartDelay: 1,\r\n\t\t\t\t\tbackDelay: 1000,\r\n\t\t\t\t\tloop: true,\r\n\t\t\t\t\tloopCount: false,\r\n\t\t\t\t\tshowCursor: true,\r\n\t\t\t\t\tcursorChar: \"|\",\r\n\t\t\t\t\tcontentType: null,\r\n\t\t\t\t\tattr: null\r\n\t\t\t\t});\r\n\t\t\t});\r\n\t\t<\/script><\/h3>[vc_empty_space][\/vc_column][vc_column width=&#8220;1\/6&#8243;][\/vc_column][\/vc_row][vc_row][vc_column width=&#8220;1\/6&#8243;][\/vc_column][vc_column width=&#8220;2\/3&#8243;][vc_empty_space][vc_column_text animation=&#8220;fadeIn&#8220;]<\/p>\n<h5>Armador Estate Selection, Odfjell<\/h5>\n<p><em><strong>Sauvignon Blanc 2016, Valle de Casablanca. <\/strong><\/em><\/p>\n<p><strong>Verkostungsnotiz:<\/strong> In der Nase finden sich Aromen nach frischem Heu und Zitrone. Am Gaumen ist er frisch und mineralisch, gepaart mit konzentrierten Zitrusnoten. Die volumin\u00f6se S\u00e4ure setzt sich fort bis hin zu einem erfrischenden Abklang.<\/p>\n<p><strong>Empfohlen zu:<\/strong> Wei\u00dffleischigem Fisch, frischem Ceviche.[\/vc_column_text]<div class=\"grve-element grve-hr \" style=\"padding-bottom: 30px;\"><span class=\"grve-title-line grve-bg-primary-2\" style=\"width: 320px;height: 2px;\"><\/span><\/div>[vc_column_text animation=&#8220;fadeIn&#8220;]<\/p>\n<h5><b>Calcu <\/b><\/h5>\n<p><strong><em>Carmenere 2015, Valle de Colchagua. <\/em><\/strong><\/p>\n<p><strong>Verkostungsnotiz:<\/strong> Intensiv kirschrote Farbe. In der Nase herrschen Aromen nach wilden Kirschen vor, gepaart mit erdigen Noten. Am Gaumen eine intensive S\u00e4ure, gro\u00dfer Ansatz, mittlerer bis voller K\u00f6rper, sanfter Tanningehalt und gute L\u00e4nge.<\/p>\n<p><strong>Empfohlen zu:<\/strong> Rotem Fleisch, Pasta und Braten.[\/vc_column_text]<div class=\"grve-element grve-hr \" style=\"padding-bottom: 30px;\"><span class=\"grve-title-line grve-bg-primary-2\" style=\"width: 320px;height: 2px;\"><\/span><\/div>[vc_column_text animation=&#8220;fadeIn&#8220;]<\/p>\n<h5>De Martino Estate Reserva<\/h5>\n<p><em><strong>Cabernet Sauvignon 2016, Valle del Maipo. <\/strong><\/em><\/p>\n<p><strong>Verkostungsnotiz: Sehr reine, rubinrote Farbe mit violetten Nuancen.<\/strong> In der Nase finden sich Aromen nach roten Fr\u00fcchten, gepaart mit Noten nach schwarzer Johannisbeere, Tabak, Zedernholz und Gew\u00fcrzen. Am Gaumen ausgepr\u00e4gte S\u00e4ure, herzhafter Wein. Langer Abgang mit einem Nachhall nach Tabak.<\/p>\n<p><strong>Empfohlen zu:<\/strong> Rotem Fleisch.<br \/>\n[\/vc_column_text]<div class=\"grve-element grve-hr \" style=\"padding-bottom: 30px;\"><span class=\"grve-title-line grve-bg-primary-2\" style=\"width: 320px;height: 2px;\"><\/span><\/div>[vc_column_text animation=&#8220;fadeIn&#8220;]<\/p>\n<h5>De Martino Estate Reserva<\/h5>\n<p><em><strong>Chardonnay 2016, Valle de Casablanca. <\/strong><\/em><\/p>\n<p><strong>Verkostungsnotiz:<\/strong> Frische Aromen nach reifen Zitrusfr\u00fcchten und Pfirsichnoten. Am Gaumen eine sanfte Textur mit langem Abgang.<\/p>\n<p><strong>Empfohlen zu:<\/strong> Frischen Salaten oder Fisch.<\/p>\n<p>[\/vc_column_text]<div class=\"grve-element grve-hr \" style=\"padding-bottom: 30px;\"><span class=\"grve-title-line grve-bg-primary-2\" style=\"width: 320px;height: 2px;\"><\/span><\/div>[vc_column_text animation=&#8220;fadeIn&#8220;]<\/p>\n<h5>De Martino Estate<\/h5>\n<p><em><strong>Carmenere 2016, Valle del Maipo.<\/strong><\/em><\/p>\n<p><strong>Verkostungsnotiz:<\/strong> Dieser Carmenere von rubinroter Farbe ist elegant und fruchtig, typisch f\u00fcr das Valle del Maipo. Intensiv in der Nase mit w\u00fcrzigen Aromen, gepaart mit Nuancen nach rotem Paprika, roten Fr\u00fcchten, schwarzer Johannisbeere und Tabak. Am Gaumen ebenfalls fruchtig und angenehm mit ausgereiften Tanninen, volles Volumen. Langer Abgang mit guter Balance. Ein starker, frischer Wein.<\/p>\n<p><strong>Empfohlen zu:<\/strong> Gerichten mit H\u00e4hnchen, Truthahn oder dampfgegartem Gem\u00fcse.[\/vc_column_text]<div class=\"grve-element grve-hr \" style=\"padding-bottom: 30px;\"><span class=\"grve-title-line grve-bg-primary-2\" style=\"width: 320px;height: 2px;\"><\/span><\/div>[vc_column_text animation=&#8220;fadeIn&#8220;]<\/p>\n<h5>De Martino Estate Reserva<\/h5>\n<p><em><strong>Sauvingon Blanc 2017, Valle de Casablanca.<\/strong><\/em><\/p>\n<p><strong>Verkostungsnotiz:<\/strong> Die Farbe zeigt sich in einem leichten Zitronengelb. In der Nase deutliche Aromen nach reifer Limette, Steinfrucht sowie frisch geschnittenem Gras. Am Gaumen frisch mit mittlerem K\u00f6rper. Die Charakteristik der reifen Limette wird mit der frischen S\u00e4ure und moderatem Alkoholgehalt gut ausgeglichen, wodurch ein langer Abgang erreicht wird.<\/p>\n<p><strong>Empfohlen zu:<\/strong> Fischgerichten.[\/vc_column_text]<div class=\"grve-element grve-hr \" style=\"padding-bottom: 30px;\"><span class=\"grve-title-line grve-bg-primary-2\" style=\"width: 320px;height: 2px;\"><\/span><\/div>[vc_column_text animation=&#8220;fadeIn&#8220;]<\/p>\n<h5>Chateau Los Boldos Tradici\u00f3n Res\u00e9rve<\/h5>\n<p><em><strong>Chardonnay 2017 \u2013 2018, Valle de Cachapoal Andes. <\/strong><\/em><\/p>\n<p><strong>Verkostungsnotiz:<\/strong> Leichte und leuchtende gelbliche Farbe mit gr\u00fcnen Nuancen. Aroma nach tropischen Fr\u00fcchten, Aprikose und Birne. Gute S\u00e4ure mit einem eleganten und langen Abgang.<\/p>\n<p><strong>Empfohlen zu:<\/strong> Wei\u00dffleischigem Fisch oder Meeresfr\u00fcchten, z. B. Austern. Wird ebenso zu H\u00e4hnchen oder Truthahn serviert.[\/vc_column_text]<div class=\"grve-element grve-hr \" style=\"padding-bottom: 30px;\"><span class=\"grve-title-line grve-bg-primary-2\" style=\"width: 320px;height: 2px;\"><\/span><\/div>[vc_column_text animation=&#8220;fadeIn&#8220;]<\/p>\n<h5>Chateau Los Boldos Tradici\u00f3n Res\u00e9rve<\/h5>\n<p><em><strong>Merlot 2016, Valle de Cachapoal Andes.<\/strong><\/em><\/p>\n<p><strong>Verkostungsnotiz:<\/strong> Funkelndes Rubinrot. Aromen nach Sauerkirsche, Maulbeere, schwarze Johannisbeere, schwarzem Pfeffer, gepaart mit Vanillenoten. Gut ausbalanciert mit samtigen Tanninen, weicher und eleganter Abgang.<\/p>\n<p><strong>Empfohlen zu:<\/strong> Fischgerichten wie z. B. Lachs, Truthahn oder H\u00e4hnchen, Pasta mit milden Saucen oder zu K\u00e4se.[\/vc_column_text]<div class=\"grve-element grve-hr \" style=\"padding-bottom: 30px;\"><span class=\"grve-title-line grve-bg-primary-2\" style=\"width: 320px;height: 2px;\"><\/span><\/div>[vc_column_text animation=&#8220;fadeIn&#8220;]<\/p>\n<h5>Chateau Los Boldos Tradici\u00f3n Res\u00e9rve<\/h5>\n<p><em><strong>Cabernet Sauvignon 2017, Valle de Cachapoal Andes. <\/strong><\/em><\/p>\n<p><strong>Verkostungsnotiz:<\/strong> Intensives Rubinrot. Rote Fr\u00fcchte wie Himbeeren, Erdbeeren und Sauerkirschen, gepaart mit leicht w\u00fcrzigen Nuancen. Gute Balance, frisch, mit weichen Tanninen und einem angenehmen Abgang.<\/p>\n<p><strong>Empfohlen zu:<\/strong> Rotem Fleisch, Wurstwaren, kr\u00e4ftigem und reifem K\u00e4se.[\/vc_column_text]<div class=\"grve-element grve-hr \" style=\"padding-bottom: 30px;\"><span class=\"grve-title-line grve-bg-primary-2\" style=\"width: 320px;height: 2px;\"><\/span><\/div>[vc_column_text animation=&#8220;fadeIn&#8220;]<\/p>\n<h5>Chateau Los Boldos Tradici\u00f3n Res\u00e9rve<\/h5>\n<p><em><strong>Sauvignon Blanc 2018, Valle de Cachapoal Andes. <\/strong><\/em><\/p>\n<p><strong>Verkostungsnotiz:<\/strong> Leichte und gelbliche Farbe mit gr\u00fcnen Nuancen. Frische Aromen nach Zitrusfr\u00fcchten und Orangenbl\u00fcten. Fruchtig im Geschmack, frisch, spritzige S\u00e4ure und angenehmer Abgang.<\/p>\n<p><strong>Empfohlen zu:<\/strong> Meeresfr\u00fcchten, rohem Fisch und frischem K\u00e4se.[\/vc_column_text]<div class=\"grve-element grve-hr \" style=\"padding-bottom: 30px;\"><span class=\"grve-title-line grve-bg-primary-2\" style=\"width: 320px;height: 2px;\"><\/span><\/div>[vc_column_text animation=&#8220;fadeIn&#8220;]<\/p>\n<h5>Chateau Los Boldos Tradici\u00f3n Res\u00e9rve<\/h5>\n<p><em><strong>Syrah 2017, Valle de Cachapoal Andes. <\/strong><\/em><\/p>\n<p><strong>Verkostungsnotiz:<\/strong> Dunkler, intensiver Rotton. Aromen nach reifen roten Fr\u00fcchten und Gew\u00fcrzen wie schwarzer Pfeffer, gepaart mit Tabaknoten. W\u00fcrzig, gute Balance mit samtigen Tanninen, weicher und fruchtiger Abgang.<\/p>\n<p><strong>Empfohlen zu:<\/strong> Rindfleisch oder Lamm, Fisch oder Wurstwaren.[\/vc_column_text]<div class=\"grve-element grve-hr \" style=\"padding-bottom: 30px;\"><span class=\"grve-title-line grve-bg-primary-2\" style=\"width: 320px;height: 2px;\"><\/span><\/div>[vc_column_text animation=&#8220;fadeIn&#8220;]<\/p>\n<h5>Quintay Clava Reserve<\/h5>\n<p><em><strong>Pinot Noir 2017, Valle de Casablanca. <\/strong><\/em><\/p>\n<p><strong>Verkostungsnotiz:<\/strong> Wundersch\u00f6ner, funkelnder kirschroter Farbton. In der Nase zeigen sich Aromen nach roten Fr\u00fcchten wie der Sauerkirsche, gepaart mit Erdbeermarmelade und einer dezenten Note nach Rosenbl\u00fcten. Im Gaumen w\u00fcrzig mit Nuancen nach Kr\u00e4utern und feuchter Erde. Frisch und fruchtig, und in perfekter Balance. Ein Wein, der sanft und stark zugleich ist, mit feiner Struktur, ausgereiften Tanninen, lang im Abgang und sehr elegant. Ein gutes Beispiel f\u00fcr den Pinot Noir aus Casablanca.<\/p>\n<p><strong>Empfohlen zu:<\/strong> Fischgerichten, Fleischgerichten und Pasta mit Sauce (ohne Tomate).[\/vc_column_text]<div class=\"grve-element grve-hr \" style=\"padding-bottom: 30px;\"><span class=\"grve-title-line grve-bg-primary-2\" style=\"width: 320px;height: 2px;\"><\/span><\/div>[vc_column_text animation=&#8220;fadeIn&#8220;]<\/p>\n<h5>Viu Manent Reserva Estate Collection<\/h5>\n<p><em><strong>Cabernet Sauvignon 2015, Valle de Colchagua. <\/strong><\/em><\/p>\n<p><strong>Verkostungsnotiz:<\/strong> Mit seiner rubinroten Farbe besticht dieser Cabernet durch das fruchtige Aroma und den fruchtigen Geschmack mit Noten nach schwarzer Johannisbeere, Kr\u00e4utern und schwarzem Pfeffer. Am Gaumen zeigt er seinen kraftvollen, \u00fcppigen K\u00f6rper und eine gro\u00dfartige Balance.<\/p>\n<p><strong>Empfohlen zu:<\/strong> Gerichten mit Fleisch oder reifem K\u00e4se bzw. Wurstwaren.[\/vc_column_text]<div class=\"grve-element grve-hr \" style=\"padding-bottom: 30px;\"><span class=\"grve-title-line grve-bg-primary-2\" style=\"width: 320px;height: 2px;\"><\/span><\/div>[vc_column_text animation=&#8220;fadeIn&#8220;]<\/p>\n<h5>Viu Manent Reserva Estate Collection<\/h5>\n<p><em><strong>Chardonnay 2017, Valle de Colchagua. <\/strong><\/em><\/p>\n<p><strong>Verkostungsnotiz:<\/strong> Leichter und leuchtend gelber Farbton. In der Nase frisch, fruchtig und ausdrucksvoll mit Aromen, die an Melone, gelbe Pflaume, Mandarine und Aprikose erinnern. Am Gaumen zeigt sich seine weiche Textur. Ein \u00fcppiger, intensiver Wein mit guter Balance und k\u00f6stlichem Abgang.<\/p>\n<p><strong>Empfohlen zu:<\/strong> Salaten mit wei\u00dfem Fleisch, Sushi oder Lachs-Tartar.[\/vc_column_text]<div class=\"grve-element grve-hr \" style=\"padding-bottom: 30px;\"><span class=\"grve-title-line grve-bg-primary-2\" style=\"width: 320px;height: 2px;\"><\/span><\/div>[vc_column_text animation=&#8220;fadeIn&#8220;]<\/p>\n<h5>Viu Manent Reserva Estate Collection<\/h5>\n<p><em><strong>Malbec 2016, Valle de Colchagua. <\/strong><\/em><\/p>\n<p><strong>Verkostungsnotiz:<\/strong> In der Farbe erinnert er an rote Sauerkirsche mit violetten Nuancen. Dieser intensive Malbec erweckt in der Nase Aromen nach blauen Blumen, Waldbeeren, schwarzer Johannisbeere und wilden Maulbeeren. Am Gaumen zeigt sich ein \u00fcppiger Wein, gute Balance, fruchtig, angenehme Tannine und optimal im Abgang.<\/p>\n<p><strong>Empfohlen zu:<\/strong> Schweinefleisch, Burger oder Wurstwar[\/vc_column_text]<div class=\"grve-element grve-hr \" style=\"padding-bottom: 30px;\"><span class=\"grve-title-line grve-bg-primary-2\" style=\"width: 320px;height: 2px;\"><\/span><\/div>[vc_column_text animation=&#8220;fadeIn&#8220;]<\/p>\n<h5>Viu Manent Reserva Estate Collection<\/h5>\n<p><em><strong>Merlot 2015, Valle de Colchagua<\/strong><\/em>.<\/p>\n<p><strong>Verkostungsnotiz:<\/strong> Kirschrote Farbe mit intensiv w\u00fcrzigen Aromen nach K\u00fcchenkr\u00e4utern wie Thymian und Lorbeerblatt, gepaart mit reichhaltigen und reifen roten Fr\u00fcchten. Am Gaumen \u00fcppig, mittlerer K\u00f6rper und sehr gute Balance.<\/p>\n<p><strong>Empfohlen zu:<\/strong> H\u00e4hnchenfleisch, Pasta und Pizza.[\/vc_column_text]<div class=\"grve-element grve-hr \" style=\"padding-bottom: 30px;\"><span class=\"grve-title-line grve-bg-primary-2\" style=\"width: 320px;height: 2px;\"><\/span><\/div>[vc_column_text animation=&#8220;fadeIn&#8220;]<\/p>\n<h5>Viu Manent Reserva Estate Collection<\/h5>\n<p><em><strong>Sauvignon Blanc 2016, Valle de Colchagua. <\/strong><\/em><\/p>\n<p><strong>Verkostungsnotiz:<\/strong> Gr\u00fcnlich-gelbe Farbe mit intensiven Zitrusaromen, gepaart mit Nuancen nach tropischen Fr\u00fcchten wie Maracuja, wei\u00dfe Fr\u00fcchte und Wasserbirne. Am Gaumen erfrischend und fruchtig mit gutem Fortbestand.<\/p>\n<p><strong>Empfohlen zu:<\/strong> Ideal als Aperitif, wird jedoch auch zu frischem K\u00e4se, Fisch oder dem Ceviche des Tages serviert.[\/vc_column_text]<div class=\"grve-element grve-hr \" style=\"padding-bottom: 30px;\"><span class=\"grve-title-line grve-bg-primary-2\" style=\"width: 320px;height: 2px;\"><\/span><\/div>[vc_column_text animation=&#8220;fadeIn&#8220;]<\/p>\n<h5>William Cole Reserve<\/h5>\n<p><em><strong>Pinot Noir 2017, Valle de Casablanca. <\/strong><\/em><\/p>\n<p><strong>Verkostungsnotiz:<\/strong> Rot-violette Farbe mit rubinroten Nuancen, lichtdurchl\u00e4ssig und leuchtend. In der Nase zeigen sich Noten nach roten Fr\u00fcchten, gepaart mit subtilen Nuancen nach schwarzem Tee. Mittlerer K\u00f6rper und Fortbestand am Gaumen. Frisch mit zarten, abgerundeten Tanninen. Es stechen milchige Noten und rote Fr\u00fcchte hervor.<\/p>\n<p><strong>Empfohlen zu:<\/strong> Leichtem K\u00e4se oder als Aperitif.[\/vc_column_text]<div class=\"grve-element grve-hr \" style=\"padding-bottom: 30px;\"><span class=\"grve-title-line grve-bg-primary-2\" style=\"width: 320px;height: 2px;\"><\/span><\/div>[vc_column_text animation=&#8220;fadeIn&#8220;]<\/p>\n<h5>Zuccardi Serie A<\/h5>\n<p><em><strong>Malbec 2013, Valle de Uco, Mendoza, Argentina. <\/strong><\/em><\/p>\n<p><strong>Verkostungsnotiz:<\/strong> Sehr fruchtig, eher schwarz als rot, mit w\u00fcrzigem Aroma. Erfrischend und abgerundeter Geschmack. Die Ernte aus 2013 ergab eine sehr elegante Frucht mit einer guten nat\u00fcrlichen S\u00e4ure. Ein gro\u00dfartiges Beispiel f\u00fcr den Wein von Malbec aus dem Valle de Uco.<\/p>\n<p><strong>Empfohlen zu:<\/strong> Gegrilltem Rind, Braten, Pasta mit Tomatensauce und K\u00e4se.[\/vc_column_text][\/vc_column][vc_column width=&#8220;1\/6&#8243;][\/vc_column][\/vc_row][vc_row heading_color=&#8220;light&#8220; bg_type=&#8220;color&#8220; font_color=&#8220;#ffffff&#8220; bg_color=&#8220;#132f58&#8243; padding_bottom=&#8220;32px&#8220; margin_bottom=&#8220;0px&#8220;][vc_column width=&#8220;1\/4&#8243;][\/vc_column][vc_column width=&#8220;1\/2&#8243;][vc_empty_space height=&#8220;62px&#8220;]<h3 class=\"grve-element grve-title grve-align-center grve-animated-item grve-fadeIn grve-h3\" style=\"\" data-delay=\"200\"><span>Unsere Weinbaut\u00e4ler<span class=\"grve-title-line grve-bg-primary-3\" style=\"width: 50px;height: 2px;\"><\/span><\/span><\/h3>[vc_column_text animation=&#8220;fadeIn&#8220;]<\/p>\n<p style=\"text-align: center; font-size: 7pt;\">Klicken um zu vergr\u00f6\u00dfern<\/p>\n<p>[\/vc_column_text]<div class=\"grve-element grve-image grve-animated-item grve-fadeInUp grve-align-center\" style=\"\" data-delay=\"200\"><a class=\"grve-image-popup\" href=\"https:\/\/dev-uw6ywhu.australis.com\/wp-content\/uploads\/2022\/07\/vinos-ES-1.png\"><img width=\"848\" height=\"1081\" src=\"https:\/\/dev-uw6ywhu.australis.com\/wp-content\/uploads\/2022\/07\/vinos-ES-1.png\" class=\"grve-full-image attachment-full size-full\" alt=\"\" decoding=\"async\" loading=\"lazy\" srcset=\"https:\/\/dev-uw6ywhu.australis.com\/wp-content\/uploads\/2022\/07\/vinos-ES-1.png 848w, https:\/\/dev-uw6ywhu.australis.com\/wp-content\/uploads\/2022\/07\/vinos-ES-1-235x300.png 235w, https:\/\/dev-uw6ywhu.australis.com\/wp-content\/uploads\/2022\/07\/vinos-ES-1-803x1024.png 803w, https:\/\/dev-uw6ywhu.australis.com\/wp-content\/uploads\/2022\/07\/vinos-ES-1-768x979.png 768w\" sizes=\"(max-width: 848px) 100vw, 848px\" \/><\/a><\/div>[\/vc_column][vc_column width=&#8220;1\/4&#8243;][\/vc_column][\/vc_row][vc_row bg_type=&#8220;color&#8220; footer_feature=&#8220;yes&#8220; bg_color=&#8220;#132f58&#8243; padding_top=&#8220;15px&#8220; padding_bottom=&#8220;15px&#8220;][vc_column width=&#8220;1\/6&#8243;][\/vc_column][vc_column width=&#8220;2\/3&#8243;]<div class=\"grve-element grve-align-center grve-animated-item grve-fadeIn\" data-delay=\"200\"><a href=\"https:\/\/dev-uw6ywhu.australis.com\/de\/ventus-australis\/hauptmenue\/services-an-bord\/\" title=\"Sicherheit und Protokolle\" class=\"grve-btn grve-btn-small grve-square grve-bg-white grve-bg-hover-primary-2 grve-btn-line\"><span><i class=\"fas fa-reply\"><\/i>Zur\u00fcck<\/span><\/a><\/div>[\/vc_column][vc_column width=&#8220;1\/6&#8243;][\/vc_column][\/vc_row]<\/p>\n","protected":false},"excerpt":{"rendered":"<p>[vc_row bg_type=&#8220;color&#8220; header_feature=&#8220;yes&#8220; bg_color=&#8220;#132f58&#8243; padding_top=&#8220;15px&#8220;][vc_column width=&#8220;1\/6&#8243;][\/vc_column][vc_column width=&#8220;2\/3&#8243;][\/vc_column][vc_column width=&#8220;1\/6&#8243;][\/vc_column][\/vc_row][vc_row heading_color=&#8220;light&#8220; bg_type=&#8220;color&#8220; header_feature=&#8220;yes&#8220; font_color=&#8220;#ffffff&#8220; bg_color=&#8220;#132f58&#8243; padding_top=&#8220;5%&#8220; padding_bottom=&#8220;5%&#8220; margin_bottom=&#8220;0px&#8220;][vc_column width=&#8220;1\/6&#8243;][\/vc_column][vc_column width=&#8220;2\/3&#8243; tablet_sm_width=&#8220;1&#8243;][vc_column_text animation=&#8220;fadeIn&#8220;] Hier finden Sie eine Auflistung der Weine, die wir an Bord unseres Kreuzfahrtschiffs f\u00fchren. [\/vc_column_text][vc_empty_space][\/vc_column][vc_column width=&#8220;1\/6&#8243;][\/vc_column][\/vc_row][vc_row][vc_column width=&#8220;1\/6&#8243;][\/vc_column][vc_column width=&#8220;2\/3&#8243;][vc_empty_space][vc_column_text animation=&#8220;fadeIn&#8220;] Armador Estate Selection, Odfjell Sauvignon Blanc 2016, Valle de Casablanca. Verkostungsnotiz: In der Nase finden sich [&hellip;]<\/p>\n","protected":false},"author":1,"featured_media":0,"parent":2849,"menu_order":0,"comment_status":"closed","ping_status":"closed","template":"","meta":{"inline_featured_image":false,"footnotes":""},"_links":{"self":[{"href":"https:\/\/dev-uw6ywhu.australis.com\/de\/wp-json\/wp\/v2\/pages\/2571"}],"collection":[{"href":"https:\/\/dev-uw6ywhu.australis.com\/de\/wp-json\/wp\/v2\/pages"}],"about":[{"href":"https:\/\/dev-uw6ywhu.australis.com\/de\/wp-json\/wp\/v2\/types\/page"}],"author":[{"embeddable":true,"href":"https:\/\/dev-uw6ywhu.australis.com\/de\/wp-json\/wp\/v2\/users\/1"}],"replies":[{"embeddable":true,"href":"https:\/\/dev-uw6ywhu.australis.com\/de\/wp-json\/wp\/v2\/comments?post=2571"}],"version-history":[{"count":12,"href":"https:\/\/dev-uw6ywhu.australis.com\/de\/wp-json\/wp\/v2\/pages\/2571\/revisions"}],"predecessor-version":[{"id":2974,"href":"https:\/\/dev-uw6ywhu.australis.com\/de\/wp-json\/wp\/v2\/pages\/2571\/revisions\/2974"}],"up":[{"embeddable":true,"href":"https:\/\/dev-uw6ywhu.australis.com\/de\/wp-json\/wp\/v2\/pages\/2849"}],"wp:attachment":[{"href":"https:\/\/dev-uw6ywhu.australis.com\/de\/wp-json\/wp\/v2\/media?parent=2571"}],"curies":[{"name":"wp","href":"https:\/\/api.w.org\/{rel}","templated":true}]}}