{"id":2889,"date":"2022-07-11T22:32:29","date_gmt":"2022-07-11T22:32:29","guid":{"rendered":"https:\/\/dev-uw6ywhu.australis.com\/ventus-australis\/hauptmenue\/expedition\/vortraege-an-bord\/"},"modified":"2022-12-27T14:03:33","modified_gmt":"2022-12-27T14:03:33","slug":"vortraege-an-bord","status":"publish","type":"page","link":"https:\/\/dev-uw6ywhu.australis.com\/de\/ventus-australis\/hauptmenue\/expedition\/vortraege-an-bord\/","title":{"rendered":"Vortr\u00e4ge an bord"},"content":{"rendered":"<p>[vc_row heading_color=&#8220;light&#8220; section_full_height=&#8220;fullheight&#8220; bg_type=&#8220;image&#8220; bg_image=&#8220;1487&#8243; bg_image_size=&#8220;full&#8220; bg_tablet_sm_position=&#8220;center-bottom&#8220; color_overlay=&#8220;gradient&#8220; gradient_overlay_custom_1=&#8220;#132f58&#8243; gradient_overlay_custom_2=&#8220;rgba(19,47,88,0.5)&#8220; gradient_overlay_direction=&#8220;180&#8243; header_feature=&#8220;yes&#8220; footer_feature=&#8220;yes&#8220; font_color=&#8220;#ffffff&#8220;][vc_column]<div class=\"grve-element grve-align-center grve-animated-item grve-fadeIn\" data-delay=\"200\"><a href=\"https:\/\/dev-uw6ywhu.australis.com\/de\/ventus-australis\/hauptmenue\/expedition\/\" title=\"Sicherheit und Protokolle\" class=\"grve-btn grve-btn-small grve-square grve-bg-white grve-bg-hover-primary-2 grve-btn-line\"><span><i class=\"fas fa-reply\"><\/i>Zur\u00fcck<\/span><\/a><\/div>[vc_empty_space]<h3 class=\"grve-element grve-title grve-align-center grve-h3\" style=\"\"><span>Vortr\u00e4ge an bord<\/span><\/h3>[vc_row_inner][vc_column_inner width=&#8220;1\/6&#8243; tablet_sm_width=&#8220;hide&#8220; mobile_width=&#8220;hide&#8220;][\/vc_column_inner][vc_column_inner width=&#8220;1\/3&#8243; tablet_sm_width=&#8220;1-2&#8243; mobile_width=&#8220;1-2&#8243;]<div class=\"grve-element grve-box-icon grve-align-center grve-medium grve-animated-item grve-zoomIn\" style=\"\" data-delay=\"200\"><a href=\"https:\/\/dev-uw6ywhu.australis.com\/wp-content\/uploads\/2022\/11\/cabo-hornos-DE.pdf\" target=\"_blank\" class=\"\"><div class=\"grve-image-icon\"><img width=\"1\" height=\"1\" src=\"https:\/\/dev-uw6ywhu.australis.com\/wp-content\/uploads\/2022\/08\/cabo-de-hornos.svg\" class=\"attachment-full size-full\" alt=\"\" decoding=\"async\" srcset=\"\" loading=\"lazy\" \/><\/div>  <div class=\"grve-box-content\">      <h3 class=\"grve-box-title grve-link-text\">Kap Hoorn<\/h3>  <\/div><\/a><\/div>[\/vc_column_inner][vc_column_inner width=&#8220;1\/3&#8243; tablet_sm_width=&#8220;1-2&#8243; mobile_width=&#8220;1-2&#8243;]<div class=\"grve-element grve-box-icon grve-align-center grve-medium grve-animated-item grve-zoomIn\" style=\"\" data-delay=\"200\"><a href=\"https:\/\/dev-uw6ywhu.australis.com\/wp-content\/uploads\/2022\/11\/tierra-del-fuego-DE.pdf\" target=\"_blank\" class=\"\"><div class=\"grve-image-icon\"><img width=\"1\" height=\"1\" src=\"https:\/\/dev-uw6ywhu.australis.com\/wp-content\/uploads\/2022\/08\/tierra-del-fuego.svg\" class=\"attachment-full size-full\" alt=\"\" decoding=\"async\" srcset=\"\" loading=\"lazy\" \/><\/div>  <div class=\"grve-box-content\">      <h3 class=\"grve-box-title grve-link-text\">Feuerland Entdecken<\/h3>  <\/div><\/a><\/div>[\/vc_column_inner][vc_column_inner width=&#8220;1\/6&#8243; tablet_sm_width=&#8220;hide&#8220; mobile_width=&#8220;hide&#8220;][\/vc_column_inner][\/vc_row_inner][vc_row_inner][vc_column_inner mobile_width=&#8220;1-2&#8243;][vc_empty_space][\/vc_column_inner][\/vc_row_inner][vc_row_inner][vc_column_inner width=&#8220;1\/6&#8243; tablet_sm_width=&#8220;hide&#8220; mobile_width=&#8220;hide&#8220;][\/vc_column_inner][vc_column_inner width=&#8220;1\/3&#8243; tablet_sm_width=&#8220;1-2&#8243; mobile_width=&#8220;1-2&#8243;]<div class=\"grve-element grve-box-icon grve-align-center grve-medium grve-animated-item grve-zoomIn\" style=\"\" data-delay=\"200\"><a href=\"https:\/\/dev-uw6ywhu.australis.com\/wp-content\/uploads\/2022\/11\/estrecho-magallanes-DE.pdf\" target=\"_blank\" class=\"\"><div class=\"grve-image-icon\"><img width=\"1\" height=\"1\" src=\"https:\/\/dev-uw6ywhu.australis.com\/wp-content\/uploads\/2022\/08\/estrecho-de-magallanes.svg\" class=\"attachment-full size-full\" alt=\"\" decoding=\"async\" srcset=\"\" loading=\"lazy\" \/><\/div>  <div class=\"grve-box-content\">      <h3 class=\"grve-box-title grve-link-text\">Magellan Strasse<\/h3>  <\/div><\/a><\/div>[\/vc_column_inner][vc_column_inner width=&#8220;1\/3&#8243; tablet_sm_width=&#8220;1-2&#8243; mobile_width=&#8220;1-2&#8243;]<div class=\"grve-element grve-box-icon grve-align-center grve-medium grve-animated-item grve-zoomIn\" style=\"\" data-delay=\"200\"><a href=\"https:\/\/dev-uw6ywhu.australis.com\/wp-content\/uploads\/2022\/11\/glaciologia-DE.pdf\" target=\"_blank\" class=\"\"><div class=\"grve-image-icon\"><img width=\"1\" height=\"1\" src=\"https:\/\/dev-uw6ywhu.australis.com\/wp-content\/uploads\/2022\/08\/glaciologia.svg\" class=\"attachment-full size-full\" alt=\"\" decoding=\"async\" srcset=\"\" loading=\"lazy\" \/><\/div>  <div class=\"grve-box-content\">      <h3 class=\"grve-box-title grve-link-text\">Glaziologie in Patagonien<\/h3>  <\/div><\/a><\/div>[\/vc_column_inner][vc_column_inner width=&#8220;1\/6&#8243; tablet_sm_width=&#8220;hide&#8220; mobile_width=&#8220;hide&#8220;][\/vc_column_inner][\/vc_row_inner][vc_row_inner][vc_column_inner mobile_width=&#8220;1-2&#8243;][vc_empty_space][\/vc_column_inner][\/vc_row_inner][vc_row_inner][vc_column_inner width=&#8220;1\/6&#8243; tablet_sm_width=&#8220;hide&#8220; mobile_width=&#8220;hide&#8220;][\/vc_column_inner][vc_column_inner width=&#8220;1\/3&#8243; tablet_sm_width=&#8220;1-2&#8243; mobile_width=&#8220;1-2&#8243;]<div class=\"grve-element grve-box-icon grve-align-center grve-medium grve-animated-item grve-zoomIn\" style=\"\" data-delay=\"200\"><a href=\"https:\/\/dev-uw6ywhu.australis.com\/wp-content\/uploads\/2022\/11\/pinguino-magallanes-DE.pdf\" target=\"_blank\" class=\"\"><div class=\"grve-image-icon\"><img width=\"1\" height=\"1\" src=\"https:\/\/dev-uw6ywhu.australis.com\/wp-content\/uploads\/2022\/08\/pinguino-de-magallanes.svg\" class=\"attachment-full size-full\" alt=\"\" decoding=\"async\" srcset=\"\" loading=\"lazy\" \/><\/div>  <div class=\"grve-box-content\">      <h3 class=\"grve-box-title grve-link-text\">Magellan Pinguin<\/h3>  <\/div><\/a><\/div>[\/vc_column_inner][vc_column_inner width=&#8220;1\/3&#8243; tablet_sm_width=&#8220;1-2&#8243; mobile_width=&#8220;1-2&#8243;]<div class=\"grve-element grve-box-icon grve-align-center grve-medium grve-animated-item grve-zoomIn\" style=\"\" data-delay=\"200\"><a href=\"https:\/\/dev-uw6ywhu.australis.com\/wp-content\/uploads\/2022\/12\/VIDA-A-BORDO-Ventus_DE.pdf\" target=\"_blank\" class=\"\"><div class=\"grve-image-icon\"><img width=\"1\" height=\"1\" src=\"https:\/\/dev-uw6ywhu.australis.com\/wp-content\/uploads\/2022\/08\/vida-a-brodo.svg\" class=\"attachment-full size-full\" alt=\"\" decoding=\"async\" srcset=\"\" loading=\"lazy\" \/><\/div>  <div class=\"grve-box-content\">      <h3 class=\"grve-box-title grve-link-text\">Leben an Bord<\/h3>  <\/div><\/a><\/div>[\/vc_column_inner][vc_column_inner width=&#8220;1\/6&#8243; tablet_sm_width=&#8220;hide&#8220; mobile_width=&#8220;hide&#8220;][\/vc_column_inner][\/vc_row_inner][vc_row_inner][vc_column_inner mobile_width=&#8220;1-2&#8243;][vc_empty_space][\/vc_column_inner][\/vc_row_inner][vc_row_inner][vc_column_inner][vc_empty_space height=&#8220;62px&#8220;][vc_column_text animation=&#8220;fadeIn&#8220;]<\/p>\n<p style=\"text-align: center; font-size: 10pt;\">Die Inhalte von AustralisNet sind ausschlie\u00dflich f\u00fcr die Verwendung an Bord bestimmt und ihre Reproduktion ist verboten.<br \/>\nAustralis beh\u00e4lt sich das Recht vor, sie ohne vorherige Ank\u00fcndigung zu \u00e4ndern.<\/p>\n<p>[\/vc_column_text][\/vc_column_inner][\/vc_row_inner][\/vc_column][\/vc_row]<\/p>\n","protected":false},"excerpt":{"rendered":"<p>[vc_row heading_color=&#8220;light&#8220; section_full_height=&#8220;fullheight&#8220; bg_type=&#8220;image&#8220; bg_image=&#8220;1487&#8243; bg_image_size=&#8220;full&#8220; bg_tablet_sm_position=&#8220;center-bottom&#8220; color_overlay=&#8220;gradient&#8220; gradient_overlay_custom_1=&#8220;#132f58&#8243; gradient_overlay_custom_2=&#8220;rgba(19,47,88,0.5)&#8220; gradient_overlay_direction=&#8220;180&#8243; header_feature=&#8220;yes&#8220; footer_feature=&#8220;yes&#8220; font_color=&#8220;#ffffff&#8220;][vc_column][vc_empty_space][vc_row_inner][vc_column_inner width=&#8220;1\/6&#8243; tablet_sm_width=&#8220;hide&#8220; mobile_width=&#8220;hide&#8220;][\/vc_column_inner][vc_column_inner width=&#8220;1\/3&#8243; tablet_sm_width=&#8220;1-2&#8243; mobile_width=&#8220;1-2&#8243;][\/vc_column_inner][vc_column_inner width=&#8220;1\/3&#8243; tablet_sm_width=&#8220;1-2&#8243; mobile_width=&#8220;1-2&#8243;][\/vc_column_inner][vc_column_inner width=&#8220;1\/6&#8243; tablet_sm_width=&#8220;hide&#8220; mobile_width=&#8220;hide&#8220;][\/vc_column_inner][\/vc_row_inner][vc_row_inner][vc_column_inner mobile_width=&#8220;1-2&#8243;][vc_empty_space][\/vc_column_inner][\/vc_row_inner][vc_row_inner][vc_column_inner width=&#8220;1\/6&#8243; tablet_sm_width=&#8220;hide&#8220; mobile_width=&#8220;hide&#8220;][\/vc_column_inner][vc_column_inner width=&#8220;1\/3&#8243; tablet_sm_width=&#8220;1-2&#8243; mobile_width=&#8220;1-2&#8243;][\/vc_column_inner][vc_column_inner width=&#8220;1\/3&#8243; tablet_sm_width=&#8220;1-2&#8243; mobile_width=&#8220;1-2&#8243;][\/vc_column_inner][vc_column_inner width=&#8220;1\/6&#8243; tablet_sm_width=&#8220;hide&#8220; mobile_width=&#8220;hide&#8220;][\/vc_column_inner][\/vc_row_inner][vc_row_inner][vc_column_inner mobile_width=&#8220;1-2&#8243;][vc_empty_space][\/vc_column_inner][\/vc_row_inner][vc_row_inner][vc_column_inner width=&#8220;1\/6&#8243; tablet_sm_width=&#8220;hide&#8220; mobile_width=&#8220;hide&#8220;][\/vc_column_inner][vc_column_inner width=&#8220;1\/3&#8243; tablet_sm_width=&#8220;1-2&#8243; mobile_width=&#8220;1-2&#8243;][\/vc_column_inner][vc_column_inner width=&#8220;1\/3&#8243; tablet_sm_width=&#8220;1-2&#8243; mobile_width=&#8220;1-2&#8243;][\/vc_column_inner][vc_column_inner width=&#8220;1\/6&#8243; tablet_sm_width=&#8220;hide&#8220; mobile_width=&#8220;hide&#8220;][\/vc_column_inner][\/vc_row_inner][vc_row_inner][vc_column_inner mobile_width=&#8220;1-2&#8243;][vc_empty_space][\/vc_column_inner][\/vc_row_inner][vc_row_inner][vc_column_inner][vc_empty_space height=&#8220;62px&#8220;][vc_column_text animation=&#8220;fadeIn&#8220;] [&hellip;]<\/p>\n","protected":false},"author":1,"featured_media":0,"parent":2856,"menu_order":0,"comment_status":"closed","ping_status":"closed","template":"","meta":{"inline_featured_image":false,"footnotes":""},"_links":{"self":[{"href":"https:\/\/dev-uw6ywhu.australis.com\/de\/wp-json\/wp\/v2\/pages\/2889"}],"collection":[{"href":"https:\/\/dev-uw6ywhu.australis.com\/de\/wp-json\/wp\/v2\/pages"}],"about":[{"href":"https:\/\/dev-uw6ywhu.australis.com\/de\/wp-json\/wp\/v2\/types\/page"}],"author":[{"embeddable":true,"href":"https:\/\/dev-uw6ywhu.australis.com\/de\/wp-json\/wp\/v2\/users\/1"}],"replies":[{"embeddable":true,"href":"https:\/\/dev-uw6ywhu.australis.com\/de\/wp-json\/wp\/v2\/comments?post=2889"}],"version-history":[{"count":5,"href":"https:\/\/dev-uw6ywhu.australis.com\/de\/wp-json\/wp\/v2\/pages\/2889\/revisions"}],"predecessor-version":[{"id":3069,"href":"https:\/\/dev-uw6ywhu.australis.com\/de\/wp-json\/wp\/v2\/pages\/2889\/revisions\/3069"}],"up":[{"embeddable":true,"href":"https:\/\/dev-uw6ywhu.australis.com\/de\/wp-json\/wp\/v2\/pages\/2856"}],"wp:attachment":[{"href":"https:\/\/dev-uw6ywhu.australis.com\/de\/wp-json\/wp\/v2\/media?parent=2889"}],"curies":[{"name":"wp","href":"https:\/\/api.w.org\/{rel}","templated":true}]}}