{"id":2940,"date":"2022-07-24T18:34:42","date_gmt":"2022-07-24T18:34:42","guid":{"rendered":"https:\/\/dev-uw6ywhu.australis.com\/ventus-australis\/hauptmenue\/services-an-bord\/unsere-kueche\/"},"modified":"2022-12-21T15:47:01","modified_gmt":"2022-12-21T15:47:01","slug":"unsere-kueche","status":"publish","type":"page","link":"https:\/\/dev-uw6ywhu.australis.com\/de\/ventus-australis\/hauptmenue\/services-an-bord\/unsere-kueche\/","title":{"rendered":"Unsere K\u00fcche"},"content":{"rendered":"<p>[vc_row bg_type=&#8220;color&#8220; header_feature=&#8220;yes&#8220; bg_color=&#8220;#132f58&#8243; padding_top=&#8220;15px&#8220;][vc_column width=&#8220;1\/6&#8243;][\/vc_column][vc_column width=&#8220;2\/3&#8243;]<div class=\"grve-element grve-align-center grve-animated-item grve-fadeIn\" data-delay=\"200\"><a href=\"https:\/\/dev-uw6ywhu.australis.com\/de\/ventus-australis\/hauptmenue\/services-an-bord\/\" title=\"Sicherheit und Protokolle\" class=\"grve-btn grve-btn-small grve-square grve-bg-white grve-bg-hover-primary-2 grve-btn-line\"><span><i class=\"fas fa-reply\"><\/i>Zur\u00fcck<\/span><\/a><\/div>[\/vc_column][vc_column width=&#8220;1\/6&#8243;][\/vc_column][\/vc_row][vc_row heading_color=&#8220;light&#8220; bg_type=&#8220;color&#8220; header_feature=&#8220;yes&#8220; font_color=&#8220;#ffffff&#8220; bg_color=&#8220;#132f58&#8243; padding_top=&#8220;5%&#8220; padding_bottom=&#8220;5%&#8220; margin_bottom=&#8220;0px&#8220;][vc_column width=&#8220;1\/6&#8243;][\/vc_column][vc_column width=&#8220;2\/3&#8243; tablet_sm_width=&#8220;1&#8243;][vc_column_text animation=&#8220;fadeIn&#8220;]<\/p>\n<p style=\"text-align: center;\">Wussten Sie, dass der Lachs aus diesen Gefilden dank reinerem und frischerem Wasser mehr K\u00f6rperfett anlegt und daher viel besser schmeckt?<\/p>\n<p style=\"text-align: center;\">Oder dass die Austern, die in diesen Gew\u00e4ssern aufwachsen, aufgrund der niedrigen Temperaturen keine Korallen haben?<\/p>\n<p style=\"text-align: center;\">Die Besonderheiten Patagoniens erkennt man nicht nur in der atemberaubend einzigartigen Landschaft, sondern auch in den Lebensmitteln, die sich hier am \u201es\u00fcdlichsten Ende der Welt\u201c finden.<\/p>\n<p style=\"text-align: center;\">Aus diesem Grund hat sich unser Gastronomieberater darum bem\u00fcht eine Karte auszuarbeiten, welche die lokalen Zutaten und die regionale K\u00fcche aufgreift und diese auf brillante Weise mit dem Besten der internationalen K\u00fcche verbindet. Aus diesem Grund hat sich unser Gastronomieberater darum bem\u00fcht eine Karte auszuarbeiten, welche die lokalen Zutaten und die regionale K\u00fcche aufgreift und diese auf brillante Weise mit dem Besten der internationalen K\u00fcche verbindet.<\/p>\n<p>[\/vc_column_text][vc_empty_space][\/vc_column][vc_column width=&#8220;1\/6&#8243;][\/vc_column][\/vc_row][vc_row section_type=&#8220;fullwidth&#8220;][vc_column]<div class=\"grve-element grve-image grve-align-center\" style=\"\"><img width=\"2560\" height=\"1440\" src=\"https:\/\/dev-uw6ywhu.australis.com\/wp-content\/uploads\/2022\/08\/nuestra-gsastronomia.jpg\" class=\"attachment-full size-full\" alt=\"\" decoding=\"async\" loading=\"lazy\" srcset=\"https:\/\/dev-uw6ywhu.australis.com\/wp-content\/uploads\/2022\/08\/nuestra-gsastronomia.jpg 2560w, https:\/\/dev-uw6ywhu.australis.com\/wp-content\/uploads\/2022\/08\/nuestra-gsastronomia-300x169.jpg 300w, https:\/\/dev-uw6ywhu.australis.com\/wp-content\/uploads\/2022\/08\/nuestra-gsastronomia-1024x576.jpg 1024w, https:\/\/dev-uw6ywhu.australis.com\/wp-content\/uploads\/2022\/08\/nuestra-gsastronomia-768x432.jpg 768w, https:\/\/dev-uw6ywhu.australis.com\/wp-content\/uploads\/2022\/08\/nuestra-gsastronomia-1536x864.jpg 1536w, https:\/\/dev-uw6ywhu.australis.com\/wp-content\/uploads\/2022\/08\/nuestra-gsastronomia-1170x658.jpg 1170w, https:\/\/dev-uw6ywhu.australis.com\/wp-content\/uploads\/2022\/08\/nuestra-gsastronomia-800x450.jpg 800w, https:\/\/dev-uw6ywhu.australis.com\/wp-content\/uploads\/2022\/08\/nuestra-gsastronomia-1920x1080.jpg 1920w\" sizes=\"(max-width: 2560px) 100vw, 2560px\" \/><\/div>[\/vc_column][\/vc_row][vc_row][vc_column width=&#8220;1\/6&#8243;][\/vc_column][vc_column width=&#8220;2\/3&#8243;]<h3 class=\"grve-element grve-title grve-align-center grve-animated-item grve-fadeIn grve-h4\" style=\"\" data-delay=\"200\"><span>Verpflegung an Bord<span class=\"grve-title-line grve-bg-primary-1\" style=\"width: 50px;height: 2px;\"><\/span><\/span><\/h3>[vc_column_text]<\/p>\n<p style=\"text-align: center;\"><b>Unser All-Inclusive-Angebot umfasst<\/b><\/p>\n<p>[\/vc_column_text][vc_column_text]<\/p>\n<p style=\"text-align: center; font-size: 7pt;\">Dr\u00fccken, um zu sehen<\/p>\n<p>[\/vc_column_text][vc_empty_space][vc_tta_accordion c_icon=&#8220;chevron&#8220; c_position=&#8220;right&#8220; active_section=&#8220;1&#8243;][vc_tta_section i_icon_fontawesome=&#8220;fas fa-mug-hot&#8220; add_icon=&#8220;true&#8220; title=&#8220;Fr\u00fchst\u00fcck&#8220; tab_id=&#8220;1659051364558-36f7f899-aa38&#8243;][vc_column_text]Ein internationales Buffet u. a. mit Eiern, frischem Obst, Fruchts\u00e4ften, M\u00fcsli, Brot und Feinb\u00e4ckerei (an Bord hergestellt), alles zur Selbstbedienung.[\/vc_column_text][\/vc_tta_section][vc_tta_section i_icon_fontawesome=&#8220;fas fa-utensils&#8220; add_icon=&#8220;true&#8220; title=&#8220;Mittag- und Abendessen&#8220; tab_id=&#8220;1659051364575-40faef9c-1a84&#8243;][vc_column_text]A la carte, bestehend aus zwei Optionen, die jeweils vorab konsultiert werden. Unsere Auswahl an Gerichten versucht, die wichtigsten lokalen Zutaten zu enthalten und sie mit internationalen und regionalen Rezepten zu verschmelzen.[\/vc_column_text][\/vc_tta_section][vc_tta_section i_icon_fontawesome=&#8220;fas fa-coffee&#8220; add_icon=&#8220;true&#8220; title=&#8220;Cafeteria&#8220; tab_id=&#8220;1659051469176-2f2f0604-5233&#8243;][vc_column_text]Unsere Cafeteria befindet sich in der Sky Lounge. Es handelt sich um ein Selbstbedienungslokal, welches gleich am Morgen f\u00fcr Fr\u00fchaufsteher verf\u00fcgbar ist, die vor der offiziellen Fr\u00fchst\u00fcckszeit in den Tag starten m\u00f6chten. Hier erwarten Sie Kaffee, Tee, Milch und Fruchts\u00e4fte sowie auch eine Auswahl an Feingeb\u00e4ck und Brot.[\/vc_column_text][\/vc_tta_section][vc_tta_section i_icon_fontawesome=&#8220;fas fa-glass-martini-alt&#8220; add_icon=&#8220;true&#8220; title=&#8220;Bar&#8220; tab_id=&#8220;1659051507357-8c2c0789-78df&#8220;][vc_column_text]Unsere Bar befindet sich in der Darwin Lounge. Hier werden Sie von unseren liebenswerten Barkeepern bedient, welche Ihnen die traditionellen internationalen Cocktails ebenso gerne mixen wie das typische lokale Getr\u00e4nk, den \u201emust drink\u201c Calafate sour. Auch eine Auswahl an nationalen Weinen und alkoholfreien Getr\u00e4nken steht zu Ihrer Verf\u00fcgung.[\/vc_column_text][\/vc_tta_section][\/vc_tta_accordion][\/vc_column][vc_column width=&#8220;1\/6&#8243;][\/vc_column][\/vc_row][vc_row bg_type=&#8220;color&#8220; footer_feature=&#8220;yes&#8220; bg_color=&#8220;#132f58&#8243; padding_top=&#8220;15px&#8220;][vc_column width=&#8220;1\/6&#8243;][\/vc_column][vc_column width=&#8220;2\/3&#8243;]<div class=\"grve-element grve-align-center grve-animated-item grve-fadeIn\" data-delay=\"200\"><a href=\"https:\/\/dev-uw6ywhu.australis.com\/de\/ventus-australis\/hauptmenue\/services-an-bord\/\" title=\"Sicherheit und Protokolle\" class=\"grve-btn grve-btn-small grve-square grve-bg-white grve-bg-hover-primary-2 grve-btn-line\"><span><i class=\"fas fa-reply\"><\/i>Zur\u00fcck<\/span><\/a><\/div>[\/vc_column][vc_column width=&#8220;1\/6&#8243;][\/vc_column][\/vc_row]<\/p>\n","protected":false},"excerpt":{"rendered":"<p>[vc_row bg_type=&#8220;color&#8220; header_feature=&#8220;yes&#8220; bg_color=&#8220;#132f58&#8243; padding_top=&#8220;15px&#8220;][vc_column width=&#8220;1\/6&#8243;][\/vc_column][vc_column width=&#8220;2\/3&#8243;][\/vc_column][vc_column width=&#8220;1\/6&#8243;][\/vc_column][\/vc_row][vc_row heading_color=&#8220;light&#8220; bg_type=&#8220;color&#8220; header_feature=&#8220;yes&#8220; font_color=&#8220;#ffffff&#8220; bg_color=&#8220;#132f58&#8243; padding_top=&#8220;5%&#8220; padding_bottom=&#8220;5%&#8220; margin_bottom=&#8220;0px&#8220;][vc_column width=&#8220;1\/6&#8243;][\/vc_column][vc_column width=&#8220;2\/3&#8243; tablet_sm_width=&#8220;1&#8243;][vc_column_text animation=&#8220;fadeIn&#8220;] Wussten Sie, dass der Lachs aus diesen Gefilden dank reinerem und frischerem Wasser mehr K\u00f6rperfett anlegt und daher viel besser schmeckt? Oder dass die Austern, die in diesen Gew\u00e4ssern aufwachsen, aufgrund der niedrigen Temperaturen keine [&hellip;]<\/p>\n","protected":false},"author":1,"featured_media":0,"parent":2849,"menu_order":0,"comment_status":"closed","ping_status":"closed","template":"","meta":{"inline_featured_image":false,"footnotes":""},"_links":{"self":[{"href":"https:\/\/dev-uw6ywhu.australis.com\/de\/wp-json\/wp\/v2\/pages\/2940"}],"collection":[{"href":"https:\/\/dev-uw6ywhu.australis.com\/de\/wp-json\/wp\/v2\/pages"}],"about":[{"href":"https:\/\/dev-uw6ywhu.australis.com\/de\/wp-json\/wp\/v2\/types\/page"}],"author":[{"embeddable":true,"href":"https:\/\/dev-uw6ywhu.australis.com\/de\/wp-json\/wp\/v2\/users\/1"}],"replies":[{"embeddable":true,"href":"https:\/\/dev-uw6ywhu.australis.com\/de\/wp-json\/wp\/v2\/comments?post=2940"}],"version-history":[{"count":7,"href":"https:\/\/dev-uw6ywhu.australis.com\/de\/wp-json\/wp\/v2\/pages\/2940\/revisions"}],"predecessor-version":[{"id":2999,"href":"https:\/\/dev-uw6ywhu.australis.com\/de\/wp-json\/wp\/v2\/pages\/2940\/revisions\/2999"}],"up":[{"embeddable":true,"href":"https:\/\/dev-uw6ywhu.australis.com\/de\/wp-json\/wp\/v2\/pages\/2849"}],"wp:attachment":[{"href":"https:\/\/dev-uw6ywhu.australis.com\/de\/wp-json\/wp\/v2\/media?parent=2940"}],"curies":[{"name":"wp","href":"https:\/\/api.w.org\/{rel}","templated":true}]}}