{"id":2946,"date":"2022-07-29T00:08:25","date_gmt":"2022-07-29T00:08:25","guid":{"rendered":"https:\/\/dev-uw6ywhu.australis.com\/ventus-australis\/hauptmenue\/nachhaltigkeit\/"},"modified":"2022-12-28T14:55:59","modified_gmt":"2022-12-28T14:55:59","slug":"nachhaltigkeit","status":"publish","type":"page","link":"https:\/\/dev-uw6ywhu.australis.com\/de\/ventus-australis\/hauptmenue\/nachhaltigkeit\/","title":{"rendered":"NACHHALTIGKEIT"},"content":{"rendered":"<p>[vc_row bg_type=&#8220;color&#8220; header_feature=&#8220;yes&#8220; bg_color=&#8220;#132f58&#8243; padding_top=&#8220;15px&#8220;][vc_column width=&#8220;1\/6&#8243;][\/vc_column][vc_column width=&#8220;2\/3&#8243;]<div class=\"grve-element grve-align-center grve-animated-item grve-fadeIn\" data-delay=\"200\"><a href=\"https:\/\/dev-uw6ywhu.australis.com\/de\/ventus-australis\/hauptmenue\/\" title=\"Sicherheit und Protokolle\" class=\"grve-btn grve-btn-small grve-square grve-bg-white grve-bg-hover-primary-2 grve-btn-line\"><span><i class=\"fas fa-reply\"><\/i>Zur\u00fcck<\/span><\/a><\/div>[\/vc_column][vc_column width=&#8220;1\/6&#8243;][\/vc_column][\/vc_row][vc_row heading_color=&#8220;light&#8220; bg_type=&#8220;color&#8220; header_feature=&#8220;yes&#8220; font_color=&#8220;#ffffff&#8220; bg_color=&#8220;#132f58&#8243; padding_top=&#8220;5%&#8220; padding_bottom=&#8220;5%&#8220; margin_bottom=&#8220;0px&#8220;][vc_column width=&#8220;1\/6&#8243;][\/vc_column][vc_column width=&#8220;2\/3&#8243; tablet_sm_width=&#8220;1&#8243;][vc_column_text animation=&#8220;fadeIn&#8220;]Was wir an unserer Route am allermeisten lieben, ist die unber\u00fchrte Natur. Und was wir an unserer Arbeit am allermeisten lieben ist die Tatsache, dass wir es als Kreuzfahrtunternehmen Passagieren aus aller Welt erm\u00f6glichen d\u00fcrfen, diesen atemberaubenden Teil Patagoniens absolut komfortabel und stilvoll zu bereisen, ohne die Urspr\u00fcnglichkeit der Natur dabei zu beeintr\u00e4chtigen.<\/p>\n<p>Seit wir 1990 begonnen haben in dieser Region Kreuzfahrten durchzuf\u00fchren, sind unsere Route und ihre Umgebung praktisch unver\u00e4ndert geblieben. Als kleines Kreuzfahrtunternehmen investieren wir all unsere Kraft darin, durch verantwortungsvolles und angemessenes Handeln schonenden, nicht-invasiven Tourismus anzubieten und damit weiterhin der Welt die Besonderheiten zeigen zu k\u00f6nnen, die einer der letzten noch nicht vom Menschen beschlagnahmten Winkel der Erde zu bieten hat.<\/p>\n<p>Eine unserer Priorit\u00e4ten besteht darin, uns so wenig wie m\u00f6glich in die Natur einzumischen und dennoch zu erm\u00f6glichen, dass unsere Passagiere mit ihr in Kontakt treten. Um dies erreichen zu k\u00f6nnen, haben wir viele Ma\u00dfnahmen ergriffen.[\/vc_column_text][vc_empty_space][\/vc_column][vc_column width=&#8220;1\/6&#8243;][\/vc_column][\/vc_row][vc_row heading_color=&#8220;light&#8220; bg_type=&#8220;image&#8220; bg_image=&#8220;977&#8243; pattern_overlay=&#8220;yes&#8220; color_overlay=&#8220;primary-1&#8243; opacity_overlay=&#8220;40&#8243; font_color=&#8220;#ffffff&#8220; padding_top=&#8220;15%&#8220; padding_bottom=&#8220;25%&#8220; margin_bottom=&#8220;0px&#8220;][vc_column width=&#8220;1\/6&#8243;][\/vc_column][vc_column width=&#8220;2\/3&#8243; tablet_sm_width=&#8220;1&#8243;]<h3 class=\"grve-element grve-title grve-align-center grve-animated-item grve-fadeInUp grve-h4\" style=\"\" data-delay=\"200\"><span>Wir scheuen keine M\u00fchen, damit dies die einzige Spur bleibt, die wir hinterlassen.<\/span><\/h3>[\/vc_column][vc_column width=&#8220;1\/6&#8243;][\/vc_column][\/vc_row][vc_row][vc_column width=&#8220;1\/6&#8243;][\/vc_column][vc_column width=&#8220;2\/3&#8243;][vc_empty_space]<h3 class=\"grve-element grve-title grve-align-center grve-animated-item grve-fadeIn grve-h4\" style=\"\" data-delay=\"200\"><span>Auf unseren Ausfl\u00fcgen<span class=\"grve-title-line grve-bg-primary-2\" style=\"width: 50px;height: 2px;\"><\/span><\/span><\/h3>[vc_column_text]Wir haben <strong>Wege aus Holz<\/strong> und andere umweltschonende Einrichtungen geschaffen, welche auf den Schutz der \u00d6kosysteme abzielen, die wir besuchen.[\/vc_column_text][vc_column_text]Die Ausstiege vom Schlauchboot auf den Strand erfolgen auf Stege, <strong>um Erosionen zu vermeiden.<\/strong>[\/vc_column_text][vc_column_text]Jeder Passagier muss <strong>vor und nach dem Verlassen des Bootes<\/strong> seine Schuhe mit einer Spezialfl\u00fcssigkeit reinigen, damit einer Verschleppung von Bakterien oder fremden Samen in den besuchten \u00d6kosystemen vorgebeugt werden kann.[\/vc_column_text][vc_column_text]Die Passagiere werden <strong>in kleine Gruppen aufgeteilt, um eine \u00dcberbeanspruchung zu vermeiden.<\/strong>[\/vc_column_text][vc_column_text]W\u00e4hrend der Ausfl\u00fcge ist es <strong>verboten zu rauchen<\/strong> sowie Essen oder dergleichen mitzuf\u00fchren, das in der besuchten Umgebung <strong>M\u00fcll verursachen k\u00f6nnte.<\/strong> [\/vc_column_text][vc_column_text]<strong>Unsere Guides erkennen und sammeln Abfall, den sie manchmal w\u00e4hrend der Ausfl\u00fcge finden.<\/strong> Dieser M\u00fcll wird haupts\u00e4chlich von der Meeresstr\u00f6mung angesp\u00fclt. Wir laden unsere Passagiere dazu ein, dies ebenfalls zu tun, sollten Sie etwas finden oder sehen. Damit k\u00f6nnen wir den besuchten Ort sogar noch besser hinterlassen, als wir ihn aufgefunden haben.[\/vc_column_text][vc_column_text]Vor und w\u00e4hrend der Ausfl\u00fcge sensibilisiert unser <strong>Team unsere Passagiere f\u00fcr die Natur<\/strong>, den angemessenen Abstand zur lokalen Tierwelt um diese nicht zu st\u00f6ren, die ausschlie\u00dfliche Benutzung der markierten Wege, die Bildung kleiner Gruppen mit unseren Guides, sowie das saubere Hinterlassen der Umwelt.[\/vc_column_text][vc_column_text]<strong>Wir recyceln den gesamten M\u00fcll,<\/strong> den wir in der K\u00fcche produzieren und wir behandeln alle organischen Abf\u00e4lle. Damit entsprechen wir den MARPOL-Standards, welche im Rahmen des Internationalen \u00dcbereinkommens zur Verh\u00fctung der Meeresverschmutzung durch Schiffe aufgestellt wurden \u2013 einem der wichtigsten \u00dcbereinkommen f\u00fcr den Umweltschutz der Meere.[\/vc_column_text][\/vc_column][vc_column width=&#8220;1\/6&#8243;][\/vc_column][\/vc_row][vc_row section_type=&#8220;fullwidth&#8220;][vc_column]<div class=\"grve-element grve-image grve-align-center\" style=\"\"><img width=\"2560\" height=\"1440\" src=\"https:\/\/dev-uw6ywhu.australis.com\/wp-content\/uploads\/2022\/07\/sustentabilidad2.jpg\" class=\"attachment-full size-full\" alt=\"\" decoding=\"async\" loading=\"lazy\" srcset=\"https:\/\/dev-uw6ywhu.australis.com\/wp-content\/uploads\/2022\/07\/sustentabilidad2.jpg 2560w, https:\/\/dev-uw6ywhu.australis.com\/wp-content\/uploads\/2022\/07\/sustentabilidad2-300x169.jpg 300w, https:\/\/dev-uw6ywhu.australis.com\/wp-content\/uploads\/2022\/07\/sustentabilidad2-1024x576.jpg 1024w, https:\/\/dev-uw6ywhu.australis.com\/wp-content\/uploads\/2022\/07\/sustentabilidad2-768x432.jpg 768w, https:\/\/dev-uw6ywhu.australis.com\/wp-content\/uploads\/2022\/07\/sustentabilidad2-1536x864.jpg 1536w, https:\/\/dev-uw6ywhu.australis.com\/wp-content\/uploads\/2022\/07\/sustentabilidad2-1170x658.jpg 1170w, https:\/\/dev-uw6ywhu.australis.com\/wp-content\/uploads\/2022\/07\/sustentabilidad2-800x450.jpg 800w, https:\/\/dev-uw6ywhu.australis.com\/wp-content\/uploads\/2022\/07\/sustentabilidad2-1920x1080.jpg 1920w\" sizes=\"(max-width: 2560px) 100vw, 2560px\" \/><\/div>[\/vc_column][\/vc_row][vc_row][vc_column width=&#8220;1\/6&#8243;][\/vc_column][vc_column width=&#8220;2\/3&#8243;][vc_empty_space]<h3 class=\"grve-element grve-title grve-align-center grve-animated-item grve-fadeIn grve-h4\" style=\"\" data-delay=\"200\"><span>An Bord<span class=\"grve-title-line grve-bg-primary-2\" style=\"width: 50px;height: 2px;\"><\/span><\/span><\/h3>[vc_column_text]<strong>Batterien<\/strong> werden an Bord gesammelt und an Land f\u00fcr die angemessene Behandlung \u00fcbergeben. Der gesamte <strong>feste Abfall wird getrennt, verdichtet und an Land abgeladen.<\/strong>[\/vc_column_text][vc_column_text]Jedes Schiff verf\u00fcgt in den Toiletten \u00fcber das VacuumSystem. Dieses System erm\u00f6glicht einen <strong>geringen Wasserverbrauch<\/strong> (\u00e4hnliches System wie in Flugzeugen).[\/vc_column_text][vc_column_text]Wir bitten <strong>unsere Passagiere<\/strong> stets um umweltbewussten <strong>Wasserverbrauch<\/strong> und empfehlen auch die Wiederverwendung der Handt\u00fccher, falls diese nicht gewaschen werden m\u00fcssen.[\/vc_column_text][vc_column_text]Unsere Schiffe verf\u00fcgen \u00fcber eine Abwasseraufbereitungsanlage (Sewage), welche auch das Wasser aus den B\u00e4dern und dem organischem M\u00fcll auff\u00e4ngt und damit den MARPOL-Standards entspricht.[\/vc_column_text][vc_column_text]Gem\u00e4\u00df den Vorgaben der IMO (International Maritime Organization) setzen wir die <strong>modernsten Technologien ein, um die Oxid-Emissionen zu verringern,<\/strong> die durch unsere Motoren und Generatoren verursacht werden.[\/vc_column_text][vc_column_text]2014 haben wir <strong>Plastikwasserflaschen ersetzt durch<\/strong> wiederverwendbare Feldflaschen, die wir unseren Passagieren als Souvenir in den Kabinen anbieten. Au\u00dferdem haben wir Wasserspender an unterschiedlichen Stellen an Bord angebracht. Damit k\u00f6nnen wir pro Saison die <strong>Verwendung von \u00fcber 75.000 Plastikflaschen<\/strong> umgehen.[\/vc_column_text][vc_column_text]Wir haben an Bord ein Intranet-System eingef\u00fchrt um unseren Passagieren t\u00e4glich Informationen und interessante Details mitzuteilen. Damit konnten wir den <strong>Papierverbrauch verringern<\/strong>, der durch die Verbreitung der Programmpunkte oder andere Kommunikation mit unseren Passagieren verursacht wurde.[\/vc_column_text][vc_column_text]<\/p>\n<p style=\"text-align: left;\">Und \u201elast but not least\u201c: Wir <strong>verbinden unser Unternehmen mit der Wissenschaft<\/strong> auf einzigartige Weise. Indem wir im Rahmen des Programms VCE (Vinculaci\u00f3n Ciencia &#8211; Empresa) partnerschaftlich mit Wissenschaftsorganisationen zusammenarbeiten. Wir arbeiten mit an der <strong>Analyse der Reaktionen unserer Umwelt auf den Klimawandel<\/strong>. Da wir die einzigen sind, die regelm\u00e4\u00dfig diese abgeschiedenen Orte besuchen, wurden unsere Guides daf\u00fcr ausgebildet, <strong>biologische Felddaten zu sammeln<\/strong>, strikte Protokolle zu befolgen f\u00fcr die wissenschaftliche \u00dcberwachung der Meereschemie, des Bl\u00fchens und der Entwicklung der heimischen Pflanzen, der Biodiversit\u00e4t der benthonischen K\u00fcste, der Z\u00e4hlung der Vogelpopulation, sowie auch f\u00fcr die Registrierung gefundener Abf\u00e4lle und <strong>die regelm\u00e4\u00dfige Berichterstattun<\/strong>g der gesammelten Daten. An diesen Prozessen k\u00f6nnen unsere Passagiere aktiv oder beobachtend teilnehmen, wodurch <strong>Bewusstsein erzeugt<\/strong> wird und eine <strong>Sensibilisierung<\/strong> daf\u00fcr erfolgt, wie wichtig es ist, unsere Umwelt zu sch\u00fctzen. K\u00fcrzlich \u00a0wurde in den <strong>Maschinenr\u00e4umen<\/strong> unserer Schiffe ein <strong>Sensor i<\/strong>nstalliert, der Proben aus dem Meereswasser entnimmt und eine gro\u00dfe Menge an Daten erzeugt. Damit wird <strong>Australis zur ersten Kreuzfahrtschiffgesellschaft, die in der S\u00fcdhalbkugel Meeresdaten aufzeichnet.<\/strong><\/p>\n<p>[\/vc_column_text][\/vc_column][vc_column width=&#8220;1\/6&#8243;][\/vc_column][\/vc_row][vc_row section_type=&#8220;fullwidth&#8220; margin_bottom=&#8220;0px&#8220;][vc_column]<div class=\"grve-element grve-image grve-align-center\" style=\"\"><img width=\"2560\" height=\"1440\" src=\"https:\/\/dev-uw6ywhu.australis.com\/wp-content\/uploads\/2022\/07\/sustentabilidad3.jpg\" class=\"attachment-full size-full\" alt=\"\" decoding=\"async\" loading=\"lazy\" srcset=\"https:\/\/dev-uw6ywhu.australis.com\/wp-content\/uploads\/2022\/07\/sustentabilidad3.jpg 2560w, https:\/\/dev-uw6ywhu.australis.com\/wp-content\/uploads\/2022\/07\/sustentabilidad3-300x169.jpg 300w, https:\/\/dev-uw6ywhu.australis.com\/wp-content\/uploads\/2022\/07\/sustentabilidad3-1024x576.jpg 1024w, https:\/\/dev-uw6ywhu.australis.com\/wp-content\/uploads\/2022\/07\/sustentabilidad3-768x432.jpg 768w, https:\/\/dev-uw6ywhu.australis.com\/wp-content\/uploads\/2022\/07\/sustentabilidad3-1536x864.jpg 1536w, https:\/\/dev-uw6ywhu.australis.com\/wp-content\/uploads\/2022\/07\/sustentabilidad3-1170x658.jpg 1170w, https:\/\/dev-uw6ywhu.australis.com\/wp-content\/uploads\/2022\/07\/sustentabilidad3-800x450.jpg 800w, https:\/\/dev-uw6ywhu.australis.com\/wp-content\/uploads\/2022\/07\/sustentabilidad3-1920x1080.jpg 1920w\" sizes=\"(max-width: 2560px) 100vw, 2560px\" \/><\/div>[\/vc_column][\/vc_row][vc_row heading_color=&#8220;light&#8220; bg_type=&#8220;color&#8220; font_color=&#8220;#ffffff&#8220; bg_color=&#8220;#132f58&#8243; padding_top=&#8220;5%&#8220; padding_bottom=&#8220;5%&#8220; margin_bottom=&#8220;0px&#8220;][vc_column width=&#8220;1\/6&#8243;][\/vc_column][vc_column width=&#8220;2\/3&#8243; tablet_sm_width=&#8220;1&#8243;][vc_column_text animation=&#8220;fadeIn&#8220;]Als <strong>kleines Kreuzfahrtunternehmen<\/strong> k\u00f6nnen <strong>wir in einer der unber\u00fchrtesten<\/strong> Regionen der Erde Tourismus anbieten, <strong>ohne dabei die Urspr\u00fcnglichkeit der Natur zu beeintr\u00e4chtigen.<\/strong> Wir verwenden die <strong>h\u00f6chsten technologischen Ma\u00dfst\u00e4be<\/strong> um <strong>unsere Auswirkungen<\/strong> auf die Umwelt zu reduzieren und sch\u00fctzen die \u00d6kosysteme der Orte, die wir besuchen: durch markierte Wege, Desinfizierung des Schuhwerks, M\u00fcllsammlung und Sensibilisierung unserer Passagiere. Au\u00dferdem unterst\u00fctzen wir die <strong>wissenschaftliche Forschung durch Proben<\/strong> aus Orten, die wissenschaftliche oder akademische Organisationen aufgrund ihrer Abgeschiedenheit nicht erreichen k\u00f6nnten. Unsere Guides stehen im permanenten Kontakt mit Wissenschaftlern um mehr \u00fcber die von uns besuchten Orte zu erfahren. Wir sind stets zur Zusammenarbeit mit der akademischen und wissenschaftlichen Gemeinschaft bereit.[\/vc_column_text][vc_empty_space][\/vc_column][vc_column width=&#8220;1\/6&#8243;][\/vc_column][\/vc_row][vc_row bg_type=&#8220;color&#8220; footer_feature=&#8220;yes&#8220; bg_color=&#8220;#132f58&#8243; padding_top=&#8220;15px&#8220; padding_bottom=&#8220;15px&#8220;][vc_column width=&#8220;1\/6&#8243;][\/vc_column][vc_column width=&#8220;2\/3&#8243;]<div class=\"grve-element grve-align-center grve-animated-item grve-fadeIn\" data-delay=\"200\"><a href=\"https:\/\/dev-uw6ywhu.australis.com\/de\/ventus-australis\/hauptmenue\/\" title=\"Hauptmen\u00fc\" class=\"grve-btn grve-btn-small grve-square grve-bg-white grve-bg-hover-primary-2 grve-btn-line\"><span><i class=\"fas fa-reply\"><\/i>Zur\u00fcck<\/span><\/a><\/div>[\/vc_column][vc_column width=&#8220;1\/6&#8243;][\/vc_column][\/vc_row]<\/p>\n","protected":false},"excerpt":{"rendered":"<p>[vc_row bg_type=&#8220;color&#8220; header_feature=&#8220;yes&#8220; bg_color=&#8220;#132f58&#8243; padding_top=&#8220;15px&#8220;][vc_column width=&#8220;1\/6&#8243;][\/vc_column][vc_column width=&#8220;2\/3&#8243;][\/vc_column][vc_column width=&#8220;1\/6&#8243;][\/vc_column][\/vc_row][vc_row heading_color=&#8220;light&#8220; bg_type=&#8220;color&#8220; header_feature=&#8220;yes&#8220; font_color=&#8220;#ffffff&#8220; bg_color=&#8220;#132f58&#8243; padding_top=&#8220;5%&#8220; padding_bottom=&#8220;5%&#8220; margin_bottom=&#8220;0px&#8220;][vc_column width=&#8220;1\/6&#8243;][\/vc_column][vc_column width=&#8220;2\/3&#8243; tablet_sm_width=&#8220;1&#8243;][vc_column_text animation=&#8220;fadeIn&#8220;]Was wir an unserer Route am allermeisten lieben, ist die unber\u00fchrte Natur. Und was wir an unserer Arbeit am allermeisten lieben ist die Tatsache, dass wir es als Kreuzfahrtunternehmen Passagieren aus aller Welt erm\u00f6glichen d\u00fcrfen, diesen [&hellip;]<\/p>\n","protected":false},"author":1,"featured_media":0,"parent":2830,"menu_order":0,"comment_status":"closed","ping_status":"closed","template":"","meta":{"inline_featured_image":false,"footnotes":""},"_links":{"self":[{"href":"https:\/\/dev-uw6ywhu.australis.com\/de\/wp-json\/wp\/v2\/pages\/2946"}],"collection":[{"href":"https:\/\/dev-uw6ywhu.australis.com\/de\/wp-json\/wp\/v2\/pages"}],"about":[{"href":"https:\/\/dev-uw6ywhu.australis.com\/de\/wp-json\/wp\/v2\/types\/page"}],"author":[{"embeddable":true,"href":"https:\/\/dev-uw6ywhu.australis.com\/de\/wp-json\/wp\/v2\/users\/1"}],"replies":[{"embeddable":true,"href":"https:\/\/dev-uw6ywhu.australis.com\/de\/wp-json\/wp\/v2\/comments?post=2946"}],"version-history":[{"count":8,"href":"https:\/\/dev-uw6ywhu.australis.com\/de\/wp-json\/wp\/v2\/pages\/2946\/revisions"}],"predecessor-version":[{"id":3097,"href":"https:\/\/dev-uw6ywhu.australis.com\/de\/wp-json\/wp\/v2\/pages\/2946\/revisions\/3097"}],"up":[{"embeddable":true,"href":"https:\/\/dev-uw6ywhu.australis.com\/de\/wp-json\/wp\/v2\/pages\/2830"}],"wp:attachment":[{"href":"https:\/\/dev-uw6ywhu.australis.com\/de\/wp-json\/wp\/v2\/media?parent=2946"}],"curies":[{"name":"wp","href":"https:\/\/api.w.org\/{rel}","templated":true}]}}