{"id":3005,"date":"2022-07-09T02:01:45","date_gmt":"2022-07-09T02:01:45","guid":{"rendered":"https:\/\/dev-uw6ywhu.australis.com\/ventus-australis\/hauptmenue\/sicherheit-und-protokolle\/hygieneprotokoll\/"},"modified":"2022-12-28T15:57:08","modified_gmt":"2022-12-28T15:57:08","slug":"hygieneprotokoll","status":"publish","type":"page","link":"https:\/\/dev-uw6ywhu.australis.com\/de\/ventus-australis\/hauptmenue\/sicherheit-und-protokolle\/hygieneprotokoll\/","title":{"rendered":"HYGIENEPROTOKOLL"},"content":{"rendered":"<p>[vc_row bg_type=&#8220;color&#8220; header_feature=&#8220;yes&#8220; bg_color=&#8220;#132f58&#8243; padding_top=&#8220;15px&#8220;][vc_column width=&#8220;1\/6&#8243;][\/vc_column][vc_column width=&#8220;2\/3&#8243;]<div class=\"grve-element grve-align-center grve-animated-item grve-fadeIn\" data-delay=\"200\"><a href=\"https:\/\/dev-uw6ywhu.australis.com\/de\/ventus-australis\/hauptmenue\/sicherheit-und-protokolle\/\" title=\"Sicherheit und Protokolle\" class=\"grve-btn grve-btn-small grve-square grve-bg-white grve-bg-hover-primary-2 grve-btn-line\"><span><i class=\"fas fa-reply\"><\/i>Zur\u00fcck<\/span><\/a><\/div>[\/vc_column][vc_column width=&#8220;1\/6&#8243;][\/vc_column][\/vc_row][vc_row heading_color=&#8220;light&#8220; bg_type=&#8220;color&#8220; header_feature=&#8220;yes&#8220; font_color=&#8220;#ffffff&#8220; bg_color=&#8220;#132f58&#8243; padding_top=&#8220;5%&#8220; padding_bottom=&#8220;5%&#8220; margin_bottom=&#8220;0px&#8220;][vc_column width=&#8220;1\/6&#8243;][\/vc_column][vc_column width=&#8220;2\/3&#8243; tablet_sm_width=&#8220;1&#8243;][vc_column_text animation=&#8220;fadeIn&#8220;]<\/p>\n<p style=\"text-align: center;\">Liebe G\u00e4ste,<\/p>\n<p style=\"text-align: center;\">Um Ihnen w\u00e4hrend Ihres Aufenthalts ein unvergessliches und sicheres Erlebnis zu bieten, empfehlen wir, die unten vorgeschlagenen Hygienema\u00dfnahmen einzuhalten. Diese wurden auf der Grundlage lokaler und internationaler Vorschriften ausgearbeitet. Sie zielen darauf ab, f\u00fcreinander zu sorgen, um die Gesundheitssicherheit unserer Passagiere und unserer Crew zu gew\u00e4hrleisten. Nachfolgend beschreiben wir, wie das Leben an Bord in dieser Saison empfohlen wird:<\/p>\n<p style=\"text-align: center;\">Als n\u00e4chstes beschreiben wir, wie wir das Leben an Bord in dieser Saison empfehlen:<\/p>\n<p>[\/vc_column_text][vc_empty_space][\/vc_column][vc_column width=&#8220;1\/6&#8243;][\/vc_column][\/vc_row][vc_row section_type=&#8220;fullwidth&#8220;][vc_column]<div class=\"grve-element grve-image grve-align-center\" style=\"\"><img width=\"2560\" height=\"1440\" src=\"https:\/\/dev-uw6ywhu.australis.com\/wp-content\/uploads\/2022\/07\/protocolo-ventus-2.jpg\" class=\"attachment-full size-full\" alt=\"\" decoding=\"async\" loading=\"lazy\" srcset=\"https:\/\/dev-uw6ywhu.australis.com\/wp-content\/uploads\/2022\/07\/protocolo-ventus-2.jpg 2560w, https:\/\/dev-uw6ywhu.australis.com\/wp-content\/uploads\/2022\/07\/protocolo-ventus-2-300x169.jpg 300w, https:\/\/dev-uw6ywhu.australis.com\/wp-content\/uploads\/2022\/07\/protocolo-ventus-2-1024x576.jpg 1024w, https:\/\/dev-uw6ywhu.australis.com\/wp-content\/uploads\/2022\/07\/protocolo-ventus-2-768x432.jpg 768w, https:\/\/dev-uw6ywhu.australis.com\/wp-content\/uploads\/2022\/07\/protocolo-ventus-2-1536x864.jpg 1536w, https:\/\/dev-uw6ywhu.australis.com\/wp-content\/uploads\/2022\/07\/protocolo-ventus-2-1170x658.jpg 1170w, https:\/\/dev-uw6ywhu.australis.com\/wp-content\/uploads\/2022\/07\/protocolo-ventus-2-800x450.jpg 800w, https:\/\/dev-uw6ywhu.australis.com\/wp-content\/uploads\/2022\/07\/protocolo-ventus-2-1920x1080.jpg 1920w\" sizes=\"(max-width: 2560px) 100vw, 2560px\" \/><\/div>[\/vc_column][\/vc_row][vc_row][vc_column width=&#8220;1\/6&#8243;][\/vc_column][vc_column width=&#8220;2\/3&#8243;]<h3 class=\"grve-element grve-title grve-align-center grve-animated-item grve-fadeIn grve-h4\" style=\"\" data-delay=\"200\"><span>An Bord<span class=\"grve-title-line grve-bg-primary-1\" style=\"width: 50px;height: 2px;\"><\/span><\/span><\/h3>[vc_column_text]<\/p>\n<p style=\"text-align: center; font-size: 7pt;\">Zum Ansehen wischen<\/p>\n<p>[\/vc_column_text]<div class=\"grve-element grve-carousel-wrapper grve-with-gap grve-carousel-pagination-1\" style=\"\"><div class=\"grve-carousel-navigation grve-dark grve-navigation-4 grve-navigation-carousel\">\t<div class=\"grve-carousel-buttons\">\t\t<div class=\"grve-carousel-prev\">\t\t\t<i class=\"grve-icon-arrow-left\"><\/i>\t\t<\/div>\t\t<div class=\"grve-carousel-next\">\t\t\t<i class=\"grve-icon-arrow-right\"><\/i>\t\t<\/div>\t<\/div><\/div>\t<div class=\"grve-flexible-carousel grve-carousel-element \" data-items=\"1\" data-tablet-landscape-items=\"1\" data-tablet-portrait-items=\"1\" data-mobile-items=\"1\" data-slider-speed=\"3000\" data-pagination-speed=\"400\" data-pagination=\"yes\" data-slider-autoheight=\"yes\" data-slider-pause=\"no\" data-slider-autoplay=\"no\">[vc_column_text]<\/p>\n<p style=\"text-align: center;\"><i class=\"fas fa-mask-face fa-icono\"><\/i><\/p>\n<p style=\"text-align: center;\">An der Rezeption erhalten Sie auf Nachfrage <strong>einen Kit<\/strong> mit Masken.<\/p>\n<p>[\/vc_column_text][vc_column_text]<\/p>\n<p style=\"text-align: center;\"><i class=\"fas fa-mask-face fa-icono\"><\/i><\/p>\n<p style=\"text-align: center;\"><strong>Die Verwendung einer Maske wird an allen geschlossenen, \u00f6ffentlichen Orten der Kreuzfahrt empfohlen<\/strong>, au\u00dfer wenn sie w\u00e4hrend der Essens- und Barservices an ihren Tischen sitzen. Auch beim Betreten, Verlassen und Bewegen innerhalb des Speisesaals und der Bar wird die Verwendung einer Maske empfohlen.<\/p>\n<p>[\/vc_column_text][vc_column_text]<\/p>\n<p style=\"text-align: center;\"><i class=\"fas fa-people-arrows fa-icono\"><\/i><\/p>\n<p style=\"text-align: center;\">Im Speisesaal und in den Lounges wird empfohlen, einen <strong>angemessenen Abstand<\/strong> zu Mitreisenden einzuhalten.<\/p>\n<p>[\/vc_column_text][vc_column_text]<\/p>\n<p style=\"text-align: center;\"><i class=\"fas fa-hands-bubbles fa-icono\"><\/i><\/p>\n<p style=\"text-align: center;\">Denken Sie daran, <strong>sich st\u00e4ndig die H\u00e4nde zu waschen.<\/strong> In allen Korridoren, Lounges und Gemeinschaftsbereichen finden Sie auch ber\u00fchrungslose <strong>Alkohol-Gelspender.<\/strong><\/p>\n<p>[\/vc_column_text][vc_column_text]<\/p>\n<p style=\"text-align: center;\"><i class=\"fas fa-trash-can fa-icono\"><\/i><\/p>\n<p style=\"text-align: center;\">Alle pers\u00f6nlichen Schutzmittel m\u00fcssen in den M\u00fclleimern <strong>entsorgt<\/strong> werden, die sich in verschiedenen Sektoren unseres Schiffes befinden. Falls Sie solchen Abfall au\u00dferhalb dieser M\u00fclleimer finden, informieren Sie bitte umgehend die Besatzung, damit wir uns um die <strong>ordnungsgem\u00e4\u00dfe Entsorgung<\/strong> k\u00fcmmern k\u00f6nnen. Es ist uns wichtig, sicherzustellen, dass kein Abfall oder pers\u00f6nliche Schutzgegenst\u00e4nde unser unber\u00fchrtes Patagonien verunreinigen.<\/p>\n<p>[\/vc_column_text][vc_column_text]<\/p>\n<p style=\"text-align: center;\"><i class=\"fas fa-calendar fa-icono\"><\/i><\/p>\n<p style=\"text-align: center;\">Bitte <strong>beachten Sie die Zeiten<\/strong> und Orte der Gespr\u00e4che und Aktivit\u00e4ten an Bord, da diese zu <strong>unterschiedlichen oder gleichzeitigen Zeiten sowie auch in verschiedenen R\u00e4umen auf dem Schiff<\/strong> stattfinden k\u00f6nnen.<\/p>\n<p>[\/vc_column_text]\t<\/div><\/div>[\/vc_column][vc_column width=&#8220;1\/6&#8243;][\/vc_column][\/vc_row][vc_row section_type=&#8220;fullwidth&#8220; margin_bottom=&#8220;0px&#8220;][vc_column]<div class=\"grve-element grve-image grve-animated-item grve-fadeInUp grve-align-center\" style=\"\" data-delay=\"200\"><img width=\"2560\" height=\"1440\" src=\"https:\/\/dev-uw6ywhu.australis.com\/wp-content\/uploads\/2022\/07\/protocolo-ventus-3-1.jpg\" class=\"attachment-full size-full\" alt=\"\" decoding=\"async\" loading=\"lazy\" srcset=\"https:\/\/dev-uw6ywhu.australis.com\/wp-content\/uploads\/2022\/07\/protocolo-ventus-3-1.jpg 2560w, https:\/\/dev-uw6ywhu.australis.com\/wp-content\/uploads\/2022\/07\/protocolo-ventus-3-1-300x169.jpg 300w, https:\/\/dev-uw6ywhu.australis.com\/wp-content\/uploads\/2022\/07\/protocolo-ventus-3-1-1024x576.jpg 1024w, https:\/\/dev-uw6ywhu.australis.com\/wp-content\/uploads\/2022\/07\/protocolo-ventus-3-1-768x432.jpg 768w, https:\/\/dev-uw6ywhu.australis.com\/wp-content\/uploads\/2022\/07\/protocolo-ventus-3-1-1536x864.jpg 1536w, https:\/\/dev-uw6ywhu.australis.com\/wp-content\/uploads\/2022\/07\/protocolo-ventus-3-1-1170x658.jpg 1170w, https:\/\/dev-uw6ywhu.australis.com\/wp-content\/uploads\/2022\/07\/protocolo-ventus-3-1-800x450.jpg 800w, https:\/\/dev-uw6ywhu.australis.com\/wp-content\/uploads\/2022\/07\/protocolo-ventus-3-1-1920x1080.jpg 1920w\" sizes=\"(max-width: 2560px) 100vw, 2560px\" \/><\/div>[\/vc_column][\/vc_row][vc_row heading_color=&#8220;light&#8220; bg_type=&#8220;image&#8220; bg_image=&#8220;735&#8243; bg_position=&#8220;center-top&#8220; pattern_overlay=&#8220;yes&#8220; color_overlay=&#8220;primary-1&#8243; opacity_overlay=&#8220;80&#8243; font_color=&#8220;#ffffff&#8220; padding_bottom=&#8220;10%&#8220; padding_top=&#8220;10%&#8220; margin_bottom=&#8220;0px&#8220;][vc_column width=&#8220;1\/6&#8243;][\/vc_column][vc_column width=&#8220;2\/3&#8243;]<h3 class=\"grve-element grve-title grve-align-center grve-animated-item grve-fadeInDown grve-h4\" style=\"\" data-delay=\"200\"><span>W\u00e4hrend der Ausfl\u00fcge<span class=\"grve-title-line grve-bg-primary-2\" style=\"width: 50px;height: 2px;\"><\/span><\/span><\/h3>[vc_column_text]<\/p>\n<p style=\"text-align: center; font-size: 7pt;\">Zum Ansehen wischen<\/p>\n<p>[\/vc_column_text]<div class=\"grve-element grve-carousel-wrapper grve-with-gap grve-carousel-pagination-1\" style=\"\"><div class=\"grve-carousel-navigation grve-light grve-navigation-1 grve-navigation-carousel\">\t<div class=\"grve-carousel-buttons\">\t\t<div class=\"grve-carousel-prev\">\t\t\t<i class=\"grve-icon-arrow-left-alt\"><\/i>\t\t<\/div>\t\t<div class=\"grve-carousel-next\">\t\t\t<i class=\"grve-icon-arrow-right-alt\"><\/i>\t\t<\/div>\t<\/div><\/div>\t<div class=\"grve-flexible-carousel grve-carousel-element \" data-items=\"1\" data-tablet-landscape-items=\"1\" data-tablet-portrait-items=\"1\" data-mobile-items=\"1\" data-slider-speed=\"3000\" data-pagination-speed=\"400\" data-pagination=\"yes\" data-slider-autoheight=\"no\" data-slider-pause=\"yes\" data-slider-autoplay=\"no\"><div class=\"grve-element grve-box-icon grve-align-center grve-large\" style=\"\"><div class=\"grve-image-icon\"><img width=\"1\" height=\"1\" src=\"https:\/\/dev-uw6ywhu.australis.com\/wp-content\/uploads\/2022\/07\/protocolo-sanitario-exp-01.svg\" class=\"attachment-full size-full\" alt=\"\" decoding=\"async\" srcset=\"\" loading=\"lazy\" \/><\/div>  <div class=\"grve-box-content\">    <p class=\"\">Die Verwendung einer Maske ist w\u00e4hrend des Transfers in den Zodiac-Booten <strong>optional.<\/strong> <\/p>  <\/div><\/div><div class=\"grve-element grve-box-icon grve-align-center grve-large\" style=\"\"><div class=\"grve-image-icon\"><img width=\"1\" height=\"1\" src=\"https:\/\/dev-uw6ywhu.australis.com\/wp-content\/uploads\/2022\/07\/protocolo-sanitario-exp-02.svg\" class=\"attachment-full size-full\" alt=\"\" decoding=\"async\" srcset=\"\" loading=\"lazy\" \/><\/div>  <div class=\"grve-box-content\">    <p class=\"\"><strong>Landungen<\/strong> in Zodiac-Booten k\u00f6nnen <strong>sich verz\u00f6gern und die Anzahl der Passagiere pro Fahrt begrenzen.<\/strong><\/p>  <\/div><\/div><div class=\"grve-element grve-box-icon grve-align-center grve-large\" style=\"\"><div class=\"grve-image-icon\"><img width=\"1\" height=\"1\" src=\"https:\/\/dev-uw6ywhu.australis.com\/wp-content\/uploads\/2022\/07\/protocolo-sanitario-exp-03.svg\" class=\"attachment-full size-full\" alt=\"\" decoding=\"async\" srcset=\"\" loading=\"lazy\" \/><\/div>  <div class=\"grve-box-content\">    <p class=\"\">Sobald Sie an Land sind, ist <strong>die Verwendung der Maske<\/strong> freiwillig, da Sie sich im <strong>Freien<\/strong> aufhalten. Es wird empfohlen, einen <strong>angemessenen Abstand<\/strong> zwischen Mitwanderern einzuhalten.<\/p>  <\/div><\/div><div class=\"grve-element grve-box-icon grve-align-center grve-large\" style=\"\"><div class=\"grve-image-icon\"><img width=\"1\" height=\"1\" src=\"https:\/\/dev-uw6ywhu.australis.com\/wp-content\/uploads\/2022\/07\/protocolo-sanitario-exp-04.svg\" class=\"attachment-full size-full\" alt=\"\" decoding=\"async\" srcset=\"\" loading=\"lazy\" \/><\/div>  <div class=\"grve-box-content\">    <p class=\"\">Die korrekte <strong>Verwendung der Maske<\/strong> wird jedes Mal <strong>vorgeschlagen<\/strong>, wenn sich die Gruppe trifft, um Anweisungen und Erkl\u00e4rungen von unserem Expeditionsguide zu erhalten, insbesondere wenn die Bedingungen \u2013 sei es aufgrund des Windes oder aus anderen Gr\u00fcnden \u2013 einen geringeren Abstand zwischen dem Reiseleiter und den Passagieren erfordern.<\/p>  <\/div><\/div><div class=\"grve-element grve-box-icon grve-align-center grve-large\" style=\"\"><div class=\"grve-image-icon\"><img width=\"1\" height=\"1\" src=\"https:\/\/dev-uw6ywhu.australis.com\/wp-content\/uploads\/2022\/07\/protocolo-sanitario-exp-05-1.svg\" class=\"attachment-full size-full\" alt=\"\" decoding=\"async\" srcset=\"\" loading=\"lazy\" \/><\/div>  <div class=\"grve-box-content\">    <p class=\"\"><strong>*In dieser Umgebung, in der der Wind besonders stark weht, bitten wir Sie, besonders vorsichtig mit Ihren Masken umzugehen und sie mit Maskenhaltern, in pers\u00f6nlichen Taschen oder in Kleidungstaschen gegen ein Wegfliegen zu sichern.<\/strong><\/p>  <\/div><\/div>\t<\/div><\/div>[\/vc_column][vc_column width=&#8220;1\/6&#8243;][\/vc_column][\/vc_row][vc_row padding_top=&#8220;5%&#8220; padding_bottom=&#8220;5%&#8220;][vc_column width=&#8220;1\/6&#8243;][\/vc_column][vc_column width=&#8220;2\/3&#8243;]<h3 class=\"grve-element grve-title grve-align-center grve-animated-item grve-fadeInDown grve-h4\" style=\"\" data-delay=\"200\"><span>ZUS\u00c4TZLICHE PR\u00c4VENTIVE MASSNAHMEN<span class=\"grve-title-line grve-bg-primary-3\" style=\"width: 50px;height: 2px;\"><\/span><\/span><\/h3>[vc_column_text animation=&#8220;fadeIn&#8220;]Das Kreuzfahrtschiff <strong>verf\u00fcgt \u00fcber ein Bel\u00fcftungssystem<\/strong>, das auf der Technologie der bipolaren Ionisationsger\u00e4te (Plasma Air) basiert. Es handelt sich um in den L\u00fcftungskan\u00e4len installierte Luftfilter, <strong>die eine 99-prozentige Verringerung der Viruslast f\u00fcr COVID-19<\/strong> in der Luft und 80 % auf Oberfl\u00e4chen gew\u00e4hrleisten.<\/p>\n<p><strong>Die Reinigungs- und Desinfektionsprozesse<\/strong> aller Bereiche unseres Schiffes wurden weiter verst\u00e4rkt. Nach jeder Aktivit\u00e4t und am Ende eines jeden Tages werden die Lounges und Gemeinschaftsbereiche ordnungsgem\u00e4\u00df gereinigt und mit zertifizierten Produkten desinfiziert.[\/vc_column_text][\/vc_column][vc_column width=&#8220;1\/6&#8243;][\/vc_column][\/vc_row][vc_row section_type=&#8220;fullwidth&#8220; margin_bottom=&#8220;0px&#8220;][vc_column]<div class=\"grve-element grve-image grve-align-center\" style=\"\"><img width=\"2560\" height=\"1440\" src=\"https:\/\/dev-uw6ywhu.australis.com\/wp-content\/uploads\/2022\/07\/protocolo-ventus-4.jpg\" class=\"attachment-full size-full\" alt=\"\" decoding=\"async\" loading=\"lazy\" srcset=\"https:\/\/dev-uw6ywhu.australis.com\/wp-content\/uploads\/2022\/07\/protocolo-ventus-4.jpg 2560w, https:\/\/dev-uw6ywhu.australis.com\/wp-content\/uploads\/2022\/07\/protocolo-ventus-4-300x169.jpg 300w, https:\/\/dev-uw6ywhu.australis.com\/wp-content\/uploads\/2022\/07\/protocolo-ventus-4-1024x576.jpg 1024w, https:\/\/dev-uw6ywhu.australis.com\/wp-content\/uploads\/2022\/07\/protocolo-ventus-4-768x432.jpg 768w, https:\/\/dev-uw6ywhu.australis.com\/wp-content\/uploads\/2022\/07\/protocolo-ventus-4-1536x864.jpg 1536w, https:\/\/dev-uw6ywhu.australis.com\/wp-content\/uploads\/2022\/07\/protocolo-ventus-4-1170x658.jpg 1170w, https:\/\/dev-uw6ywhu.australis.com\/wp-content\/uploads\/2022\/07\/protocolo-ventus-4-800x450.jpg 800w, https:\/\/dev-uw6ywhu.australis.com\/wp-content\/uploads\/2022\/07\/protocolo-ventus-4-1920x1080.jpg 1920w\" sizes=\"(max-width: 2560px) 100vw, 2560px\" \/><\/div>[\/vc_column][\/vc_row][vc_row heading_color=&#8220;light&#8220; bg_type=&#8220;color&#8220; padding_top=&#8220;10%&#8220; font_color=&#8220;#ffffff&#8220; bg_color=&#8220;#132f58&#8243; padding_bottom=&#8220;5%&#8220; margin_bottom=&#8220;0px&#8220;][vc_column width=&#8220;1\/6&#8243;][\/vc_column][vc_column width=&#8220;2\/3&#8243;]<h3 class=\"grve-element grve-title grve-align-center grve-animated-item grve-fadeInDown grve-h4\" style=\"\" data-delay=\"200\"><span>\u00a1Vielen Dank!<\/span><\/h3>[vc_column_text animation=&#8220;fadeIn&#8220;]<\/p>\n<p style=\"text-align: center;\">An Sie alle, dass Sie Teil dieser sicheren R\u00fcckkehr zum Reisen, in die Natur und ins unber\u00fchrte Patagonien sind.<\/p>\n<p style=\"text-align: center;\">Lassen Sie uns aufeinander Acht geben, indem wir diese grundlegenden Ma\u00dfnahmen befolgen und helfen Sie uns mehr denn je, auf unsere Natur zu achten. Eine der vielen negativen Auswirkungen dieser Pandemie ist die Erzeugung von zus\u00e4tzlichen hygienischen Abf\u00e4llen, f\u00fcr die wir auf der Forderung nach Verantwortung bestehen. Wir m\u00f6chten, dass die Auswirkungen unserer Landbesuche nicht wahrnehmbar bleiben.<\/p>\n<p style=\"text-align: center;\">Der Zauber Patagoniens bleibt erhalten. Es liegt an uns, dass dies so bleibt.<\/p>\n<p>[\/vc_column_text][vc_column_text text_style=&#8220;leader-text&#8220; animation=&#8220;fadeIn&#8220;]<\/p>\n<p style=\"text-align: center;\">Willkommen an Bord!<\/p>\n<p>[\/vc_column_text][\/vc_column][vc_column width=&#8220;1\/6&#8243;][\/vc_column][\/vc_row][vc_row bg_type=&#8220;color&#8220; footer_feature=&#8220;yes&#8220; bg_color=&#8220;#132f58&#8243; padding_top=&#8220;15px&#8220; padding_bottom=&#8220;15px&#8220;][vc_column width=&#8220;1\/6&#8243;][\/vc_column][vc_column width=&#8220;2\/3&#8243;]<div class=\"grve-element grve-align-center grve-animated-item grve-fadeIn\" data-delay=\"200\"><a href=\"https:\/\/dev-uw6ywhu.australis.com\/de\/ventus-australis\/hauptmenue\/sicherheit-und-protokolle\/\" title=\"Sicherheit und Protokolle\" class=\"grve-btn grve-btn-small grve-square grve-bg-white grve-bg-hover-primary-2 grve-btn-line\"><span><i class=\"fas fa-reply\"><\/i>Zur\u00fcck<\/span><\/a><\/div>[\/vc_column][vc_column width=&#8220;1\/6&#8243;][\/vc_column][\/vc_row]<\/p>\n","protected":false},"excerpt":{"rendered":"<p>[vc_row bg_type=&#8220;color&#8220; header_feature=&#8220;yes&#8220; bg_color=&#8220;#132f58&#8243; padding_top=&#8220;15px&#8220;][vc_column width=&#8220;1\/6&#8243;][\/vc_column][vc_column width=&#8220;2\/3&#8243;][\/vc_column][vc_column width=&#8220;1\/6&#8243;][\/vc_column][\/vc_row][vc_row heading_color=&#8220;light&#8220; bg_type=&#8220;color&#8220; header_feature=&#8220;yes&#8220; font_color=&#8220;#ffffff&#8220; bg_color=&#8220;#132f58&#8243; padding_top=&#8220;5%&#8220; padding_bottom=&#8220;5%&#8220; margin_bottom=&#8220;0px&#8220;][vc_column width=&#8220;1\/6&#8243;][\/vc_column][vc_column width=&#8220;2\/3&#8243; tablet_sm_width=&#8220;1&#8243;][vc_column_text animation=&#8220;fadeIn&#8220;] Liebe G\u00e4ste, Um Ihnen w\u00e4hrend Ihres Aufenthalts ein unvergessliches und sicheres Erlebnis zu bieten, empfehlen wir, die unten vorgeschlagenen Hygienema\u00dfnahmen einzuhalten. Diese wurden auf der Grundlage lokaler und internationaler Vorschriften ausgearbeitet. Sie zielen darauf ab, [&hellip;]<\/p>\n","protected":false},"author":1,"featured_media":0,"parent":2819,"menu_order":0,"comment_status":"closed","ping_status":"closed","template":"","meta":{"inline_featured_image":false,"footnotes":""},"_links":{"self":[{"href":"https:\/\/dev-uw6ywhu.australis.com\/de\/wp-json\/wp\/v2\/pages\/3005"}],"collection":[{"href":"https:\/\/dev-uw6ywhu.australis.com\/de\/wp-json\/wp\/v2\/pages"}],"about":[{"href":"https:\/\/dev-uw6ywhu.australis.com\/de\/wp-json\/wp\/v2\/types\/page"}],"author":[{"embeddable":true,"href":"https:\/\/dev-uw6ywhu.australis.com\/de\/wp-json\/wp\/v2\/users\/1"}],"replies":[{"embeddable":true,"href":"https:\/\/dev-uw6ywhu.australis.com\/de\/wp-json\/wp\/v2\/comments?post=3005"}],"version-history":[{"count":5,"href":"https:\/\/dev-uw6ywhu.australis.com\/de\/wp-json\/wp\/v2\/pages\/3005\/revisions"}],"predecessor-version":[{"id":3100,"href":"https:\/\/dev-uw6ywhu.australis.com\/de\/wp-json\/wp\/v2\/pages\/3005\/revisions\/3100"}],"up":[{"embeddable":true,"href":"https:\/\/dev-uw6ywhu.australis.com\/de\/wp-json\/wp\/v2\/pages\/2819"}],"wp:attachment":[{"href":"https:\/\/dev-uw6ywhu.australis.com\/de\/wp-json\/wp\/v2\/media?parent=3005"}],"curies":[{"name":"wp","href":"https:\/\/api.w.org\/{rel}","templated":true}]}}