{"id":3038,"date":"2022-07-05T23:29:11","date_gmt":"2022-07-05T23:29:11","guid":{"rendered":"https:\/\/dev-uw6ywhu.australis.com\/ventus-australis\/hauptmenue\/sicherheit-und-protokolle\/unser-schiff\/"},"modified":"2023-01-04T15:58:33","modified_gmt":"2023-01-04T15:58:33","slug":"unser-schiff","status":"publish","type":"page","link":"https:\/\/dev-uw6ywhu.australis.com\/de\/ventus-australis\/hauptmenue\/sicherheit-und-protokolle\/unser-schiff\/","title":{"rendered":"UNSER SCHIFF"},"content":{"rendered":"<p>[vc_row bg_type=&#8220;color&#8220; header_feature=&#8220;yes&#8220; bg_color=&#8220;#132f58&#8243; padding_top=&#8220;15px&#8220;][vc_column width=&#8220;1\/6&#8243;][\/vc_column][vc_column width=&#8220;2\/3&#8243;]<div class=\"grve-element grve-align-center grve-animated-item grve-fadeIn\" data-delay=\"200\"><a href=\"https:\/\/dev-uw6ywhu.australis.com\/de\/ventus-australis\/hauptmenue\/sicherheit-und-protokolle\/\" title=\"Sicherheit und Protokolle\" class=\"grve-btn grve-btn-small grve-square grve-bg-white grve-bg-hover-primary-2 grve-btn-line\"><span><i class=\"fas fa-reply\"><\/i>Zur\u00fcck<\/span><\/a><\/div>[\/vc_column][vc_column width=&#8220;1\/6&#8243;][\/vc_column][\/vc_row][vc_row][vc_column width=&#8220;1\/6&#8243;][\/vc_column][vc_column width=&#8220;2\/3&#8243;][vc_column_text animation=&#8220;fadeIn&#8220;]<\/p>\n<p style=\"text-align: center;\">Dieses Kreuzfahrtschiff wurde speziell f\u00fcr Australis entworfen und verf\u00fcgt \u00fcber die optimalen Dimensionen und Eigenschaften, um darauf die einzigartige Landschaft von Feuerland zu befahren \u2013 die Kan\u00e4le mit ihrer geringen Tiefe, die Fjorde mit ihrer schmalen Breite. Gebaut wurde es im chilenischen Valdivia in einer der namhaftesten Werften der Region. Das spezifische Schifffahrtszubeh\u00f6r sowie die Ger\u00e4te des Maschinenraums wurden aus unterschiedlichen L\u00e4ndern importiert, wobei bei der Auswahl der Lieferanten auf h\u00f6chste Standards in den Bereichen Sicherheit und Nachhaltigkeit geachtet wurde.<\/p>\n<p>[\/vc_column_text][vc_empty_space]<h3 class=\"grve-element grve-title grve-align-center grve-animated-item grve-fadeInDown grve-h4\" style=\"\" data-delay=\"200\"><span>Spezifikationen<span class=\"grve-title-line grve-bg-primary-1\" style=\"width: 50px;height: 2px;\"><\/span><\/span><\/h3>[vc_column_text text_style=&#8220;subtitle&#8220; animation=&#8220;fadeIn&#8220;]<\/p>\n<p style=\"text-align: center;\">TECHNISCHE DATEN DES SCHIFFS<\/p>\n<p>[\/vc_column_text]<div class=\"grve-element grve-pricing-table grve-animated-item grve-fadeIn grve-style-1\" style=\"\" data-delay=\"200\">  <div class=\"grve-pricing-header\">    <div class=\"grve-subtitle grve-pricing-title grve-bg-primary-1\"><\/div>    <h3 class=\"grve-price grve-h6 grve-bg-primary-1\">Allgemeine Daten <span><\/span><\/h3>  <\/div>  <ul><li><strong>Gesamte Schiffsl\u00e4nge  <\/strong> 89 m.<\/li><li><strong>Schiffsbreite  <\/strong> 14.60 m.<\/li><li><strong>Tiefgang  <\/strong> 3.60 m.<\/li><li><strong>Anzahl Kabinen  <\/strong> 100.<\/li><li><strong>Anzahl Lounges  <\/strong> 3.<\/li><li><strong>Kapazit\u00e4t Passagiere  <\/strong> 210.<\/li><li><strong>Kapazit\u00e4t Schiffsmannschaft  <\/strong> 65.<\/li>  <\/ul><\/div>[\/vc_column][vc_column width=&#8220;1\/6&#8243;][\/vc_column][\/vc_row][vc_row section_type=&#8220;fullwidth&#8220; margin_bottom=&#8220;0px&#8220;][vc_column]<div class=\"grve-element grve-image grve-align-center\" style=\"\"><img width=\"1920\" height=\"1080\" src=\"https:\/\/dev-uw6ywhu.australis.com\/wp-content\/uploads\/2022\/07\/interior.jpg\" class=\"attachment-full size-full\" alt=\"\" decoding=\"async\" loading=\"lazy\" srcset=\"https:\/\/dev-uw6ywhu.australis.com\/wp-content\/uploads\/2022\/07\/interior.jpg 1920w, https:\/\/dev-uw6ywhu.australis.com\/wp-content\/uploads\/2022\/07\/interior-300x169.jpg 300w, https:\/\/dev-uw6ywhu.australis.com\/wp-content\/uploads\/2022\/07\/interior-1024x576.jpg 1024w, https:\/\/dev-uw6ywhu.australis.com\/wp-content\/uploads\/2022\/07\/interior-768x432.jpg 768w, https:\/\/dev-uw6ywhu.australis.com\/wp-content\/uploads\/2022\/07\/interior-1536x864.jpg 1536w, https:\/\/dev-uw6ywhu.australis.com\/wp-content\/uploads\/2022\/07\/interior-1170x658.jpg 1170w, https:\/\/dev-uw6ywhu.australis.com\/wp-content\/uploads\/2022\/07\/interior-800x450.jpg 800w\" sizes=\"(max-width: 1920px) 100vw, 1920px\" \/><\/div>[\/vc_column][\/vc_row][vc_row heading_color=&#8220;light&#8220; bg_type=&#8220;image&#8220; bg_image=&#8220;530&#8243; bg_position=&#8220;center-top&#8220; pattern_overlay=&#8220;yes&#8220; color_overlay=&#8220;primary-1&#8243; opacity_overlay=&#8220;80&#8243; font_color=&#8220;#ffffff&#8220; padding_bottom=&#8220;10%&#8220; padding_top=&#8220;10%&#8220; margin_bottom=&#8220;0px&#8220;][vc_column width=&#8220;1\/6&#8243;][\/vc_column][vc_column width=&#8220;2\/3&#8243;]<h3 class=\"grve-element grve-title grve-align-center grve-animated-item grve-fadeInDown grve-h4\" style=\"\" data-delay=\"200\"><span>Aufteilung der Decks<span class=\"grve-title-line grve-bg-primary-2\" style=\"width: 50px;height: 2px;\"><\/span><\/span><\/h3>[vc_column_text text_style=&#8220;subtitle&#8220; animation=&#8220;fadeIn&#8220;]<\/p>\n<p style=\"text-align: center;\">VENTUS AUSTRALIS<\/p>\n<p>[\/vc_column_text][vc_column_text animation=&#8220;fadeIn&#8220;]<\/p>\n<p style=\"text-align: center;\">Auf diesem Schiff erwarten Sie drei gem\u00fctliche Lounges mit atemberaubendem Blick auf die Landschaft Patagoniens. Hier finden Sie die optimalen Bedingungen um sich auszuruhen, diversen Vortr\u00e4gen zu lauschen, Dokumentarfilme anzusehen oder das Angebot unserer Bar und Cafeteria zu genie\u00dfen. Die Bar befindet sich in der Darwin Lounge, welche von 10:00 bis 24:00 Uhr ge\u00f6ffnet ist. Die Sky Lounge bietet eine Cafeteria (Selbstbedienung). Diese ist von 07:00 bis 19:00 Uhr ge\u00f6ffnet. Die etwas intimere und ruhigere Yamana Lounge ist besonders f\u00fcr Lesefreunde geeignet, bietet sich jedoch auch f\u00fcr diverse Brett- oder Gesellschaftsspiele an.<\/p>\n<p>[\/vc_column_text][vc_empty_space][\/vc_column][vc_column width=&#8220;1\/6&#8243;][\/vc_column][\/vc_row][vc_row section_type=&#8220;fullwidth&#8220; bg_type=&#8220;color&#8220; margin_bottom=&#8220;0px&#8220; bg_color=&#8220;#ebebeb&#8220;][vc_column width=&#8220;1\/4&#8243;][\/vc_column][vc_column width=&#8220;1\/2&#8243;]<div class=\"grve-element grve-image grve-align-center\" style=\"\"><a class=\"grve-image-popup\" href=\"https:\/\/dev-uw6ywhu.australis.com\/wp-content\/uploads\/2022\/12\/Deck-Lounges-1-1536x1384-1.png\"><img width=\"1536\" height=\"1384\" src=\"https:\/\/dev-uw6ywhu.australis.com\/wp-content\/uploads\/2022\/12\/Deck-Lounges-1-1536x1384-1.png\" class=\"attachment-full size-full\" alt=\"\" decoding=\"async\" loading=\"lazy\" srcset=\"https:\/\/dev-uw6ywhu.australis.com\/wp-content\/uploads\/2022\/12\/Deck-Lounges-1-1536x1384-1.png 1536w, https:\/\/dev-uw6ywhu.australis.com\/wp-content\/uploads\/2022\/12\/Deck-Lounges-1-1536x1384-1-300x270.png 300w, https:\/\/dev-uw6ywhu.australis.com\/wp-content\/uploads\/2022\/12\/Deck-Lounges-1-1536x1384-1-1024x923.png 1024w, https:\/\/dev-uw6ywhu.australis.com\/wp-content\/uploads\/2022\/12\/Deck-Lounges-1-1536x1384-1-768x692.png 768w\" sizes=\"(max-width: 1536px) 100vw, 1536px\" \/><\/a><\/div>[\/vc_column][vc_column width=&#8220;1\/4&#8243;][\/vc_column][\/vc_row][vc_row heading_color=&#8220;light&#8220; bg_type=&#8220;image&#8220; bg_image=&#8220;530&#8243; bg_position=&#8220;center-bottom&#8220; pattern_overlay=&#8220;yes&#8220; color_overlay=&#8220;primary-1&#8243; opacity_overlay=&#8220;80&#8243; font_color=&#8220;#ffffff&#8220; padding_bottom=&#8220;10%&#8220; padding_top=&#8220;10%&#8220; el_class=&#8220;verde&#8220; margin_bottom=&#8220;0px&#8220;][vc_column width=&#8220;1\/6&#8243;][\/vc_column][vc_column width=&#8220;2\/3&#8243;][vc_column_text]<\/p>\n<p style=\"text-align: center; font-size: 7pt;\">Klicken um zu vergr\u00f6\u00dfern<\/p>\n<p>[\/vc_column_text]<div class=\"grve-element grve-gallery grve-isotope grve-gallery-popup grve-with-gap\" style=\"\" data-columns=\"3\" data-columns-tablet-landscape=\"3\" data-columns-tablet-portrait=\"2\" data-columns-mobile=\"2\" data-layout=\"fitRows\" data-gutter-size=\"40\">  <div class=\"grve-isotope-container\"><div class=\"grve-isotope-item grve-gallery-item \">  <a href=\"https:\/\/dev-uw6ywhu.australis.com\/wp-content\/uploads\/2022\/12\/cubiertas-ventus-1-DE-V.png\">    <figure class=\"grve-hover-style-2 grve-image-hover grve-zoom-in\">      <div class=\"grve-media\">        <div class=\"grve-hover-overlay grve-bg-light grve-opacity-0\"><\/div><img width=\"768\" height=\"2553\" src=\"https:\/\/dev-uw6ywhu.australis.com\/wp-content\/uploads\/2022\/12\/cubiertas-ventus-1-DE-V-768x2553.png\" class=\"attachment-medium_large size-medium_large\" alt=\"\" decoding=\"async\" loading=\"lazy\" srcset=\"https:\/\/dev-uw6ywhu.australis.com\/wp-content\/uploads\/2022\/12\/cubiertas-ventus-1-DE-V-768x2553.png 768w, https:\/\/dev-uw6ywhu.australis.com\/wp-content\/uploads\/2022\/12\/cubiertas-ventus-1-DE-V-90x300.png 90w, https:\/\/dev-uw6ywhu.australis.com\/wp-content\/uploads\/2022\/12\/cubiertas-ventus-1-DE-V-308x1024.png 308w, https:\/\/dev-uw6ywhu.australis.com\/wp-content\/uploads\/2022\/12\/cubiertas-ventus-1-DE-V-462x1536.png 462w, https:\/\/dev-uw6ywhu.australis.com\/wp-content\/uploads\/2022\/12\/cubiertas-ventus-1-DE-V-616x2048.png 616w, https:\/\/dev-uw6ywhu.australis.com\/wp-content\/uploads\/2022\/12\/cubiertas-ventus-1-DE-V-578x1920.png 578w, https:\/\/dev-uw6ywhu.australis.com\/wp-content\/uploads\/2022\/12\/cubiertas-ventus-1-DE-V.png 788w\" sizes=\"(max-width: 768px) 100vw, 768px\" \/>      <\/div>      <figcaption>        <div class=\"grve-gallery-content\"><h6 class=\"grve-title grve-text-hover-primary-1\">5 DARWIN DECK<\/h6>        <\/div>      <\/figcaption>    <\/figure>  <\/a><\/div><div class=\"grve-isotope-item grve-gallery-item \">  <a href=\"https:\/\/dev-uw6ywhu.australis.com\/wp-content\/uploads\/2022\/12\/cubiertas-ventus-2-DE-V.png\">    <figure class=\"grve-hover-style-2 grve-image-hover grve-zoom-in\">      <div class=\"grve-media\">        <div class=\"grve-hover-overlay grve-bg-light grve-opacity-0\"><\/div><img width=\"768\" height=\"2553\" src=\"https:\/\/dev-uw6ywhu.australis.com\/wp-content\/uploads\/2022\/12\/cubiertas-ventus-2-DE-V-768x2553.png\" class=\"attachment-medium_large size-medium_large\" alt=\"\" decoding=\"async\" loading=\"lazy\" srcset=\"https:\/\/dev-uw6ywhu.australis.com\/wp-content\/uploads\/2022\/12\/cubiertas-ventus-2-DE-V-768x2553.png 768w, https:\/\/dev-uw6ywhu.australis.com\/wp-content\/uploads\/2022\/12\/cubiertas-ventus-2-DE-V-90x300.png 90w, https:\/\/dev-uw6ywhu.australis.com\/wp-content\/uploads\/2022\/12\/cubiertas-ventus-2-DE-V-308x1024.png 308w, https:\/\/dev-uw6ywhu.australis.com\/wp-content\/uploads\/2022\/12\/cubiertas-ventus-2-DE-V-462x1536.png 462w, https:\/\/dev-uw6ywhu.australis.com\/wp-content\/uploads\/2022\/12\/cubiertas-ventus-2-DE-V-616x2048.png 616w, https:\/\/dev-uw6ywhu.australis.com\/wp-content\/uploads\/2022\/12\/cubiertas-ventus-2-DE-V-578x1920.png 578w, https:\/\/dev-uw6ywhu.australis.com\/wp-content\/uploads\/2022\/12\/cubiertas-ventus-2-DE-V.png 788w\" sizes=\"(max-width: 768px) 100vw, 768px\" \/>      <\/div>      <figcaption>        <div class=\"grve-gallery-content\"><h6 class=\"grve-title grve-text-hover-primary-1\">4 CABO DE HORNOS DECK<\/h6><span class=\"grve-caption grve-text-content\">KABINEN 407 bis 434<\/span>        <\/div>      <\/figcaption>    <\/figure>  <\/a><\/div><div class=\"grve-isotope-item grve-gallery-item \">  <a href=\"https:\/\/dev-uw6ywhu.australis.com\/wp-content\/uploads\/2022\/12\/3rd-tierra-del-fuego-deck-DE-V.png\">    <figure class=\"grve-hover-style-2 grve-image-hover grve-zoom-in\">      <div class=\"grve-media\">        <div class=\"grve-hover-overlay grve-bg-light grve-opacity-0\"><\/div><img width=\"768\" height=\"2553\" src=\"https:\/\/dev-uw6ywhu.australis.com\/wp-content\/uploads\/2022\/12\/3rd-tierra-del-fuego-deck-DE-V-768x2553.png\" class=\"attachment-medium_large size-medium_large\" alt=\"\" decoding=\"async\" loading=\"lazy\" srcset=\"https:\/\/dev-uw6ywhu.australis.com\/wp-content\/uploads\/2022\/12\/3rd-tierra-del-fuego-deck-DE-V-768x2553.png 768w, https:\/\/dev-uw6ywhu.australis.com\/wp-content\/uploads\/2022\/12\/3rd-tierra-del-fuego-deck-DE-V-90x300.png 90w, https:\/\/dev-uw6ywhu.australis.com\/wp-content\/uploads\/2022\/12\/3rd-tierra-del-fuego-deck-DE-V-308x1024.png 308w, https:\/\/dev-uw6ywhu.australis.com\/wp-content\/uploads\/2022\/12\/3rd-tierra-del-fuego-deck-DE-V-462x1536.png 462w, https:\/\/dev-uw6ywhu.australis.com\/wp-content\/uploads\/2022\/12\/3rd-tierra-del-fuego-deck-DE-V-616x2048.png 616w, https:\/\/dev-uw6ywhu.australis.com\/wp-content\/uploads\/2022\/12\/3rd-tierra-del-fuego-deck-DE-V-578x1920.png 578w, https:\/\/dev-uw6ywhu.australis.com\/wp-content\/uploads\/2022\/12\/3rd-tierra-del-fuego-deck-DE-V.png 788w\" sizes=\"(max-width: 768px) 100vw, 768px\" \/>      <\/div>      <figcaption>        <div class=\"grve-gallery-content\"><h6 class=\"grve-title grve-text-hover-primary-1\">3 Tierra del Fuego Deck<\/h6><span class=\"grve-caption grve-text-content\">KABINEN 305 bis 344<\/span>        <\/div>      <\/figcaption>    <\/figure>  <\/a><\/div><div class=\"grve-isotope-item grve-gallery-item \">  <a href=\"https:\/\/dev-uw6ywhu.australis.com\/wp-content\/uploads\/2022\/12\/cubiertas-ventus-4-DE-V.png\">    <figure class=\"grve-hover-style-2 grve-image-hover grve-zoom-in\">      <div class=\"grve-media\">        <div class=\"grve-hover-overlay grve-bg-light grve-opacity-0\"><\/div><img width=\"768\" height=\"2553\" src=\"https:\/\/dev-uw6ywhu.australis.com\/wp-content\/uploads\/2022\/12\/cubiertas-ventus-4-DE-V-768x2553.png\" class=\"attachment-medium_large size-medium_large\" alt=\"\" decoding=\"async\" loading=\"lazy\" srcset=\"https:\/\/dev-uw6ywhu.australis.com\/wp-content\/uploads\/2022\/12\/cubiertas-ventus-4-DE-V-768x2553.png 768w, https:\/\/dev-uw6ywhu.australis.com\/wp-content\/uploads\/2022\/12\/cubiertas-ventus-4-DE-V-90x300.png 90w, https:\/\/dev-uw6ywhu.australis.com\/wp-content\/uploads\/2022\/12\/cubiertas-ventus-4-DE-V-308x1024.png 308w, https:\/\/dev-uw6ywhu.australis.com\/wp-content\/uploads\/2022\/12\/cubiertas-ventus-4-DE-V-462x1536.png 462w, https:\/\/dev-uw6ywhu.australis.com\/wp-content\/uploads\/2022\/12\/cubiertas-ventus-4-DE-V-616x2048.png 616w, https:\/\/dev-uw6ywhu.australis.com\/wp-content\/uploads\/2022\/12\/cubiertas-ventus-4-DE-V-578x1920.png 578w, https:\/\/dev-uw6ywhu.australis.com\/wp-content\/uploads\/2022\/12\/cubiertas-ventus-4-DE-V.png 788w\" sizes=\"(max-width: 768px) 100vw, 768px\" \/>      <\/div>      <figcaption>        <div class=\"grve-gallery-content\"><h6 class=\"grve-title grve-text-hover-primary-1\">2 MAGALLANES DECK<\/h6><span class=\"grve-caption grve-text-content\">KABINEN 202 bis 244<\/span>        <\/div>      <\/figcaption>    <\/figure>  <\/a><\/div><div class=\"grve-isotope-item grve-gallery-item \">  <a href=\"https:\/\/dev-uw6ywhu.australis.com\/wp-content\/uploads\/2022\/12\/cubiertas-ventus-5-DE-V.png\">    <figure class=\"grve-hover-style-2 grve-image-hover grve-zoom-in\">      <div class=\"grve-media\">        <div class=\"grve-hover-overlay grve-bg-light grve-opacity-0\"><\/div><img width=\"768\" height=\"2553\" src=\"https:\/\/dev-uw6ywhu.australis.com\/wp-content\/uploads\/2022\/12\/cubiertas-ventus-5-DE-V-768x2553.png\" class=\"attachment-medium_large size-medium_large\" alt=\"\" decoding=\"async\" loading=\"lazy\" srcset=\"https:\/\/dev-uw6ywhu.australis.com\/wp-content\/uploads\/2022\/12\/cubiertas-ventus-5-DE-V-768x2553.png 768w, https:\/\/dev-uw6ywhu.australis.com\/wp-content\/uploads\/2022\/12\/cubiertas-ventus-5-DE-V-90x300.png 90w, https:\/\/dev-uw6ywhu.australis.com\/wp-content\/uploads\/2022\/12\/cubiertas-ventus-5-DE-V-308x1024.png 308w, https:\/\/dev-uw6ywhu.australis.com\/wp-content\/uploads\/2022\/12\/cubiertas-ventus-5-DE-V-462x1536.png 462w, https:\/\/dev-uw6ywhu.australis.com\/wp-content\/uploads\/2022\/12\/cubiertas-ventus-5-DE-V-616x2048.png 616w, https:\/\/dev-uw6ywhu.australis.com\/wp-content\/uploads\/2022\/12\/cubiertas-ventus-5-DE-V-578x1920.png 578w, https:\/\/dev-uw6ywhu.australis.com\/wp-content\/uploads\/2022\/12\/cubiertas-ventus-5-DE-V.png 788w\" sizes=\"(max-width: 768px) 100vw, 768px\" \/>      <\/div>      <figcaption>        <div class=\"grve-gallery-content\"><h6 class=\"grve-title grve-text-hover-primary-1\">1 PATAGONIA DECK<\/h6>        <\/div>      <\/figcaption>    <\/figure>  <\/a><\/div>  <\/div><\/div>[\/vc_column][vc_column width=&#8220;1\/6&#8243;][\/vc_column][\/vc_row][vc_row bg_type=&#8220;color&#8220; footer_feature=&#8220;yes&#8220; bg_color=&#8220;#132f58&#8243; padding_top=&#8220;15px&#8220; padding_bottom=&#8220;15px&#8220;][vc_column width=&#8220;1\/6&#8243;][\/vc_column][vc_column width=&#8220;2\/3&#8243;]<div class=\"grve-element grve-align-center grve-animated-item grve-fadeIn\" data-delay=\"200\"><a href=\"https:\/\/dev-uw6ywhu.australis.com\/de\/ventus-australis\/hauptmenue\/sicherheit-und-protokolle\/\" title=\"Sicherheit und Protokolle\" class=\"grve-btn grve-btn-small grve-square grve-bg-white grve-bg-hover-primary-2 grve-btn-line\"><span><i class=\"fas fa-reply\"><\/i>Zur\u00fcck<\/span><\/a><\/div>[\/vc_column][vc_column width=&#8220;1\/6&#8243;][\/vc_column][\/vc_row]<\/p>\n","protected":false},"excerpt":{"rendered":"<p>[vc_row bg_type=&#8220;color&#8220; header_feature=&#8220;yes&#8220; bg_color=&#8220;#132f58&#8243; padding_top=&#8220;15px&#8220;][vc_column width=&#8220;1\/6&#8243;][\/vc_column][vc_column width=&#8220;2\/3&#8243;][\/vc_column][vc_column width=&#8220;1\/6&#8243;][\/vc_column][\/vc_row][vc_row][vc_column width=&#8220;1\/6&#8243;][\/vc_column][vc_column width=&#8220;2\/3&#8243;][vc_column_text animation=&#8220;fadeIn&#8220;] Dieses Kreuzfahrtschiff wurde speziell f\u00fcr Australis entworfen und verf\u00fcgt \u00fcber die optimalen Dimensionen und Eigenschaften, um darauf die einzigartige Landschaft von Feuerland zu befahren \u2013 die Kan\u00e4le mit ihrer geringen Tiefe, die Fjorde mit ihrer schmalen Breite. Gebaut wurde es im chilenischen Valdivia in [&hellip;]<\/p>\n","protected":false},"author":1,"featured_media":0,"parent":2819,"menu_order":0,"comment_status":"closed","ping_status":"closed","template":"","meta":{"inline_featured_image":false,"footnotes":""},"_links":{"self":[{"href":"https:\/\/dev-uw6ywhu.australis.com\/de\/wp-json\/wp\/v2\/pages\/3038"}],"collection":[{"href":"https:\/\/dev-uw6ywhu.australis.com\/de\/wp-json\/wp\/v2\/pages"}],"about":[{"href":"https:\/\/dev-uw6ywhu.australis.com\/de\/wp-json\/wp\/v2\/types\/page"}],"author":[{"embeddable":true,"href":"https:\/\/dev-uw6ywhu.australis.com\/de\/wp-json\/wp\/v2\/users\/1"}],"replies":[{"embeddable":true,"href":"https:\/\/dev-uw6ywhu.australis.com\/de\/wp-json\/wp\/v2\/comments?post=3038"}],"version-history":[{"count":6,"href":"https:\/\/dev-uw6ywhu.australis.com\/de\/wp-json\/wp\/v2\/pages\/3038\/revisions"}],"predecessor-version":[{"id":3105,"href":"https:\/\/dev-uw6ywhu.australis.com\/de\/wp-json\/wp\/v2\/pages\/3038\/revisions\/3105"}],"up":[{"embeddable":true,"href":"https:\/\/dev-uw6ywhu.australis.com\/de\/wp-json\/wp\/v2\/pages\/2819"}],"wp:attachment":[{"href":"https:\/\/dev-uw6ywhu.australis.com\/de\/wp-json\/wp\/v2\/media?parent=3038"}],"curies":[{"name":"wp","href":"https:\/\/api.w.org\/{rel}","templated":true}]}}