{"id":2044,"date":"2022-07-05T23:29:11","date_gmt":"2022-07-05T23:29:11","guid":{"rendered":"https:\/\/dev-uw6ywhu.australis.com\/ventus-australis\/menu-principal\/protocoles-sanitaries\/descriptif-du-navire\/"},"modified":"2022-09-09T20:24:15","modified_gmt":"2022-09-09T20:24:15","slug":"descriptif-du-navire","status":"publish","type":"page","link":"https:\/\/dev-uw6ywhu.australis.com\/fr\/ventus-australis\/menu-principal\/protocoles-sanitaries\/descriptif-du-navire\/","title":{"rendered":"Descriptif du Navire"},"content":{"rendered":"<p>[vc_row bg_type=\u00a0\u00bbcolor\u00a0\u00bb header_feature=\u00a0\u00bbyes\u00a0\u00bb bg_color=\u00a0\u00bb#132f58&Prime; padding_top=\u00a0\u00bb15px\u00a0\u00bb][vc_column width=\u00a0\u00bb1\/6&Prime;][\/vc_column][vc_column width=\u00a0\u00bb2\/3&Prime;]<div class=\"grve-element grve-align-center grve-animated-item grve-fadeIn\" data-delay=\"200\"><a href=\"https:\/\/dev-uw6ywhu.australis.com\/fr\/ventus-australis\/menu-principal\/protocoles-sanitaries\/\" title=\"Protocoles Sanitaries\" class=\"grve-btn grve-btn-small grve-square grve-bg-white grve-bg-hover-primary-2 grve-btn-line\"><span><i class=\"fas fa-reply\"><\/i>Retour<\/span><\/a><\/div>[\/vc_column][vc_column width=\u00a0\u00bb1\/6&Prime;][\/vc_column][\/vc_row][vc_row][vc_column width=\u00a0\u00bb1\/6&Prime;][\/vc_column][vc_column width=\u00a0\u00bb2\/3&Prime;][vc_column_text animation=\u00a0\u00bbfadeIn\u00a0\u00bb]<\/p>\n<p style=\"text-align: center;\">Ce navire de croisi\u00e8res exp\u00e9dition a \u00e9t\u00e9 con\u00e7u sp\u00e9cialement pour Australis, avec les volumes et caract\u00e9ristiques n\u00e9cessaires \u00e0 la navigation \u00e0 travers la g\u00e9ographie particuli\u00e8re de la Terre du Feu, ses canaux peu profonds et fjords \u00e9troits. Sa construction a \u00e9t\u00e9 r\u00e9alis\u00e9e dans la ville chilienne de Valdivia, dans l&rsquo;un des chantiers navals les plus r\u00e9put\u00e9s de la r\u00e9gion, tandis que les instruments de navigation et l&rsquo;\u00e9quipement de la salle des machines ont \u00e9t\u00e9 import\u00e9s depuis diff\u00e9rents pays, afin de travailler avec les fournisseurs r\u00e9pondant aux plus hautes exigences en mati\u00e8re de s\u00e9curit\u00e9 et durabilit\u00e9.<\/p>\n<p>[\/vc_column_text][vc_empty_space]<h3 class=\"grve-element grve-title grve-align-center grve-animated-item grve-fadeInDown grve-h4\" style=\"\" data-delay=\"200\"><span>Sp\u00e9cifications<span class=\"grve-title-line grve-bg-primary-1\" style=\"width: 50px;height: 2px;\"><\/span><\/span><\/h3>[vc_column_text text_style=\u00a0\u00bbsubtitle\u00a0\u00bb animation=\u00a0\u00bbfadeIn\u00a0\u00bb]<\/p>\n<p style=\"text-align: center;\">CARACT\u00c9RISTIQUES DU NAVIRE<\/p>\n<p>[\/vc_column_text]<div class=\"grve-element grve-pricing-table grve-animated-item grve-fadeIn grve-style-1\" style=\"\" data-delay=\"200\">  <div class=\"grve-pricing-header\">    <div class=\"grve-subtitle grve-pricing-title grve-bg-primary-1\"><\/div>    <h3 class=\"grve-price grve-h6 grve-bg-primary-1\">G\u00e9n\u00e9ralit\u00e9s <span><\/span><\/h3>  <\/div>  <ul><li><strong>Longueur hors-tout  <\/strong> 89 m.<\/li><li><strong>Largeur  <\/strong> 14.60 m.<\/li><li><strong>Tirant d'eau  <\/strong> 3.60 m.<\/li><li><strong>Nombre de cabines  <\/strong> 100.<\/li><li><strong>Nombre de salons  <\/strong> 3.<\/li><li><strong>Capacit\u00e9 de passagers  <\/strong> 210.<\/li><li><strong>Membres d'\u00e9quipage  <\/strong> 65.<\/li>  <\/ul><\/div>[\/vc_column][vc_column width=\u00a0\u00bb1\/6&Prime;][\/vc_column][\/vc_row][vc_row section_type=\u00a0\u00bbfullwidth\u00a0\u00bb margin_bottom=\u00a0\u00bb0px\u00a0\u00bb][vc_column]<div class=\"grve-element grve-image grve-align-center\" style=\"\"><img width=\"1920\" height=\"1080\" src=\"https:\/\/dev-uw6ywhu.australis.com\/wp-content\/uploads\/2022\/07\/interior.jpg\" class=\"attachment-full size-full\" alt=\"\" decoding=\"async\" loading=\"lazy\" srcset=\"https:\/\/dev-uw6ywhu.australis.com\/wp-content\/uploads\/2022\/07\/interior.jpg 1920w, https:\/\/dev-uw6ywhu.australis.com\/wp-content\/uploads\/2022\/07\/interior-300x169.jpg 300w, https:\/\/dev-uw6ywhu.australis.com\/wp-content\/uploads\/2022\/07\/interior-1024x576.jpg 1024w, https:\/\/dev-uw6ywhu.australis.com\/wp-content\/uploads\/2022\/07\/interior-768x432.jpg 768w, https:\/\/dev-uw6ywhu.australis.com\/wp-content\/uploads\/2022\/07\/interior-1536x864.jpg 1536w, https:\/\/dev-uw6ywhu.australis.com\/wp-content\/uploads\/2022\/07\/interior-1170x658.jpg 1170w, https:\/\/dev-uw6ywhu.australis.com\/wp-content\/uploads\/2022\/07\/interior-800x450.jpg 800w\" sizes=\"(max-width: 1920px) 100vw, 1920px\" \/><\/div>[\/vc_column][\/vc_row][vc_row heading_color=\u00a0\u00bblight\u00a0\u00bb bg_type=\u00a0\u00bbimage\u00a0\u00bb bg_image=\u00a0\u00bb530&Prime; bg_position=\u00a0\u00bbcenter-top\u00a0\u00bb pattern_overlay=\u00a0\u00bbyes\u00a0\u00bb color_overlay=\u00a0\u00bbprimary-1&Prime; opacity_overlay=\u00a0\u00bb80&Prime; font_color=\u00a0\u00bb#ffffff\u00a0\u00bb padding_bottom=\u00a0\u00bb10%\u00a0\u00bb padding_top=\u00a0\u00bb10%\u00a0\u00bb margin_bottom=\u00a0\u00bb0px\u00a0\u00bb][vc_column width=\u00a0\u00bb1\/6&Prime;][\/vc_column][vc_column width=\u00a0\u00bb2\/3&Prime;]<h3 class=\"grve-element grve-title grve-align-center grve-animated-item grve-fadeInDown grve-h4\" style=\"\" data-delay=\"200\"><span>Plan des Ponts<span class=\"grve-title-line grve-bg-primary-2\" style=\"width: 50px;height: 2px;\"><\/span><\/span><\/h3>[vc_column_text text_style=\u00a0\u00bbsubtitle\u00a0\u00bb animation=\u00a0\u00bbfadeIn\u00a0\u00bb]<\/p>\n<p style=\"text-align: center;\">VENTUS AUSTRALIS<\/p>\n<p>[\/vc_column_text][vc_column_text animation=\u00a0\u00bbfadeIn\u00a0\u00bb]<\/p>\n<p style=\"text-align: center;\">Ce navire dispose de trois salons avec vue imprenable sur les paysages de la Patagonie, sp\u00e9cialement agenc\u00e9s afin que nos passagers puissent se reposer, assister \u00e0 diff\u00e9rentes pr\u00e9sentations, visionner des documentaires et profiter des services de notre bar et notre caf\u00e9t\u00e9ria. Le bar est situ\u00e9 dans le salon Darwin, ouvert de 10 h \u00e0 minuit, et dans le salon Sky nous vous proposons un libre-service de caf\u00e9t\u00e9ria de 7:00 h \u00e0 19:00 h. Le salon Yamana offre un espace plus intime et calme, id\u00e9al pour la lecture ou pour passer une apr\u00e8s-midi \u00e0 jouer \u00e0 des jeux de soci\u00e9t\u00e9.<\/p>\n<p>[\/vc_column_text][vc_empty_space][\/vc_column][vc_column width=\u00a0\u00bb1\/6&Prime;][\/vc_column][\/vc_row][vc_row section_type=\u00a0\u00bbfullwidth\u00a0\u00bb bg_type=\u00a0\u00bbcolor\u00a0\u00bb margin_bottom=\u00a0\u00bb0px\u00a0\u00bb bg_color=\u00a0\u00bb#ebebeb\u00a0\u00bb][vc_column width=\u00a0\u00bb1\/4&Prime;][\/vc_column][vc_column width=\u00a0\u00bb1\/2&Prime;]<div class=\"grve-element grve-image grve-align-center\" style=\"\"><a class=\"grve-image-popup\" href=\"https:\/\/dev-uw6ywhu.australis.com\/wp-content\/uploads\/2022\/09\/ponts-1920x1730.png\"><img width=\"2560\" height=\"2307\" src=\"https:\/\/dev-uw6ywhu.australis.com\/wp-content\/uploads\/2022\/09\/ponts.png\" class=\"attachment-full size-full\" alt=\"\" decoding=\"async\" loading=\"lazy\" srcset=\"https:\/\/dev-uw6ywhu.australis.com\/wp-content\/uploads\/2022\/09\/ponts.png 2560w, https:\/\/dev-uw6ywhu.australis.com\/wp-content\/uploads\/2022\/09\/ponts-300x270.png 300w, https:\/\/dev-uw6ywhu.australis.com\/wp-content\/uploads\/2022\/09\/ponts-1024x923.png 1024w, https:\/\/dev-uw6ywhu.australis.com\/wp-content\/uploads\/2022\/09\/ponts-768x692.png 768w, https:\/\/dev-uw6ywhu.australis.com\/wp-content\/uploads\/2022\/09\/ponts-1536x1384.png 1536w, https:\/\/dev-uw6ywhu.australis.com\/wp-content\/uploads\/2022\/09\/ponts-1920x1730.png 1920w\" sizes=\"(max-width: 2560px) 100vw, 2560px\" \/><\/a><\/div>[\/vc_column][vc_column width=\u00a0\u00bb1\/4&Prime;][\/vc_column][\/vc_row][vc_row heading_color=\u00a0\u00bblight\u00a0\u00bb bg_type=\u00a0\u00bbimage\u00a0\u00bb bg_image=\u00a0\u00bb530&Prime; bg_position=\u00a0\u00bbcenter-bottom\u00a0\u00bb pattern_overlay=\u00a0\u00bbyes\u00a0\u00bb color_overlay=\u00a0\u00bbprimary-1&Prime; opacity_overlay=\u00a0\u00bb80&Prime; font_color=\u00a0\u00bb#ffffff\u00a0\u00bb padding_bottom=\u00a0\u00bb10%\u00a0\u00bb padding_top=\u00a0\u00bb10%\u00a0\u00bb el_class=\u00a0\u00bbverde\u00a0\u00bb margin_bottom=\u00a0\u00bb0px\u00a0\u00bb][vc_column width=\u00a0\u00bb1\/6&Prime;][\/vc_column][vc_column width=\u00a0\u00bb2\/3&Prime;][vc_column_text]<\/p>\n<p style=\"text-align: center; font-size: 7pt;\">Cliquez pour agrandir<\/p>\n<p>[\/vc_column_text]<div class=\"grve-element grve-gallery grve-isotope grve-gallery-popup grve-with-gap\" style=\"\" data-columns=\"3\" data-columns-tablet-landscape=\"3\" data-columns-tablet-portrait=\"2\" data-columns-mobile=\"2\" data-layout=\"fitRows\" data-gutter-size=\"40\">  <div class=\"grve-isotope-container\"><div class=\"grve-isotope-item grve-gallery-item \">  <a href=\"https:\/\/dev-uw6ywhu.australis.com\/wp-content\/uploads\/2022\/09\/5-pont-darwin.png\">    <figure class=\"grve-hover-style-2 grve-image-hover grve-zoom-in\">      <div class=\"grve-media\">        <div class=\"grve-hover-overlay grve-bg-light grve-opacity-0\"><\/div><img width=\"768\" height=\"2553\" src=\"https:\/\/dev-uw6ywhu.australis.com\/wp-content\/uploads\/2022\/09\/5-pont-darwin-768x2553.png\" class=\"attachment-medium_large size-medium_large\" alt=\"\" decoding=\"async\" loading=\"lazy\" srcset=\"https:\/\/dev-uw6ywhu.australis.com\/wp-content\/uploads\/2022\/09\/5-pont-darwin-768x2553.png 768w, https:\/\/dev-uw6ywhu.australis.com\/wp-content\/uploads\/2022\/09\/5-pont-darwin-90x300.png 90w, https:\/\/dev-uw6ywhu.australis.com\/wp-content\/uploads\/2022\/09\/5-pont-darwin-308x1024.png 308w, https:\/\/dev-uw6ywhu.australis.com\/wp-content\/uploads\/2022\/09\/5-pont-darwin-462x1536.png 462w, https:\/\/dev-uw6ywhu.australis.com\/wp-content\/uploads\/2022\/09\/5-pont-darwin-616x2048.png 616w, https:\/\/dev-uw6ywhu.australis.com\/wp-content\/uploads\/2022\/09\/5-pont-darwin-578x1920.png 578w, https:\/\/dev-uw6ywhu.australis.com\/wp-content\/uploads\/2022\/09\/5-pont-darwin.png 788w\" sizes=\"(max-width: 768px) 100vw, 768px\" \/>      <\/div>      <figcaption>        <div class=\"grve-gallery-content\"><h6 class=\"grve-title grve-text-hover-primary-1\">5e PONT DARWIN<\/h6>        <\/div>      <\/figcaption>    <\/figure>  <\/a><\/div><div class=\"grve-isotope-item grve-gallery-item \">  <a href=\"https:\/\/dev-uw6ywhu.australis.com\/wp-content\/uploads\/2022\/09\/4-pont-cabo-de-hornos.png\">    <figure class=\"grve-hover-style-2 grve-image-hover grve-zoom-in\">      <div class=\"grve-media\">        <div class=\"grve-hover-overlay grve-bg-light grve-opacity-0\"><\/div><img width=\"768\" height=\"2553\" src=\"https:\/\/dev-uw6ywhu.australis.com\/wp-content\/uploads\/2022\/09\/4-pont-cabo-de-hornos-768x2553.png\" class=\"attachment-medium_large size-medium_large\" alt=\"\" decoding=\"async\" loading=\"lazy\" srcset=\"https:\/\/dev-uw6ywhu.australis.com\/wp-content\/uploads\/2022\/09\/4-pont-cabo-de-hornos-768x2553.png 768w, https:\/\/dev-uw6ywhu.australis.com\/wp-content\/uploads\/2022\/09\/4-pont-cabo-de-hornos-90x300.png 90w, https:\/\/dev-uw6ywhu.australis.com\/wp-content\/uploads\/2022\/09\/4-pont-cabo-de-hornos-308x1024.png 308w, https:\/\/dev-uw6ywhu.australis.com\/wp-content\/uploads\/2022\/09\/4-pont-cabo-de-hornos-462x1536.png 462w, https:\/\/dev-uw6ywhu.australis.com\/wp-content\/uploads\/2022\/09\/4-pont-cabo-de-hornos-616x2048.png 616w, https:\/\/dev-uw6ywhu.australis.com\/wp-content\/uploads\/2022\/09\/4-pont-cabo-de-hornos-578x1920.png 578w, https:\/\/dev-uw6ywhu.australis.com\/wp-content\/uploads\/2022\/09\/4-pont-cabo-de-hornos.png 788w\" sizes=\"(max-width: 768px) 100vw, 768px\" \/>      <\/div>      <figcaption>        <div class=\"grve-gallery-content\"><h6 class=\"grve-title grve-text-hover-primary-1\">4e PONT CABO DE HORNOS<\/h6><span class=\"grve-caption grve-text-content\">Cabines 407 \u00e0 434<\/span>        <\/div>      <\/figcaption>    <\/figure>  <\/a><\/div><div class=\"grve-isotope-item grve-gallery-item \">  <a href=\"https:\/\/dev-uw6ywhu.australis.com\/wp-content\/uploads\/2022\/09\/3-pont-tierra-del-fuego.png\">    <figure class=\"grve-hover-style-2 grve-image-hover grve-zoom-in\">      <div class=\"grve-media\">        <div class=\"grve-hover-overlay grve-bg-light grve-opacity-0\"><\/div><img width=\"768\" height=\"2553\" src=\"https:\/\/dev-uw6ywhu.australis.com\/wp-content\/uploads\/2022\/09\/3-pont-tierra-del-fuego-768x2553.png\" class=\"attachment-medium_large size-medium_large\" alt=\"\" decoding=\"async\" loading=\"lazy\" srcset=\"https:\/\/dev-uw6ywhu.australis.com\/wp-content\/uploads\/2022\/09\/3-pont-tierra-del-fuego-768x2553.png 768w, https:\/\/dev-uw6ywhu.australis.com\/wp-content\/uploads\/2022\/09\/3-pont-tierra-del-fuego-90x300.png 90w, https:\/\/dev-uw6ywhu.australis.com\/wp-content\/uploads\/2022\/09\/3-pont-tierra-del-fuego-308x1024.png 308w, https:\/\/dev-uw6ywhu.australis.com\/wp-content\/uploads\/2022\/09\/3-pont-tierra-del-fuego-462x1536.png 462w, https:\/\/dev-uw6ywhu.australis.com\/wp-content\/uploads\/2022\/09\/3-pont-tierra-del-fuego-616x2048.png 616w, https:\/\/dev-uw6ywhu.australis.com\/wp-content\/uploads\/2022\/09\/3-pont-tierra-del-fuego-578x1920.png 578w, https:\/\/dev-uw6ywhu.australis.com\/wp-content\/uploads\/2022\/09\/3-pont-tierra-del-fuego.png 788w\" sizes=\"(max-width: 768px) 100vw, 768px\" \/>      <\/div>      <figcaption>        <div class=\"grve-gallery-content\"><h6 class=\"grve-title grve-text-hover-primary-1\">3e PONT TIERRA DEL FUEGO<\/h6><span class=\"grve-caption grve-text-content\">Cabines 305 \u00e0 344<\/span>        <\/div>      <\/figcaption>    <\/figure>  <\/a><\/div><div class=\"grve-isotope-item grve-gallery-item \">  <a href=\"https:\/\/dev-uw6ywhu.australis.com\/wp-content\/uploads\/2022\/09\/2-pont-magallanes.png\">    <figure class=\"grve-hover-style-2 grve-image-hover grve-zoom-in\">      <div class=\"grve-media\">        <div class=\"grve-hover-overlay grve-bg-light grve-opacity-0\"><\/div><img width=\"768\" height=\"2553\" src=\"https:\/\/dev-uw6ywhu.australis.com\/wp-content\/uploads\/2022\/09\/2-pont-magallanes-768x2553.png\" class=\"attachment-medium_large size-medium_large\" alt=\"\" decoding=\"async\" loading=\"lazy\" srcset=\"https:\/\/dev-uw6ywhu.australis.com\/wp-content\/uploads\/2022\/09\/2-pont-magallanes-768x2553.png 768w, https:\/\/dev-uw6ywhu.australis.com\/wp-content\/uploads\/2022\/09\/2-pont-magallanes-90x300.png 90w, https:\/\/dev-uw6ywhu.australis.com\/wp-content\/uploads\/2022\/09\/2-pont-magallanes-308x1024.png 308w, https:\/\/dev-uw6ywhu.australis.com\/wp-content\/uploads\/2022\/09\/2-pont-magallanes-462x1536.png 462w, https:\/\/dev-uw6ywhu.australis.com\/wp-content\/uploads\/2022\/09\/2-pont-magallanes-616x2048.png 616w, https:\/\/dev-uw6ywhu.australis.com\/wp-content\/uploads\/2022\/09\/2-pont-magallanes-578x1920.png 578w, https:\/\/dev-uw6ywhu.australis.com\/wp-content\/uploads\/2022\/09\/2-pont-magallanes.png 788w\" sizes=\"(max-width: 768px) 100vw, 768px\" \/>      <\/div>      <figcaption>        <div class=\"grve-gallery-content\"><h6 class=\"grve-title grve-text-hover-primary-1\">2e PONT MAGALLANES<\/h6><span class=\"grve-caption grve-text-content\">Cabines 202 \u00e0 244<\/span>        <\/div>      <\/figcaption>    <\/figure>  <\/a><\/div><div class=\"grve-isotope-item grve-gallery-item \">  <a href=\"https:\/\/dev-uw6ywhu.australis.com\/wp-content\/uploads\/2022\/09\/1-pont-patagonia.png\">    <figure class=\"grve-hover-style-2 grve-image-hover grve-zoom-in\">      <div class=\"grve-media\">        <div class=\"grve-hover-overlay grve-bg-light grve-opacity-0\"><\/div><img width=\"768\" height=\"2553\" src=\"https:\/\/dev-uw6ywhu.australis.com\/wp-content\/uploads\/2022\/09\/1-pont-patagonia-768x2553.png\" class=\"attachment-medium_large size-medium_large\" alt=\"\" decoding=\"async\" loading=\"lazy\" srcset=\"https:\/\/dev-uw6ywhu.australis.com\/wp-content\/uploads\/2022\/09\/1-pont-patagonia-768x2553.png 768w, https:\/\/dev-uw6ywhu.australis.com\/wp-content\/uploads\/2022\/09\/1-pont-patagonia-90x300.png 90w, https:\/\/dev-uw6ywhu.australis.com\/wp-content\/uploads\/2022\/09\/1-pont-patagonia-308x1024.png 308w, https:\/\/dev-uw6ywhu.australis.com\/wp-content\/uploads\/2022\/09\/1-pont-patagonia-462x1536.png 462w, https:\/\/dev-uw6ywhu.australis.com\/wp-content\/uploads\/2022\/09\/1-pont-patagonia-616x2048.png 616w, https:\/\/dev-uw6ywhu.australis.com\/wp-content\/uploads\/2022\/09\/1-pont-patagonia-578x1920.png 578w, https:\/\/dev-uw6ywhu.australis.com\/wp-content\/uploads\/2022\/09\/1-pont-patagonia.png 788w\" sizes=\"(max-width: 768px) 100vw, 768px\" \/>      <\/div>      <figcaption>        <div class=\"grve-gallery-content\"><h6 class=\"grve-title grve-text-hover-primary-1\">1e PONT PATAGONIA<\/h6><span class=\"grve-caption grve-text-content\">  <\/span>        <\/div>      <\/figcaption>    <\/figure>  <\/a><\/div>  <\/div><\/div>[\/vc_column][vc_column width=\u00a0\u00bb1\/6&Prime;][\/vc_column][\/vc_row][vc_row bg_type=\u00a0\u00bbcolor\u00a0\u00bb footer_feature=\u00a0\u00bbyes\u00a0\u00bb bg_color=\u00a0\u00bb#132f58&Prime; padding_top=\u00a0\u00bb15px\u00a0\u00bb padding_bottom=\u00a0\u00bb15px\u00a0\u00bb][vc_column width=\u00a0\u00bb1\/6&Prime;][\/vc_column][vc_column width=\u00a0\u00bb2\/3&Prime;]<div class=\"grve-element grve-align-center grve-animated-item grve-fadeIn\" data-delay=\"200\"><a href=\"https:\/\/dev-uw6ywhu.australis.com\/fr\/ventus-australis\/menu-principal\/protocoles-sanitaries\/\" title=\"Protocoles Sanitaries\" class=\"grve-btn grve-btn-small grve-square grve-bg-white grve-bg-hover-primary-2 grve-btn-line\"><span><i class=\"fas fa-reply\"><\/i>Retour<\/span><\/a><\/div>[\/vc_column][vc_column width=\u00a0\u00bb1\/6&Prime;][\/vc_column][\/vc_row]<\/p>\n","protected":false},"excerpt":{"rendered":"<p>[vc_row bg_type=\u00a0\u00bbcolor\u00a0\u00bb header_feature=\u00a0\u00bbyes\u00a0\u00bb bg_color=\u00a0\u00bb#132f58&Prime; padding_top=\u00a0\u00bb15px\u00a0\u00bb][vc_column width=\u00a0\u00bb1\/6&Prime;][\/vc_column][vc_column width=\u00a0\u00bb2\/3&Prime;][\/vc_column][vc_column width=\u00a0\u00bb1\/6&Prime;][\/vc_column][\/vc_row][vc_row][vc_column width=\u00a0\u00bb1\/6&Prime;][\/vc_column][vc_column width=\u00a0\u00bb2\/3&Prime;][vc_column_text animation=\u00a0\u00bbfadeIn\u00a0\u00bb] Ce navire de croisi\u00e8res exp\u00e9dition a \u00e9t\u00e9 con\u00e7u sp\u00e9cialement pour Australis, avec les volumes et caract\u00e9ristiques n\u00e9cessaires \u00e0 la navigation \u00e0 travers la g\u00e9ographie particuli\u00e8re de la Terre du Feu, ses canaux peu profonds et fjords \u00e9troits. Sa construction a \u00e9t\u00e9 r\u00e9alis\u00e9e dans la [&hellip;]<\/p>\n","protected":false},"author":1,"featured_media":0,"parent":1753,"menu_order":0,"comment_status":"closed","ping_status":"closed","template":"","meta":{"inline_featured_image":false,"footnotes":""},"_links":{"self":[{"href":"https:\/\/dev-uw6ywhu.australis.com\/fr\/wp-json\/wp\/v2\/pages\/2044"}],"collection":[{"href":"https:\/\/dev-uw6ywhu.australis.com\/fr\/wp-json\/wp\/v2\/pages"}],"about":[{"href":"https:\/\/dev-uw6ywhu.australis.com\/fr\/wp-json\/wp\/v2\/types\/page"}],"author":[{"embeddable":true,"href":"https:\/\/dev-uw6ywhu.australis.com\/fr\/wp-json\/wp\/v2\/users\/1"}],"replies":[{"embeddable":true,"href":"https:\/\/dev-uw6ywhu.australis.com\/fr\/wp-json\/wp\/v2\/comments?post=2044"}],"version-history":[{"count":7,"href":"https:\/\/dev-uw6ywhu.australis.com\/fr\/wp-json\/wp\/v2\/pages\/2044\/revisions"}],"predecessor-version":[{"id":2404,"href":"https:\/\/dev-uw6ywhu.australis.com\/fr\/wp-json\/wp\/v2\/pages\/2044\/revisions\/2404"}],"up":[{"embeddable":true,"href":"https:\/\/dev-uw6ywhu.australis.com\/fr\/wp-json\/wp\/v2\/pages\/1753"}],"wp:attachment":[{"href":"https:\/\/dev-uw6ywhu.australis.com\/fr\/wp-json\/wp\/v2\/media?parent=2044"}],"curies":[{"name":"wp","href":"https:\/\/api.w.org\/{rel}","templated":true}]}}