{"id":2053,"date":"2022-07-09T02:01:45","date_gmt":"2022-07-09T02:01:45","guid":{"rendered":"https:\/\/dev-uw6ywhu.australis.com\/ventus-australis\/menu-principal\/protocoles-sanitaries\/protocoles-sanitaires\/"},"modified":"2022-12-28T14:35:16","modified_gmt":"2022-12-28T14:35:16","slug":"protocoles-sanitaires","status":"publish","type":"page","link":"https:\/\/dev-uw6ywhu.australis.com\/fr\/ventus-australis\/menu-principal\/protocoles-sanitaries\/protocoles-sanitaires\/","title":{"rendered":"Protocoles Sanitaires"},"content":{"rendered":"<p>[vc_row bg_type=\u00a0\u00bbcolor\u00a0\u00bb header_feature=\u00a0\u00bbyes\u00a0\u00bb bg_color=\u00a0\u00bb#132f58&Prime; padding_top=\u00a0\u00bb15px\u00a0\u00bb][vc_column width=\u00a0\u00bb1\/6&Prime;][\/vc_column][vc_column width=\u00a0\u00bb2\/3&Prime;]<div class=\"grve-element grve-align-center grve-animated-item grve-fadeIn\" data-delay=\"200\"><a href=\"https:\/\/dev-uw6ywhu.australis.com\/fr\/ventus-australis\/menu-principal\/protocoles-sanitaries\/\" title=\"Protocoles Sanitaries\" class=\"grve-btn grve-btn-small grve-square grve-bg-white grve-bg-hover-primary-2 grve-btn-line\"><span><i class=\"fas fa-reply\"><\/i>Retour<\/span><\/a><\/div>[\/vc_column][vc_column width=\u00a0\u00bb1\/6&Prime;][\/vc_column][\/vc_row][vc_row heading_color=\u00a0\u00bblight\u00a0\u00bb bg_type=\u00a0\u00bbcolor\u00a0\u00bb header_feature=\u00a0\u00bbyes\u00a0\u00bb font_color=\u00a0\u00bb#ffffff\u00a0\u00bb bg_color=\u00a0\u00bb#132f58&Prime; padding_top=\u00a0\u00bb5%\u00a0\u00bb padding_bottom=\u00a0\u00bb5%\u00a0\u00bb margin_bottom=\u00a0\u00bb0px\u00a0\u00bb][vc_column width=\u00a0\u00bb1\/6&Prime;][\/vc_column][vc_column width=\u00a0\u00bb2\/3&Prime; tablet_sm_width=\u00a0\u00bb1&Prime;][vc_column_text animation=\u00a0\u00bbfadeIn\u00a0\u00bb]<\/p>\n<p style=\"text-align: center;\">Cher passager \/ Ch\u00e8re passag\u00e8re,<\/p>\n<p style=\"text-align: center;\">Pour vous offrir une exp\u00e9rience inoubliable et durant tout le s\u00e9jour \u00e0 bord, nous recommandons respecter les mesures de s\u00e9curit\u00e9 que nous sugg\u00e9rons \u00e0 continuation, celles-ci ont \u00e9t\u00e9 \u00e9labor\u00e9 en fonction des r\u00e8glements locaux et internationaux qui recommandent nous prot\u00e9ger entre tous et plus particuli\u00e8rement pour maintenir la s\u00e9curit\u00e9 sanitaire tant de nos passagers comme de nos membres d\u2019\u00e9quipage.<\/p>\n<p style=\"text-align: center;\">Voici ci-dessous les d\u00e9tails de recommandations sur la vie \u00e0 bord du bateau de cette saison :<\/p>\n<p>[\/vc_column_text][vc_empty_space][\/vc_column][vc_column width=\u00a0\u00bb1\/6&Prime;][\/vc_column][\/vc_row][vc_row section_type=\u00a0\u00bbfullwidth\u00a0\u00bb][vc_column]<div class=\"grve-element grve-image grve-align-center\" style=\"\"><img width=\"2560\" height=\"1440\" src=\"https:\/\/dev-uw6ywhu.australis.com\/wp-content\/uploads\/2022\/07\/protocolo-ventus-2.jpg\" class=\"attachment-full size-full\" alt=\"\" decoding=\"async\" loading=\"lazy\" srcset=\"https:\/\/dev-uw6ywhu.australis.com\/wp-content\/uploads\/2022\/07\/protocolo-ventus-2.jpg 2560w, https:\/\/dev-uw6ywhu.australis.com\/wp-content\/uploads\/2022\/07\/protocolo-ventus-2-300x169.jpg 300w, https:\/\/dev-uw6ywhu.australis.com\/wp-content\/uploads\/2022\/07\/protocolo-ventus-2-1024x576.jpg 1024w, https:\/\/dev-uw6ywhu.australis.com\/wp-content\/uploads\/2022\/07\/protocolo-ventus-2-768x432.jpg 768w, https:\/\/dev-uw6ywhu.australis.com\/wp-content\/uploads\/2022\/07\/protocolo-ventus-2-1536x864.jpg 1536w, https:\/\/dev-uw6ywhu.australis.com\/wp-content\/uploads\/2022\/07\/protocolo-ventus-2-1170x658.jpg 1170w, https:\/\/dev-uw6ywhu.australis.com\/wp-content\/uploads\/2022\/07\/protocolo-ventus-2-800x450.jpg 800w, https:\/\/dev-uw6ywhu.australis.com\/wp-content\/uploads\/2022\/07\/protocolo-ventus-2-1920x1080.jpg 1920w\" sizes=\"(max-width: 2560px) 100vw, 2560px\" \/><\/div>[\/vc_column][\/vc_row][vc_row][vc_column width=\u00a0\u00bb1\/6&Prime;][\/vc_column][vc_column width=\u00a0\u00bb2\/3&Prime;]<h3 class=\"grve-element grve-title grve-align-center grve-animated-item grve-fadeIn grve-h4\" style=\"\" data-delay=\"200\"><span>A bord<span class=\"grve-title-line grve-bg-primary-1\" style=\"width: 50px;height: 2px;\"><\/span><\/span><\/h3>[vc_column_text]<\/p>\n<p style=\"text-align: center; font-size: 7pt;\">Glisser pour voir<\/p>\n<p>[\/vc_column_text]<div class=\"grve-element grve-carousel-wrapper grve-with-gap grve-carousel-pagination-1\" style=\"\"><div class=\"grve-carousel-navigation grve-dark grve-navigation-4 grve-navigation-carousel\">\t<div class=\"grve-carousel-buttons\">\t\t<div class=\"grve-carousel-prev\">\t\t\t<i class=\"grve-icon-arrow-left\"><\/i>\t\t<\/div>\t\t<div class=\"grve-carousel-next\">\t\t\t<i class=\"grve-icon-arrow-right\"><\/i>\t\t<\/div>\t<\/div><\/div>\t<div class=\"grve-flexible-carousel grve-carousel-element \" data-items=\"1\" data-tablet-landscape-items=\"1\" data-tablet-portrait-items=\"1\" data-mobile-items=\"1\" data-slider-speed=\"3000\" data-pagination-speed=\"400\" data-pagination=\"yes\" data-slider-autoheight=\"yes\" data-slider-pause=\"no\" data-slider-autoplay=\"no\">[vc_column_text]<\/p>\n<p style=\"text-align: center;\"><i class=\"fas fa-mask-face fa-icono\"><\/i><\/p>\n<p style=\"text-align: center;\">A l\u2019accueil pour pourrez demander un <strong>kit contenant des masques.<\/strong><\/p>\n<p>[\/vc_column_text][vc_column_text]<\/p>\n<p style=\"text-align: center;\"><i class=\"fas fa-mask-face fa-icono\"><\/i><\/p>\n<p style=\"text-align: center;\"><strong>L\u2019usage des masques est recommand\u00e9 dans toutes les zones communes \u00e0 l\u2019int\u00e9rieur<\/strong> du bateau, except\u00e9 lorsque vous \u00eates assis \u00e0 votre table durant les services de restaurations et bars. Durant l\u2019entr\u00e9e, la sortie et les d\u00e9placements \u00e0 l\u2019int\u00e9rieur de la salle \u00e0 manger et du bar, nous recommandons le port du masque.<\/p>\n<p>[\/vc_column_text][vc_column_text]<\/p>\n<p style=\"text-align: center;\"><i class=\"fas fa-people-arrows fa-icono\"><\/i><\/p>\n<p style=\"text-align: center;\">Nous recommandons \u00e9galement de maintenir une <strong>distance ad\u00e9quate<\/strong> avec vos compagnons de voyage.<\/p>\n<p>[\/vc_column_text][vc_column_text]<\/p>\n<p style=\"text-align: center;\"><i class=\"fas fa-hands-bubbles fa-icono\"><\/i><\/p>\n<p style=\"text-align: center;\">L&rsquo;hygi\u00e8ne des mains et primordiale, en plus de se les <strong>laver fr\u00e9quemment<\/strong> vous trouverez des <strong>distributeurs de gel hydroalcoolique<\/strong> \u00e0 infrarouge dans tous les salons, couloirs et zones communes.<\/p>\n<p>[\/vc_column_text][vc_column_text]<\/p>\n<p style=\"text-align: center;\"><i class=\"fas fa-trash-can fa-icono\"><\/i><\/p>\n<p style=\"text-align: center;\">Tous les \u00e9l\u00e9ments de protection individuelle doivent \u00eatre j<strong>et\u00e9s dans des poubelles pr\u00e9vues <\/strong>\u00e0 cet effet. Celles-ci seront d\u00fbment signal\u00e9es dans diff\u00e9rents secteurs de notre bateau. Si vous trouvez l&rsquo;un de ces d\u00e9chets en dehors de ces poubelles, veuillez en informer imm\u00e9diatement l&rsquo;\u00e9quipage afin que nous puissions nous occuper de sa <strong>correcte \u00e9limination <\/strong>et ainsi contribuer \u00e0 la pr\u00e9servation de l\u2019environnement de la r\u00e9gion.<\/p>\n<p>[\/vc_column_text][vc_column_text]<\/p>\n<p style=\"text-align: center;\"><i class=\"fas fa-calendar fa-icono\"><\/i><\/p>\n<p style=\"text-align: center;\">Merci de rester <strong>attentif aux horaires<\/strong> et lieux des conf\u00e9rences et activit\u00e9s \u00e0 bord. Celles-ci peuvent \u00eatre r\u00e9alis\u00e9es en <strong>diff\u00e9r\u00e9 ou simultan\u00e9e ou bien dans diff\u00e9rents salons du bateau.<\/strong><\/p>\n<p>[\/vc_column_text]\t<\/div><\/div>[\/vc_column][vc_column width=\u00a0\u00bb1\/6&Prime;][\/vc_column][\/vc_row][vc_row section_type=\u00a0\u00bbfullwidth\u00a0\u00bb margin_bottom=\u00a0\u00bb0px\u00a0\u00bb][vc_column]<div class=\"grve-element grve-image grve-animated-item grve-fadeInUp grve-align-center\" style=\"\" data-delay=\"200\"><img width=\"2560\" height=\"1440\" src=\"https:\/\/dev-uw6ywhu.australis.com\/wp-content\/uploads\/2022\/07\/protocolo-ventus-3-1.jpg\" class=\"attachment-full size-full\" alt=\"\" decoding=\"async\" loading=\"lazy\" srcset=\"https:\/\/dev-uw6ywhu.australis.com\/wp-content\/uploads\/2022\/07\/protocolo-ventus-3-1.jpg 2560w, https:\/\/dev-uw6ywhu.australis.com\/wp-content\/uploads\/2022\/07\/protocolo-ventus-3-1-300x169.jpg 300w, https:\/\/dev-uw6ywhu.australis.com\/wp-content\/uploads\/2022\/07\/protocolo-ventus-3-1-1024x576.jpg 1024w, https:\/\/dev-uw6ywhu.australis.com\/wp-content\/uploads\/2022\/07\/protocolo-ventus-3-1-768x432.jpg 768w, https:\/\/dev-uw6ywhu.australis.com\/wp-content\/uploads\/2022\/07\/protocolo-ventus-3-1-1536x864.jpg 1536w, https:\/\/dev-uw6ywhu.australis.com\/wp-content\/uploads\/2022\/07\/protocolo-ventus-3-1-1170x658.jpg 1170w, https:\/\/dev-uw6ywhu.australis.com\/wp-content\/uploads\/2022\/07\/protocolo-ventus-3-1-800x450.jpg 800w, https:\/\/dev-uw6ywhu.australis.com\/wp-content\/uploads\/2022\/07\/protocolo-ventus-3-1-1920x1080.jpg 1920w\" sizes=\"(max-width: 2560px) 100vw, 2560px\" \/><\/div>[\/vc_column][\/vc_row][vc_row heading_color=\u00a0\u00bblight\u00a0\u00bb bg_type=\u00a0\u00bbimage\u00a0\u00bb bg_image=\u00a0\u00bb735&Prime; bg_position=\u00a0\u00bbcenter-top\u00a0\u00bb pattern_overlay=\u00a0\u00bbyes\u00a0\u00bb color_overlay=\u00a0\u00bbprimary-1&Prime; opacity_overlay=\u00a0\u00bb80&Prime; font_color=\u00a0\u00bb#ffffff\u00a0\u00bb padding_bottom=\u00a0\u00bb10%\u00a0\u00bb padding_top=\u00a0\u00bb10%\u00a0\u00bb margin_bottom=\u00a0\u00bb0px\u00a0\u00bb][vc_column width=\u00a0\u00bb1\/6&Prime;][\/vc_column][vc_column width=\u00a0\u00bb2\/3&Prime;]<h3 class=\"grve-element grve-title grve-align-center grve-animated-item grve-fadeInDown grve-h4\" style=\"\" data-delay=\"200\"><span>Durant les excursions<span class=\"grve-title-line grve-bg-primary-2\" style=\"width: 50px;height: 2px;\"><\/span><\/span><\/h3>[vc_column_text]<\/p>\n<p style=\"text-align: center; font-size: 7pt;\">Glisser pour voir<\/p>\n<p>[\/vc_column_text]<div class=\"grve-element grve-carousel-wrapper grve-with-gap grve-carousel-pagination-1\" style=\"\"><div class=\"grve-carousel-navigation grve-light grve-navigation-1 grve-navigation-carousel\">\t<div class=\"grve-carousel-buttons\">\t\t<div class=\"grve-carousel-prev\">\t\t\t<i class=\"grve-icon-arrow-left-alt\"><\/i>\t\t<\/div>\t\t<div class=\"grve-carousel-next\">\t\t\t<i class=\"grve-icon-arrow-right-alt\"><\/i>\t\t<\/div>\t<\/div><\/div>\t<div class=\"grve-flexible-carousel grve-carousel-element \" data-items=\"1\" data-tablet-landscape-items=\"1\" data-tablet-portrait-items=\"1\" data-mobile-items=\"1\" data-slider-speed=\"3000\" data-pagination-speed=\"400\" data-pagination=\"yes\" data-slider-autoheight=\"no\" data-slider-pause=\"yes\" data-slider-autoplay=\"no\"><div class=\"grve-element grve-box-icon grve-align-center grve-large\" style=\"\"><div class=\"grve-image-icon\"><img width=\"1\" height=\"1\" src=\"https:\/\/dev-uw6ywhu.australis.com\/wp-content\/uploads\/2022\/07\/protocolo-sanitario-exp-01.svg\" class=\"attachment-full size-full\" alt=\"\" decoding=\"async\" srcset=\"\" loading=\"lazy\" \/><\/div>  <div class=\"grve-box-content\">    <p class=\"\"><strong>Le port du masque est facultatif <\/strong>lors des trajets en zodiacs.<\/p>  <\/div><\/div><div class=\"grve-element grve-box-icon grve-align-center grve-large\" style=\"\"><div class=\"grve-image-icon\"><img width=\"1\" height=\"1\" src=\"https:\/\/dev-uw6ywhu.australis.com\/wp-content\/uploads\/2022\/07\/protocolo-sanitario-exp-02.svg\" class=\"attachment-full size-full\" alt=\"\" decoding=\"async\" srcset=\"\" loading=\"lazy\" \/><\/div>  <div class=\"grve-box-content\">    <p class=\"\">Les <strong>d\u00e9barquements<\/strong> en bateaux pneumatiques Zodiac pourront se faire <strong>en mode diff\u00e9r\u00e9, et en limitant le nombre de passagers \u00e0 chaque transfert.<\/strong><\/p>  <\/div><\/div><div class=\"grve-element grve-box-icon grve-align-center grve-large\" style=\"\"><div class=\"grve-image-icon\"><img width=\"1\" height=\"1\" src=\"https:\/\/dev-uw6ywhu.australis.com\/wp-content\/uploads\/2022\/07\/protocolo-sanitario-exp-03.svg\" class=\"attachment-full size-full\" alt=\"\" decoding=\"async\" srcset=\"\" loading=\"lazy\" \/><\/div>  <div class=\"grve-box-content\">    <p class=\"\">Une fois sur le lieu d\u2019excursion (donc \u00e0 l\u2019ext\u00e9rieur) et apr\u00e8s avoir re\u00e7u les consignes pour la randonn\u00e9e, <strong>le port du masque sera volontaire.<\/strong> Il est recommand\u00e9 de maintenir une <strong>distance optimale <\/strong>entre chaque passager.<\/p>  <\/div><\/div><div class=\"grve-element grve-box-icon grve-align-center grve-large\" style=\"\"><div class=\"grve-image-icon\"><img width=\"1\" height=\"1\" src=\"https:\/\/dev-uw6ywhu.australis.com\/wp-content\/uploads\/2022\/07\/protocolo-sanitario-exp-04.svg\" class=\"attachment-full size-full\" alt=\"\" decoding=\"async\" srcset=\"\" loading=\"lazy\" \/><\/div>  <div class=\"grve-box-content\">    <p class=\"\">Le<strong> port du masque est recommand\u00e9 <\/strong>\u00e0 chaque fois que le groupe se r\u00e9unira pour recevoir les <strong>instructions et les explications <\/strong>de nos guides d\u2019exp\u00e9ditions, sp\u00e9cialement lorsque les conditions climatiques adverses et venteuses qui obligent \u00e0 se rapprocher des guides.<\/p>  <\/div><\/div><div class=\"grve-element grve-box-icon grve-align-center grve-large\" style=\"\"><div class=\"grve-image-icon\"><img width=\"1\" height=\"1\" src=\"https:\/\/dev-uw6ywhu.australis.com\/wp-content\/uploads\/2022\/07\/protocolo-sanitario-exp-05-1.svg\" class=\"attachment-full size-full\" alt=\"\" decoding=\"async\" srcset=\"\" loading=\"lazy\" \/><\/div>  <div class=\"grve-box-content\">    <p class=\"\"><strong>Dans cette r\u00e9gion o\u00f9 le vent souffle fort, nous vous remercions de faire particuli\u00e8rement attentions aux masques et de les fixer gr\u00e2ce \u00e0 des porte-masques ou de les garder dans des poches ou sacs personnels.<\/strong><\/p>  <\/div><\/div>\t<\/div><\/div>[\/vc_column][vc_column width=\u00a0\u00bb1\/6&Prime;][\/vc_column][\/vc_row][vc_row padding_top=\u00a0\u00bb5%\u00a0\u00bb padding_bottom=\u00a0\u00bb5%\u00a0\u00bb][vc_column width=\u00a0\u00bb1\/6&Prime;][\/vc_column][vc_column width=\u00a0\u00bb2\/3&Prime;]<h3 class=\"grve-element grve-title grve-align-center grve-animated-item grve-fadeInDown grve-h4\" style=\"\" data-delay=\"200\"><span>Mesures de pr\u00e9vention suppl\u00e9mentaires<span class=\"grve-title-line grve-bg-primary-3\" style=\"width: 50px;height: 2px;\"><\/span><\/span><\/h3>[vc_column_text animation=\u00a0\u00bbfadeIn\u00a0\u00bb]Le bateau dispose d&rsquo;un <strong>syst\u00e8me de ventilation<\/strong> bas\u00e9 sur la technologie des \u00e9quipements d&rsquo;ionisation bipolaire (Plasma air), qui assure une d<strong>iminution de 99% de la charge virale pour COVID-19 <\/strong>dans l&rsquo;air et de 80% sur les surfaces.<\/p>\n<p><strong>Le nettoyage et la d\u00e9sinfection<\/strong> de toutes les zones de notre bateau est renforc\u00e9e. Apr\u00e8s chaque activit\u00e9 et \u00e0 la fin de chaque journ\u00e9e, les chambres et les espaces communs sont correctement d\u00e9sinfect\u00e9s et aseptis\u00e9s avec des produits certifi\u00e9s.[\/vc_column_text][\/vc_column][vc_column width=\u00a0\u00bb1\/6&Prime;][\/vc_column][\/vc_row][vc_row section_type=\u00a0\u00bbfullwidth\u00a0\u00bb margin_bottom=\u00a0\u00bb0px\u00a0\u00bb][vc_column]<div class=\"grve-element grve-image grve-align-center\" style=\"\"><img width=\"2560\" height=\"1440\" src=\"https:\/\/dev-uw6ywhu.australis.com\/wp-content\/uploads\/2022\/07\/protocolo-ventus-4.jpg\" class=\"attachment-full size-full\" alt=\"\" decoding=\"async\" loading=\"lazy\" srcset=\"https:\/\/dev-uw6ywhu.australis.com\/wp-content\/uploads\/2022\/07\/protocolo-ventus-4.jpg 2560w, https:\/\/dev-uw6ywhu.australis.com\/wp-content\/uploads\/2022\/07\/protocolo-ventus-4-300x169.jpg 300w, https:\/\/dev-uw6ywhu.australis.com\/wp-content\/uploads\/2022\/07\/protocolo-ventus-4-1024x576.jpg 1024w, https:\/\/dev-uw6ywhu.australis.com\/wp-content\/uploads\/2022\/07\/protocolo-ventus-4-768x432.jpg 768w, https:\/\/dev-uw6ywhu.australis.com\/wp-content\/uploads\/2022\/07\/protocolo-ventus-4-1536x864.jpg 1536w, https:\/\/dev-uw6ywhu.australis.com\/wp-content\/uploads\/2022\/07\/protocolo-ventus-4-1170x658.jpg 1170w, https:\/\/dev-uw6ywhu.australis.com\/wp-content\/uploads\/2022\/07\/protocolo-ventus-4-800x450.jpg 800w, https:\/\/dev-uw6ywhu.australis.com\/wp-content\/uploads\/2022\/07\/protocolo-ventus-4-1920x1080.jpg 1920w\" sizes=\"(max-width: 2560px) 100vw, 2560px\" \/><\/div>[\/vc_column][\/vc_row][vc_row heading_color=\u00a0\u00bblight\u00a0\u00bb bg_type=\u00a0\u00bbcolor\u00a0\u00bb padding_top=\u00a0\u00bb10%\u00a0\u00bb font_color=\u00a0\u00bb#ffffff\u00a0\u00bb bg_color=\u00a0\u00bb#132f58&Prime; padding_bottom=\u00a0\u00bb5%\u00a0\u00bb margin_bottom=\u00a0\u00bb0px\u00a0\u00bb][vc_column width=\u00a0\u00bb1\/6&Prime;][\/vc_column][vc_column width=\u00a0\u00bb2\/3&Prime;]<h3 class=\"grve-element grve-title grve-align-center grve-animated-item grve-fadeInDown grve-h4\" style=\"\" data-delay=\"200\"><span>Un Grand merci !<\/span><\/h3>[vc_column_text animation=\u00a0\u00bbfadeIn\u00a0\u00bb]<\/p>\n<p style=\"text-align: center;\">\u00c0 vous tous pour faire partie de ce retour aux voyages s\u00fbrs vers la nature intacte de la Patagonie.<\/p>\n<p style=\"text-align: center;\">Prenons soins de nous en suivant ces mesures de base, qui plus que jamais, aident \u00e9galement \u00e0 prot\u00e9ger la nature. Un des effets secondaires engendr\u00e9s par cette pand\u00e9mie est l\u2019augmentation des d\u00e9chets sanitaires, pour ce fait nous insistons et faisons appel \u00e0 votre collaboration pour maintenir imperceptible notre visite sur ces terres \u00e9loign\u00e9es et intactes.<\/p>\n<p style=\"text-align: center;\">Pour que la magie des paysages que nous offre la Patagonie reste intacte, c\u2019est \u00e0 nous tous d\u2019agir en cons\u00e9quence.<\/p>\n<p>[\/vc_column_text][vc_column_text text_style=\u00a0\u00bbleader-text\u00a0\u00bb animation=\u00a0\u00bbfadeIn\u00a0\u00bb]<\/p>\n<p style=\"text-align: center;\">Bienvenue \u00e0 bord !<\/p>\n<p>[\/vc_column_text][\/vc_column][vc_column width=\u00a0\u00bb1\/6&Prime;][\/vc_column][\/vc_row][vc_row bg_type=\u00a0\u00bbcolor\u00a0\u00bb footer_feature=\u00a0\u00bbyes\u00a0\u00bb bg_color=\u00a0\u00bb#132f58&Prime; padding_top=\u00a0\u00bb15px\u00a0\u00bb padding_bottom=\u00a0\u00bb15px\u00a0\u00bb][vc_column width=\u00a0\u00bb1\/6&Prime;][\/vc_column][vc_column width=\u00a0\u00bb2\/3&Prime;]<div class=\"grve-element grve-align-center grve-animated-item grve-fadeIn\" data-delay=\"200\"><a href=\"https:\/\/dev-uw6ywhu.australis.com\/fr\/ventus-australis\/menu-principal\/protocoles-sanitaries\/\" title=\"Protocoles Sanitaries\" class=\"grve-btn grve-btn-small grve-square grve-bg-white grve-bg-hover-primary-2 grve-btn-line\"><span><i class=\"fas fa-reply\"><\/i>Retour<\/span><\/a><\/div>[\/vc_column][vc_column width=\u00a0\u00bb1\/6&Prime;][\/vc_column][\/vc_row]<\/p>\n","protected":false},"excerpt":{"rendered":"<p>[vc_row bg_type=\u00a0\u00bbcolor\u00a0\u00bb header_feature=\u00a0\u00bbyes\u00a0\u00bb bg_color=\u00a0\u00bb#132f58&Prime; padding_top=\u00a0\u00bb15px\u00a0\u00bb][vc_column width=\u00a0\u00bb1\/6&Prime;][\/vc_column][vc_column width=\u00a0\u00bb2\/3&Prime;][\/vc_column][vc_column width=\u00a0\u00bb1\/6&Prime;][\/vc_column][\/vc_row][vc_row heading_color=\u00a0\u00bblight\u00a0\u00bb bg_type=\u00a0\u00bbcolor\u00a0\u00bb header_feature=\u00a0\u00bbyes\u00a0\u00bb font_color=\u00a0\u00bb#ffffff\u00a0\u00bb bg_color=\u00a0\u00bb#132f58&Prime; padding_top=\u00a0\u00bb5%\u00a0\u00bb padding_bottom=\u00a0\u00bb5%\u00a0\u00bb margin_bottom=\u00a0\u00bb0px\u00a0\u00bb][vc_column width=\u00a0\u00bb1\/6&Prime;][\/vc_column][vc_column width=\u00a0\u00bb2\/3&Prime; tablet_sm_width=\u00a0\u00bb1&Prime;][vc_column_text animation=\u00a0\u00bbfadeIn\u00a0\u00bb] Cher passager \/ Ch\u00e8re passag\u00e8re, Pour vous offrir une exp\u00e9rience inoubliable et durant tout le s\u00e9jour \u00e0 bord, nous recommandons respecter les mesures de s\u00e9curit\u00e9 que nous sugg\u00e9rons \u00e0 continuation, celles-ci ont \u00e9t\u00e9 \u00e9labor\u00e9 en [&hellip;]<\/p>\n","protected":false},"author":1,"featured_media":0,"parent":1753,"menu_order":0,"comment_status":"closed","ping_status":"closed","template":"","meta":{"inline_featured_image":false,"footnotes":""},"_links":{"self":[{"href":"https:\/\/dev-uw6ywhu.australis.com\/fr\/wp-json\/wp\/v2\/pages\/2053"}],"collection":[{"href":"https:\/\/dev-uw6ywhu.australis.com\/fr\/wp-json\/wp\/v2\/pages"}],"about":[{"href":"https:\/\/dev-uw6ywhu.australis.com\/fr\/wp-json\/wp\/v2\/types\/page"}],"author":[{"embeddable":true,"href":"https:\/\/dev-uw6ywhu.australis.com\/fr\/wp-json\/wp\/v2\/users\/1"}],"replies":[{"embeddable":true,"href":"https:\/\/dev-uw6ywhu.australis.com\/fr\/wp-json\/wp\/v2\/comments?post=2053"}],"version-history":[{"count":22,"href":"https:\/\/dev-uw6ywhu.australis.com\/fr\/wp-json\/wp\/v2\/pages\/2053\/revisions"}],"predecessor-version":[{"id":3096,"href":"https:\/\/dev-uw6ywhu.australis.com\/fr\/wp-json\/wp\/v2\/pages\/2053\/revisions\/3096"}],"up":[{"embeddable":true,"href":"https:\/\/dev-uw6ywhu.australis.com\/fr\/wp-json\/wp\/v2\/pages\/1753"}],"wp:attachment":[{"href":"https:\/\/dev-uw6ywhu.australis.com\/fr\/wp-json\/wp\/v2\/media?parent=2053"}],"curies":[{"name":"wp","href":"https:\/\/api.w.org\/{rel}","templated":true}]}}