{"id":2117,"date":"2022-08-01T21:39:39","date_gmt":"2022-08-01T21:39:39","guid":{"rendered":"https:\/\/dev-uw6ywhu.australis.com\/ventus-australis\/menu-principal\/expedition\/cartes-et-itineraires\/itineraire-australis\/"},"modified":"2022-09-09T03:56:18","modified_gmt":"2022-09-09T03:56:18","slug":"itineraire-australis","status":"publish","type":"page","link":"https:\/\/dev-uw6ywhu.australis.com\/fr\/ventus-australis\/menu-principal\/expedition\/cartes-et-itineraires\/itineraire-australis\/","title":{"rendered":"Itin\u00e9raire Australis"},"content":{"rendered":"<p>[vc_row bg_type=\u00a0\u00bbcolor\u00a0\u00bb header_feature=\u00a0\u00bbyes\u00a0\u00bb bg_color=\u00a0\u00bb#132f58&Prime; padding_top=\u00a0\u00bb15px\u00a0\u00bb padding_bottom=\u00a0\u00bb15px\u00a0\u00bb][vc_column width=\u00a0\u00bb1\/6&Prime;][\/vc_column][vc_column width=\u00a0\u00bb2\/3&Prime;]<div class=\"grve-element grve-align-center grve-animated-item grve-fadeIn\" data-delay=\"200\"><a href=\"https:\/\/dev-uw6ywhu.australis.com\/fr\/ventus-australis\/menu-principal\/expedition\/cartes-et-itineraires\/\" title=\"Protocoles Sanitaries\" class=\"grve-btn grve-btn-small grve-square grve-bg-white grve-bg-hover-primary-2 grve-btn-line\"><span><i class=\"fas fa-reply\"><\/i>Retour<\/span><\/a><\/div>[\/vc_column][vc_column width=\u00a0\u00bb1\/6&Prime;][\/vc_column][\/vc_row][vc_row][vc_column width=\u00a0\u00bb1\/6&Prime;][\/vc_column][vc_column width=\u00a0\u00bb2\/3&Prime;]<div class=\"grve-element grve-image grve-animated-item grve-fadeIn grve-align-center\" style=\"\" data-delay=\"200\"><img width=\"2560\" height=\"1885\" src=\"https:\/\/dev-uw6ywhu.australis.com\/wp-content\/uploads\/2022\/09\/Itine\u0301raire-Australis-FR-B-scaled.jpg\" class=\"attachment-full size-full\" alt=\"\" decoding=\"async\" loading=\"lazy\" srcset=\"https:\/\/dev-uw6ywhu.australis.com\/wp-content\/uploads\/2022\/09\/Itine\u0301raire-Australis-FR-B-scaled.jpg 2560w, https:\/\/dev-uw6ywhu.australis.com\/wp-content\/uploads\/2022\/09\/Itine\u0301raire-Australis-FR-B-300x221.jpg 300w, https:\/\/dev-uw6ywhu.australis.com\/wp-content\/uploads\/2022\/09\/Itine\u0301raire-Australis-FR-B-1024x754.jpg 1024w, https:\/\/dev-uw6ywhu.australis.com\/wp-content\/uploads\/2022\/09\/Itine\u0301raire-Australis-FR-B-768x566.jpg 768w, https:\/\/dev-uw6ywhu.australis.com\/wp-content\/uploads\/2022\/09\/Itine\u0301raire-Australis-FR-B-1536x1131.jpg 1536w, https:\/\/dev-uw6ywhu.australis.com\/wp-content\/uploads\/2022\/09\/Itine\u0301raire-Australis-FR-B-1920x1414.jpg 1920w\" sizes=\"(max-width: 2560px) 100vw, 2560px\" \/><\/div><div class=\"grve-element grve-align-center grve-animated-item grve-fadeInUp\" data-delay=\"200\"><a href=\"https:\/\/dev-uw6ywhu.australis.com\/wp-content\/uploads\/2022\/09\/It-Australis-FR-A.jpg\" target=\"_blank\" class=\"grve-btn grve-btn-medium grve-square grve-bg-primary-1 grve-bg-hover-primary-2 grve-btn-line\"><span><i class=\"fas fa-file-download\"><\/i>T\u00e9l\u00e9charger l'image \u00e0 haute r\u00e9solution<\/span><\/a><\/div>[\/vc_column][vc_column width=\u00a0\u00bb1\/6&Prime;][\/vc_column][\/vc_row][vc_row bg_type=\u00a0\u00bbcolor\u00a0\u00bb footer_feature=\u00a0\u00bbyes\u00a0\u00bb bg_color=\u00a0\u00bb#132f58&Prime; padding_top=\u00a0\u00bb15px\u00a0\u00bb padding_bottom=\u00a0\u00bb15px\u00a0\u00bb][vc_column width=\u00a0\u00bb1\/6&Prime;][\/vc_column][vc_column width=\u00a0\u00bb2\/3&Prime;]<div class=\"grve-element grve-align-center grve-animated-item grve-fadeIn\" data-delay=\"200\"><a href=\"https:\/\/dev-uw6ywhu.australis.com\/fr\/ventus-australis\/menu-principal\/expedition\/cartes-et-itineraires\/\" title=\"Protocoles Sanitaries\" class=\"grve-btn grve-btn-small grve-square grve-bg-white grve-bg-hover-primary-2 grve-btn-line\"><span><i class=\"fas fa-reply\"><\/i>Retour<\/span><\/a><\/div>[\/vc_column][vc_column width=\u00a0\u00bb1\/6&Prime;][\/vc_column][\/vc_row]<\/p>\n","protected":false},"excerpt":{"rendered":"<p>[vc_row bg_type=\u00a0\u00bbcolor\u00a0\u00bb header_feature=\u00a0\u00bbyes\u00a0\u00bb bg_color=\u00a0\u00bb#132f58&Prime; padding_top=\u00a0\u00bb15px\u00a0\u00bb padding_bottom=\u00a0\u00bb15px\u00a0\u00bb][vc_column width=\u00a0\u00bb1\/6&Prime;][\/vc_column][vc_column width=\u00a0\u00bb2\/3&Prime;][\/vc_column][vc_column width=\u00a0\u00bb1\/6&Prime;][\/vc_column][\/vc_row][vc_row][vc_column width=\u00a0\u00bb1\/6&Prime;][\/vc_column][vc_column width=\u00a0\u00bb2\/3&Prime;][\/vc_column][vc_column width=\u00a0\u00bb1\/6&Prime;][\/vc_column][\/vc_row][vc_row bg_type=\u00a0\u00bbcolor\u00a0\u00bb footer_feature=\u00a0\u00bbyes\u00a0\u00bb bg_color=\u00a0\u00bb#132f58&Prime; padding_top=\u00a0\u00bb15px\u00a0\u00bb padding_bottom=\u00a0\u00bb15px\u00a0\u00bb][vc_column width=\u00a0\u00bb1\/6&Prime;][\/vc_column][vc_column width=\u00a0\u00bb2\/3&Prime;][\/vc_column][vc_column width=\u00a0\u00bb1\/6&Prime;][\/vc_column][\/vc_row]<\/p>\n","protected":false},"author":1,"featured_media":0,"parent":2108,"menu_order":0,"comment_status":"closed","ping_status":"closed","template":"","meta":{"inline_featured_image":false,"footnotes":""},"_links":{"self":[{"href":"https:\/\/dev-uw6ywhu.australis.com\/fr\/wp-json\/wp\/v2\/pages\/2117"}],"collection":[{"href":"https:\/\/dev-uw6ywhu.australis.com\/fr\/wp-json\/wp\/v2\/pages"}],"about":[{"href":"https:\/\/dev-uw6ywhu.australis.com\/fr\/wp-json\/wp\/v2\/types\/page"}],"author":[{"embeddable":true,"href":"https:\/\/dev-uw6ywhu.australis.com\/fr\/wp-json\/wp\/v2\/users\/1"}],"replies":[{"embeddable":true,"href":"https:\/\/dev-uw6ywhu.australis.com\/fr\/wp-json\/wp\/v2\/comments?post=2117"}],"version-history":[{"count":12,"href":"https:\/\/dev-uw6ywhu.australis.com\/fr\/wp-json\/wp\/v2\/pages\/2117\/revisions"}],"predecessor-version":[{"id":2177,"href":"https:\/\/dev-uw6ywhu.australis.com\/fr\/wp-json\/wp\/v2\/pages\/2117\/revisions\/2177"}],"up":[{"embeddable":true,"href":"https:\/\/dev-uw6ywhu.australis.com\/fr\/wp-json\/wp\/v2\/pages\/2108"}],"wp:attachment":[{"href":"https:\/\/dev-uw6ywhu.australis.com\/fr\/wp-json\/wp\/v2\/media?parent=2117"}],"curies":[{"name":"wp","href":"https:\/\/api.w.org\/{rel}","templated":true}]}}