{"id":2205,"date":"2022-07-11T22:32:29","date_gmt":"2022-07-11T22:32:29","guid":{"rendered":"https:\/\/dev-uw6ywhu.australis.com\/ventus-australis\/menu-principal\/expedition\/conferences-a-bord\/"},"modified":"2022-10-21T15:09:33","modified_gmt":"2022-10-21T15:09:33","slug":"conferences-a-bord","status":"publish","type":"page","link":"https:\/\/dev-uw6ywhu.australis.com\/fr\/ventus-australis\/menu-principal\/expedition\/conferences-a-bord\/","title":{"rendered":"Conf\u00e9rences a Bord"},"content":{"rendered":"<p>[vc_row heading_color=\u00a0\u00bblight\u00a0\u00bb section_full_height=\u00a0\u00bbfullheight\u00a0\u00bb bg_type=\u00a0\u00bbimage\u00a0\u00bb bg_image=\u00a0\u00bb1487&Prime; bg_image_size=\u00a0\u00bbfull\u00a0\u00bb bg_tablet_sm_position=\u00a0\u00bbcenter-bottom\u00a0\u00bb color_overlay=\u00a0\u00bbgradient\u00a0\u00bb gradient_overlay_custom_1=\u00a0\u00bb#132f58&Prime; gradient_overlay_custom_2=\u00a0\u00bbrgba(19,47,88,0.5)\u00a0\u00bb gradient_overlay_direction=\u00a0\u00bb180&Prime; header_feature=\u00a0\u00bbyes\u00a0\u00bb footer_feature=\u00a0\u00bbyes\u00a0\u00bb font_color=\u00a0\u00bb#ffffff\u00a0\u00bb][vc_column]<div class=\"grve-element grve-align-center grve-animated-item grve-fadeIn\" data-delay=\"200\"><a href=\"https:\/\/dev-uw6ywhu.australis.com\/fr\/ventus-australis\/menu-principal\/expedition\/\" title=\"Protocoles Sanitaries\" class=\"grve-btn grve-btn-small grve-square grve-bg-white grve-bg-hover-primary-2 grve-btn-line\"><span><i class=\"fas fa-reply\"><\/i>Retour<\/span><\/a><\/div>[vc_empty_space]<h3 class=\"grve-element grve-title grve-align-center grve-h3\" style=\"\"><span>Conf\u00e9rences a Bord<\/span><\/h3>[vc_row_inner][vc_column_inner width=\u00a0\u00bb1\/6&Prime; tablet_sm_width=\u00a0\u00bbhide\u00a0\u00bb mobile_width=\u00a0\u00bbhide\u00a0\u00bb][\/vc_column_inner][vc_column_inner width=\u00a0\u00bb1\/3&Prime; tablet_sm_width=\u00a0\u00bb1-2&Prime; mobile_width=\u00a0\u00bb1-2&Prime;]<div class=\"grve-element grve-box-icon grve-align-center grve-medium grve-animated-item grve-zoomIn\" style=\"\" data-delay=\"200\"><a href=\"https:\/\/dev-uw6ywhu.australis.com\/wp-content\/uploads\/2022\/09\/Charla-cabo-hornos-fr.pdf\" target=\"_self\" class=\"\"><div class=\"grve-image-icon\"><img width=\"1\" height=\"1\" src=\"https:\/\/dev-uw6ywhu.australis.com\/wp-content\/uploads\/2022\/08\/cabo-de-hornos.svg\" class=\"attachment-full size-full\" alt=\"\" decoding=\"async\" srcset=\"\" loading=\"lazy\" \/><\/div>  <div class=\"grve-box-content\">      <h3 class=\"grve-box-title grve-link-text\">Cap Horn<\/h3>  <\/div><\/a><\/div>[\/vc_column_inner][vc_column_inner width=\u00a0\u00bb1\/3&Prime; tablet_sm_width=\u00a0\u00bb1-2&Prime; mobile_width=\u00a0\u00bb1-2&Prime;]<div class=\"grve-element grve-box-icon grve-align-center grve-medium grve-animated-item grve-zoomIn\" style=\"\" data-delay=\"200\"><a href=\"https:\/\/dev-uw6ywhu.australis.com\/wp-content\/uploads\/2022\/09\/Charla-tierra-del-fuego-fr.pdf\" target=\"_blank\" class=\"\"><div class=\"grve-image-icon\"><img width=\"1\" height=\"1\" src=\"https:\/\/dev-uw6ywhu.australis.com\/wp-content\/uploads\/2022\/08\/tierra-del-fuego.svg\" class=\"attachment-full size-full\" alt=\"\" decoding=\"async\" srcset=\"\" loading=\"lazy\" \/><\/div>  <div class=\"grve-box-content\">      <h3 class=\"grve-box-title grve-link-text\">D\u00e9couverte de Lat\u00e8rre Du Feu<\/h3>  <\/div><\/a><\/div>[\/vc_column_inner][vc_column_inner width=\u00a0\u00bb1\/6&Prime; tablet_sm_width=\u00a0\u00bbhide\u00a0\u00bb mobile_width=\u00a0\u00bbhide\u00a0\u00bb][\/vc_column_inner][\/vc_row_inner][vc_row_inner][vc_column_inner mobile_width=\u00a0\u00bb1-2&Prime;][vc_empty_space][\/vc_column_inner][\/vc_row_inner][vc_row_inner][vc_column_inner width=\u00a0\u00bb1\/6&Prime; tablet_sm_width=\u00a0\u00bbhide\u00a0\u00bb mobile_width=\u00a0\u00bbhide\u00a0\u00bb][\/vc_column_inner][vc_column_inner width=\u00a0\u00bb1\/3&Prime; tablet_sm_width=\u00a0\u00bb1-2&Prime; mobile_width=\u00a0\u00bb1-2&Prime;]<div class=\"grve-element grve-box-icon grve-align-center grve-medium grve-animated-item grve-zoomIn\" style=\"\" data-delay=\"200\"><a href=\"https:\/\/dev-uw6ywhu.australis.com\/wp-content\/uploads\/2022\/09\/Charla-estrecho-magallanes-fr.pdf\" target=\"_blank\" class=\"\"><div class=\"grve-image-icon\"><img width=\"1\" height=\"1\" src=\"https:\/\/dev-uw6ywhu.australis.com\/wp-content\/uploads\/2022\/08\/estrecho-de-magallanes.svg\" class=\"attachment-full size-full\" alt=\"\" decoding=\"async\" srcset=\"\" loading=\"lazy\" \/><\/div>  <div class=\"grve-box-content\">      <h3 class=\"grve-box-title grve-link-text\">D\u00e9troit De Magellan<\/h3>  <\/div><\/a><\/div>[\/vc_column_inner][vc_column_inner width=\u00a0\u00bb1\/3&Prime; tablet_sm_width=\u00a0\u00bb1-2&Prime; mobile_width=\u00a0\u00bb1-2&Prime;]<div class=\"grve-element grve-box-icon grve-align-center grve-medium grve-animated-item grve-zoomIn\" style=\"\" data-delay=\"200\"><a href=\"https:\/\/dev-uw6ywhu.australis.com\/wp-content\/uploads\/2022\/09\/Charla-glaciologia-fr.pdf\" target=\"_blank\" class=\"\"><div class=\"grve-image-icon\"><img width=\"1\" height=\"1\" src=\"https:\/\/dev-uw6ywhu.australis.com\/wp-content\/uploads\/2022\/08\/glaciologia.svg\" class=\"attachment-full size-full\" alt=\"\" decoding=\"async\" srcset=\"\" loading=\"lazy\" \/><\/div>  <div class=\"grve-box-content\">      <h3 class=\"grve-box-title grve-link-text\">Glaciologie en Patagonie<\/h3>  <\/div><\/a><\/div>[\/vc_column_inner][vc_column_inner width=\u00a0\u00bb1\/6&Prime; tablet_sm_width=\u00a0\u00bbhide\u00a0\u00bb mobile_width=\u00a0\u00bbhide\u00a0\u00bb][\/vc_column_inner][\/vc_row_inner][vc_row_inner][vc_column_inner mobile_width=\u00a0\u00bb1-2&Prime;][vc_empty_space][\/vc_column_inner][\/vc_row_inner][vc_row_inner][vc_column_inner width=\u00a0\u00bb1\/6&Prime; tablet_sm_width=\u00a0\u00bbhide\u00a0\u00bb mobile_width=\u00a0\u00bbhide\u00a0\u00bb][\/vc_column_inner][vc_column_inner width=\u00a0\u00bb1\/3&Prime; tablet_sm_width=\u00a0\u00bb1-2&Prime; mobile_width=\u00a0\u00bb1-2&Prime;]<div class=\"grve-element grve-box-icon grve-align-center grve-medium grve-animated-item grve-zoomIn\" style=\"\" data-delay=\"200\"><a href=\"https:\/\/dev-uw6ywhu.australis.com\/wp-content\/uploads\/2022\/09\/Charla-pinguino-magallanes-fr.pdf\" target=\"_blank\" class=\"\"><div class=\"grve-image-icon\"><img width=\"1\" height=\"1\" src=\"https:\/\/dev-uw6ywhu.australis.com\/wp-content\/uploads\/2022\/08\/pinguino-de-magallanes.svg\" class=\"attachment-full size-full\" alt=\"\" decoding=\"async\" srcset=\"\" loading=\"lazy\" \/><\/div>  <div class=\"grve-box-content\">      <h3 class=\"grve-box-title grve-link-text\">Manchot de Magellan<\/h3>  <\/div><\/a><\/div>[\/vc_column_inner][vc_column_inner width=\u00a0\u00bb1\/3&Prime; tablet_sm_width=\u00a0\u00bb1-2&Prime; mobile_width=\u00a0\u00bb1-2&Prime;]<div class=\"grve-element grve-box-icon grve-align-center grve-medium grve-animated-item grve-zoomIn\" style=\"\" data-delay=\"200\"><a href=\"https:\/\/dev-uw6ywhu.australis.com\/wp-content\/uploads\/2022\/09\/Charla-vida-a-bordo-stella-fr.pdf\" target=\"_blank\" class=\"\"><div class=\"grve-image-icon\"><img width=\"1\" height=\"1\" src=\"https:\/\/dev-uw6ywhu.australis.com\/wp-content\/uploads\/2022\/08\/vida-a-brodo.svg\" class=\"attachment-full size-full\" alt=\"\" decoding=\"async\" srcset=\"\" loading=\"lazy\" \/><\/div>  <div class=\"grve-box-content\">      <h3 class=\"grve-box-title grve-link-text\">Vie \u00c0 Bord<\/h3>  <\/div><\/a><\/div>[\/vc_column_inner][vc_column_inner width=\u00a0\u00bb1\/6&Prime; tablet_sm_width=\u00a0\u00bbhide\u00a0\u00bb mobile_width=\u00a0\u00bbhide\u00a0\u00bb][\/vc_column_inner][\/vc_row_inner][vc_row_inner][vc_column_inner mobile_width=\u00a0\u00bb1-2&Prime;][vc_empty_space][\/vc_column_inner][\/vc_row_inner][vc_row_inner][vc_column_inner][vc_empty_space height=\u00a0\u00bb62px\u00a0\u00bb][vc_column_text animation=\u00a0\u00bbfadeIn\u00a0\u00bb]<\/p>\n<p style=\"text-align: center; font-size: 10pt;\">Le contenu d&rsquo;AustralisNet est exclusivement destin\u00e9 \u00e0 \u00eatre utilis\u00e9 \u00e0 bord et sa reproduction est interdite.<br \/>\nAustralis se r\u00e9serve le droit de le modifier sans pr\u00e9avis.<\/p>\n<p>[\/vc_column_text][\/vc_column_inner][\/vc_row_inner][\/vc_column][\/vc_row]<\/p>\n","protected":false},"excerpt":{"rendered":"<p>[vc_row heading_color=\u00a0\u00bblight\u00a0\u00bb section_full_height=\u00a0\u00bbfullheight\u00a0\u00bb bg_type=\u00a0\u00bbimage\u00a0\u00bb bg_image=\u00a0\u00bb1487&Prime; bg_image_size=\u00a0\u00bbfull\u00a0\u00bb bg_tablet_sm_position=\u00a0\u00bbcenter-bottom\u00a0\u00bb color_overlay=\u00a0\u00bbgradient\u00a0\u00bb gradient_overlay_custom_1=\u00a0\u00bb#132f58&Prime; gradient_overlay_custom_2=\u00a0\u00bbrgba(19,47,88,0.5)\u00a0\u00bb gradient_overlay_direction=\u00a0\u00bb180&Prime; header_feature=\u00a0\u00bbyes\u00a0\u00bb footer_feature=\u00a0\u00bbyes\u00a0\u00bb font_color=\u00a0\u00bb#ffffff\u00a0\u00bb][vc_column][vc_empty_space][vc_row_inner][vc_column_inner width=\u00a0\u00bb1\/6&Prime; tablet_sm_width=\u00a0\u00bbhide\u00a0\u00bb mobile_width=\u00a0\u00bbhide\u00a0\u00bb][\/vc_column_inner][vc_column_inner width=\u00a0\u00bb1\/3&Prime; tablet_sm_width=\u00a0\u00bb1-2&Prime; mobile_width=\u00a0\u00bb1-2&Prime;][\/vc_column_inner][vc_column_inner width=\u00a0\u00bb1\/3&Prime; tablet_sm_width=\u00a0\u00bb1-2&Prime; mobile_width=\u00a0\u00bb1-2&Prime;][\/vc_column_inner][vc_column_inner width=\u00a0\u00bb1\/6&Prime; tablet_sm_width=\u00a0\u00bbhide\u00a0\u00bb mobile_width=\u00a0\u00bbhide\u00a0\u00bb][\/vc_column_inner][\/vc_row_inner][vc_row_inner][vc_column_inner mobile_width=\u00a0\u00bb1-2&Prime;][vc_empty_space][\/vc_column_inner][\/vc_row_inner][vc_row_inner][vc_column_inner width=\u00a0\u00bb1\/6&Prime; tablet_sm_width=\u00a0\u00bbhide\u00a0\u00bb mobile_width=\u00a0\u00bbhide\u00a0\u00bb][\/vc_column_inner][vc_column_inner width=\u00a0\u00bb1\/3&Prime; tablet_sm_width=\u00a0\u00bb1-2&Prime; mobile_width=\u00a0\u00bb1-2&Prime;][\/vc_column_inner][vc_column_inner width=\u00a0\u00bb1\/3&Prime; tablet_sm_width=\u00a0\u00bb1-2&Prime; mobile_width=\u00a0\u00bb1-2&Prime;][\/vc_column_inner][vc_column_inner width=\u00a0\u00bb1\/6&Prime; tablet_sm_width=\u00a0\u00bbhide\u00a0\u00bb mobile_width=\u00a0\u00bbhide\u00a0\u00bb][\/vc_column_inner][\/vc_row_inner][vc_row_inner][vc_column_inner mobile_width=\u00a0\u00bb1-2&Prime;][vc_empty_space][\/vc_column_inner][\/vc_row_inner][vc_row_inner][vc_column_inner width=\u00a0\u00bb1\/6&Prime; tablet_sm_width=\u00a0\u00bbhide\u00a0\u00bb mobile_width=\u00a0\u00bbhide\u00a0\u00bb][\/vc_column_inner][vc_column_inner width=\u00a0\u00bb1\/3&Prime; tablet_sm_width=\u00a0\u00bb1-2&Prime; mobile_width=\u00a0\u00bb1-2&Prime;][\/vc_column_inner][vc_column_inner width=\u00a0\u00bb1\/3&Prime; tablet_sm_width=\u00a0\u00bb1-2&Prime; mobile_width=\u00a0\u00bb1-2&Prime;][\/vc_column_inner][vc_column_inner width=\u00a0\u00bb1\/6&Prime; tablet_sm_width=\u00a0\u00bbhide\u00a0\u00bb mobile_width=\u00a0\u00bbhide\u00a0\u00bb][\/vc_column_inner][\/vc_row_inner][vc_row_inner][vc_column_inner mobile_width=\u00a0\u00bb1-2&Prime;][vc_empty_space][\/vc_column_inner][\/vc_row_inner][vc_row_inner][vc_column_inner][vc_empty_space height=\u00a0\u00bb62px\u00a0\u00bb][vc_column_text animation=\u00a0\u00bbfadeIn\u00a0\u00bb] [&hellip;]<\/p>\n","protected":false},"author":1,"featured_media":0,"parent":2088,"menu_order":0,"comment_status":"closed","ping_status":"closed","template":"","meta":{"inline_featured_image":false,"footnotes":""},"_links":{"self":[{"href":"https:\/\/dev-uw6ywhu.australis.com\/fr\/wp-json\/wp\/v2\/pages\/2205"}],"collection":[{"href":"https:\/\/dev-uw6ywhu.australis.com\/fr\/wp-json\/wp\/v2\/pages"}],"about":[{"href":"https:\/\/dev-uw6ywhu.australis.com\/fr\/wp-json\/wp\/v2\/types\/page"}],"author":[{"embeddable":true,"href":"https:\/\/dev-uw6ywhu.australis.com\/fr\/wp-json\/wp\/v2\/users\/1"}],"replies":[{"embeddable":true,"href":"https:\/\/dev-uw6ywhu.australis.com\/fr\/wp-json\/wp\/v2\/comments?post=2205"}],"version-history":[{"count":23,"href":"https:\/\/dev-uw6ywhu.australis.com\/fr\/wp-json\/wp\/v2\/pages\/2205\/revisions"}],"predecessor-version":[{"id":2547,"href":"https:\/\/dev-uw6ywhu.australis.com\/fr\/wp-json\/wp\/v2\/pages\/2205\/revisions\/2547"}],"up":[{"embeddable":true,"href":"https:\/\/dev-uw6ywhu.australis.com\/fr\/wp-json\/wp\/v2\/pages\/2088"}],"wp:attachment":[{"href":"https:\/\/dev-uw6ywhu.australis.com\/fr\/wp-json\/wp\/v2\/media?parent=2205"}],"curies":[{"name":"wp","href":"https:\/\/api.w.org\/{rel}","templated":true}]}}