{"id":2307,"date":"2022-08-27T16:39:16","date_gmt":"2022-08-27T16:39:16","guid":{"rendered":"https:\/\/dev-uw6ywhu.australis.com\/ventus-australis\/menu-principal\/programme-dactivites\/"},"modified":"2022-10-21T13:32:14","modified_gmt":"2022-10-21T13:32:14","slug":"programme-dactivites","status":"publish","type":"page","link":"https:\/\/dev-uw6ywhu.australis.com\/fr\/ventus-australis\/menu-principal\/programme-dactivites\/","title":{"rendered":"Programme D`activit\u00e9s"},"content":{"rendered":"<p>[vc_row heading_color=\u00a0\u00bblight\u00a0\u00bb section_full_height=\u00a0\u00bbfullheight\u00a0\u00bb bg_type=\u00a0\u00bbimage\u00a0\u00bb bg_image=\u00a0\u00bb1622&Prime; bg_image_size=\u00a0\u00bbfull\u00a0\u00bb bg_tablet_sm_position=\u00a0\u00bbcenter-bottom\u00a0\u00bb color_overlay=\u00a0\u00bbgradient\u00a0\u00bb gradient_overlay_custom_1=\u00a0\u00bb#132f58&Prime; gradient_overlay_custom_2=\u00a0\u00bbrgba(19,47,88,0.5)\u00a0\u00bb gradient_overlay_direction=\u00a0\u00bb180&Prime; header_feature=\u00a0\u00bbyes\u00a0\u00bb footer_feature=\u00a0\u00bbyes\u00a0\u00bb font_color=\u00a0\u00bb#ffffff\u00a0\u00bb][vc_column][vc_empty_space]<div class=\"grve-element grve-align-center grve-animated-item grve-fadeIn\" data-delay=\"200\"><a href=\"https:\/\/dev-uw6ywhu.australis.com\/fr\/ventus-australis\/menu-principal\/\" title=\"Menu principal\" class=\"grve-btn grve-btn-small grve-square grve-bg-white grve-bg-hover-primary-2 grve-btn-line\"><span><i class=\"fas fa-reply\"><\/i>Retour<\/span><\/a><\/div>[vc_row_inner][vc_column_inner mobile_width=\u00a0\u00bb1-2&Prime;][vc_empty_space height=\u00a0\u00bb82px\u00a0\u00bb][\/vc_column_inner][\/vc_row_inner][vc_row_inner][vc_column_inner width=\u00a0\u00bb1\/6&Prime; tablet_sm_width=\u00a0\u00bbhide\u00a0\u00bb mobile_width=\u00a0\u00bbhide\u00a0\u00bb][\/vc_column_inner][vc_column_inner width=\u00a0\u00bb1\/3&Prime; tablet_sm_width=\u00a0\u00bb1-2&Prime; mobile_width=\u00a0\u00bb1-2&Prime;]<div class=\"grve-element grve-box-icon grve-align-center grve-medium grve-animated-item grve-zoomIn grve-with-shape\" style=\"\" data-delay=\"200\"><a href=\"http:\/\/australis.exp\/actividades\/programa\/8\/4\" target=\"_self\" class=\"\">  <div class=\"grve-wrapper-icon grve-outline grve-circle grve-text-white\"><i class=\"fas fa-map grve-text-white\"><\/i><\/div>  <div class=\"grve-box-content\">      <h3 class=\"grve-box-title grve-link-text\">PUNTA ARENAS - USHUAIA<\/h3>  <\/div><\/a><\/div>[\/vc_column_inner][vc_column_inner width=\u00a0\u00bb1\/3&Prime; tablet_sm_width=\u00a0\u00bb1-2&Prime; mobile_width=\u00a0\u00bb1-2&Prime;]<div class=\"grve-element grve-box-icon grve-align-center grve-medium grve-animated-item grve-zoomIn grve-with-shape\" style=\"\" data-delay=\"200\"><a href=\"http:\/\/australis.exp\/actividades\/programa\/9\/4\" target=\"_self\" class=\"\">  <div class=\"grve-wrapper-icon grve-outline grve-circle grve-text-white\"><i class=\"far fa-map grve-text-white\"><\/i><\/div>  <div class=\"grve-box-content\">      <h3 class=\"grve-box-title grve-link-text\">USHUAIA - PUNTA ARENAS<\/h3>  <\/div><\/a><\/div>[\/vc_column_inner][vc_column_inner width=\u00a0\u00bb1\/6&Prime; tablet_sm_width=\u00a0\u00bbhide\u00a0\u00bb mobile_width=\u00a0\u00bbhide\u00a0\u00bb][\/vc_column_inner][\/vc_row_inner][vc_row_inner][vc_column_inner mobile_width=\u00a0\u00bb1-2&Prime;][vc_empty_space][\/vc_column_inner][\/vc_row_inner][vc_row_inner][vc_column_inner width=\u00a0\u00bb1\/3&Prime; tablet_sm_width=\u00a0\u00bbhide\u00a0\u00bb mobile_width=\u00a0\u00bbhide\u00a0\u00bb][\/vc_column_inner][vc_column_inner width=\u00a0\u00bb1\/3&Prime; tablet_sm_width=\u00a0\u00bb1&Prime;][\/vc_column_inner][vc_column_inner width=\u00a0\u00bb1\/3&Prime; tablet_sm_width=\u00a0\u00bb1-2&Prime; mobile_width=\u00a0\u00bb1-2&Prime;][\/vc_column_inner][\/vc_row_inner][vc_row_inner][vc_column_inner][vc_empty_space][\/vc_column_inner][\/vc_row_inner][vc_row_inner][vc_column_inner][vc_empty_space height=\u00a0\u00bb62px\u00a0\u00bb][vc_column_text animation=\u00a0\u00bbfadeIn\u00a0\u00bb]<\/p>\n<p style=\"text-align: center; font-size: 10pt;\">Le contenu d&rsquo;AustralisNet est exclusivement destin\u00e9 \u00e0 \u00eatre utilis\u00e9 \u00e0 bord et sa reproduction est interdite.<br \/>\nAustralis se r\u00e9serve le droit de le modifier sans pr\u00e9avis.<\/p>\n<p>[\/vc_column_text][\/vc_column_inner][\/vc_row_inner][\/vc_column][\/vc_row]<\/p>\n","protected":false},"excerpt":{"rendered":"<p>[vc_row heading_color=\u00a0\u00bblight\u00a0\u00bb section_full_height=\u00a0\u00bbfullheight\u00a0\u00bb bg_type=\u00a0\u00bbimage\u00a0\u00bb bg_image=\u00a0\u00bb1622&Prime; bg_image_size=\u00a0\u00bbfull\u00a0\u00bb bg_tablet_sm_position=\u00a0\u00bbcenter-bottom\u00a0\u00bb color_overlay=\u00a0\u00bbgradient\u00a0\u00bb gradient_overlay_custom_1=\u00a0\u00bb#132f58&Prime; gradient_overlay_custom_2=\u00a0\u00bbrgba(19,47,88,0.5)\u00a0\u00bb gradient_overlay_direction=\u00a0\u00bb180&Prime; header_feature=\u00a0\u00bbyes\u00a0\u00bb footer_feature=\u00a0\u00bbyes\u00a0\u00bb font_color=\u00a0\u00bb#ffffff\u00a0\u00bb][vc_column][vc_empty_space][vc_row_inner][vc_column_inner mobile_width=\u00a0\u00bb1-2&Prime;][vc_empty_space height=\u00a0\u00bb82px\u00a0\u00bb][\/vc_column_inner][\/vc_row_inner][vc_row_inner][vc_column_inner width=\u00a0\u00bb1\/6&Prime; tablet_sm_width=\u00a0\u00bbhide\u00a0\u00bb mobile_width=\u00a0\u00bbhide\u00a0\u00bb][\/vc_column_inner][vc_column_inner width=\u00a0\u00bb1\/3&Prime; tablet_sm_width=\u00a0\u00bb1-2&Prime; mobile_width=\u00a0\u00bb1-2&Prime;][\/vc_column_inner][vc_column_inner width=\u00a0\u00bb1\/3&Prime; tablet_sm_width=\u00a0\u00bb1-2&Prime; mobile_width=\u00a0\u00bb1-2&Prime;][\/vc_column_inner][vc_column_inner width=\u00a0\u00bb1\/6&Prime; tablet_sm_width=\u00a0\u00bbhide\u00a0\u00bb mobile_width=\u00a0\u00bbhide\u00a0\u00bb][\/vc_column_inner][\/vc_row_inner][vc_row_inner][vc_column_inner mobile_width=\u00a0\u00bb1-2&Prime;][vc_empty_space][\/vc_column_inner][\/vc_row_inner][vc_row_inner][vc_column_inner width=\u00a0\u00bb1\/3&Prime; tablet_sm_width=\u00a0\u00bbhide\u00a0\u00bb mobile_width=\u00a0\u00bbhide\u00a0\u00bb][\/vc_column_inner][vc_column_inner width=\u00a0\u00bb1\/3&Prime; tablet_sm_width=\u00a0\u00bb1&Prime;][\/vc_column_inner][vc_column_inner width=\u00a0\u00bb1\/3&Prime; tablet_sm_width=\u00a0\u00bb1-2&Prime; mobile_width=\u00a0\u00bb1-2&Prime;][\/vc_column_inner][\/vc_row_inner][vc_row_inner][vc_column_inner][vc_empty_space][\/vc_column_inner][\/vc_row_inner][vc_row_inner][vc_column_inner][vc_empty_space height=\u00a0\u00bb62px\u00a0\u00bb][vc_column_text animation=\u00a0\u00bbfadeIn\u00a0\u00bb] Le contenu d&rsquo;AustralisNet est exclusivement destin\u00e9 \u00e0 \u00eatre utilis\u00e9 \u00e0 bord et sa reproduction est interdite. [&hellip;]<\/p>\n","protected":false},"author":1,"featured_media":0,"parent":1556,"menu_order":0,"comment_status":"closed","ping_status":"closed","template":"","meta":{"inline_featured_image":false,"footnotes":""},"_links":{"self":[{"href":"https:\/\/dev-uw6ywhu.australis.com\/fr\/wp-json\/wp\/v2\/pages\/2307"}],"collection":[{"href":"https:\/\/dev-uw6ywhu.australis.com\/fr\/wp-json\/wp\/v2\/pages"}],"about":[{"href":"https:\/\/dev-uw6ywhu.australis.com\/fr\/wp-json\/wp\/v2\/types\/page"}],"author":[{"embeddable":true,"href":"https:\/\/dev-uw6ywhu.australis.com\/fr\/wp-json\/wp\/v2\/users\/1"}],"replies":[{"embeddable":true,"href":"https:\/\/dev-uw6ywhu.australis.com\/fr\/wp-json\/wp\/v2\/comments?post=2307"}],"version-history":[{"count":11,"href":"https:\/\/dev-uw6ywhu.australis.com\/fr\/wp-json\/wp\/v2\/pages\/2307\/revisions"}],"predecessor-version":[{"id":2535,"href":"https:\/\/dev-uw6ywhu.australis.com\/fr\/wp-json\/wp\/v2\/pages\/2307\/revisions\/2535"}],"up":[{"embeddable":true,"href":"https:\/\/dev-uw6ywhu.australis.com\/fr\/wp-json\/wp\/v2\/pages\/1556"}],"wp:attachment":[{"href":"https:\/\/dev-uw6ywhu.australis.com\/fr\/wp-json\/wp\/v2\/media?parent=2307"}],"curies":[{"name":"wp","href":"https:\/\/api.w.org\/{rel}","templated":true}]}}