{"id":2340,"date":"2022-09-08T00:31:51","date_gmt":"2022-09-08T00:31:51","guid":{"rendered":"https:\/\/dev-uw6ywhu.australis.com\/ventus-australis\/menu-principal\/protocoles-sanitaries\/video-de-securite\/"},"modified":"2022-09-09T14:58:57","modified_gmt":"2022-09-09T14:58:57","slug":"video-de-securite","status":"publish","type":"page","link":"https:\/\/dev-uw6ywhu.australis.com\/fr\/ventus-australis\/menu-principal\/protocoles-sanitaries\/video-de-securite\/","title":{"rendered":"Vid\u00e9o de S\u00e9curit\u00e9"},"content":{"rendered":"<p>[vc_row bg_type=\u00a0\u00bbcolor\u00a0\u00bb header_feature=\u00a0\u00bbyes\u00a0\u00bb bg_color=\u00a0\u00bb#132f58&Prime; padding_top=\u00a0\u00bb15px\u00a0\u00bb margin_bottom=\u00a0\u00bb0px\u00a0\u00bb][vc_column width=\u00a0\u00bb1\/6&Prime;][\/vc_column][vc_column width=\u00a0\u00bb2\/3&Prime;]<div class=\"grve-element grve-align-center grve-animated-item grve-fadeIn\" data-delay=\"200\"><a href=\"https:\/\/dev-uw6ywhu.australis.com\/fr\/ventus-australis\/menu-principal\/protocoles-sanitaries\/\" title=\"Protocoles Sanitaries\" class=\"grve-btn grve-btn-small grve-square grve-bg-white grve-bg-hover-primary-2 grve-btn-line\"><span><i class=\"fas fa-reply\"><\/i>Retour<\/span><\/a><\/div>[vc_empty_space][\/vc_column][vc_column width=\u00a0\u00bb1\/6&Prime;][\/vc_column][\/vc_row][vc_row bg_type=\u00a0\u00bbcolor\u00a0\u00bb footer_feature=\u00a0\u00bbyes\u00a0\u00bb bg_color=\u00a0\u00bb#132f58&Prime; padding_top=\u00a0\u00bb5%\u00a0\u00bb padding_bottom=\u00a0\u00bb5%\u00a0\u00bb][vc_column width=\u00a0\u00bb1\/6&Prime;][\/vc_column][vc_column width=\u00a0\u00bb2\/3&Prime;][vc_column_text]<\/p>\n<div style=\"width: 1000px;\" class=\"wp-video\"><!--[if lt IE 9]><script>document.createElement('video');<\/script><![endif]-->\n<video class=\"wp-video-shortcode\" id=\"video-2340-1\" width=\"1000\" height=\"1080\" preload=\"metadata\" controls=\"controls\"><source type=\"video\/mp4\" src=\"https:\/\/dev-uw6ywhu.australis.com\/wp-content\/uploads\/2022\/09\/Video-de-Securite.mp4?_=1\" \/><a href=\"https:\/\/dev-uw6ywhu.australis.com\/wp-content\/uploads\/2022\/09\/Video-de-Securite.mp4\">https:\/\/dev-uw6ywhu.australis.com\/wp-content\/uploads\/2022\/09\/Video-de-Securite.mp4<\/a><\/video><\/div>\n<p>[\/vc_column_text][\/vc_column][vc_column width=\u00a0\u00bb1\/6&Prime;][\/vc_column][\/vc_row]<\/p>\n","protected":false},"excerpt":{"rendered":"<p>[vc_row bg_type=\u00a0\u00bbcolor\u00a0\u00bb header_feature=\u00a0\u00bbyes\u00a0\u00bb bg_color=\u00a0\u00bb#132f58&Prime; padding_top=\u00a0\u00bb15px\u00a0\u00bb margin_bottom=\u00a0\u00bb0px\u00a0\u00bb][vc_column width=\u00a0\u00bb1\/6&Prime;][\/vc_column][vc_column width=\u00a0\u00bb2\/3&Prime;][vc_empty_space][\/vc_column][vc_column width=\u00a0\u00bb1\/6&Prime;][\/vc_column][\/vc_row][vc_row bg_type=\u00a0\u00bbcolor\u00a0\u00bb footer_feature=\u00a0\u00bbyes\u00a0\u00bb bg_color=\u00a0\u00bb#132f58&Prime; padding_top=\u00a0\u00bb5%\u00a0\u00bb padding_bottom=\u00a0\u00bb5%\u00a0\u00bb][vc_column width=\u00a0\u00bb1\/6&Prime;][\/vc_column][vc_column width=\u00a0\u00bb2\/3&Prime;][vc_column_text] [\/vc_column_text][\/vc_column][vc_column width=\u00a0\u00bb1\/6&Prime;][\/vc_column][\/vc_row]<\/p>\n","protected":false},"author":1,"featured_media":0,"parent":1753,"menu_order":0,"comment_status":"closed","ping_status":"closed","template":"","meta":{"inline_featured_image":false,"footnotes":""},"_links":{"self":[{"href":"https:\/\/dev-uw6ywhu.australis.com\/fr\/wp-json\/wp\/v2\/pages\/2340"}],"collection":[{"href":"https:\/\/dev-uw6ywhu.australis.com\/fr\/wp-json\/wp\/v2\/pages"}],"about":[{"href":"https:\/\/dev-uw6ywhu.australis.com\/fr\/wp-json\/wp\/v2\/types\/page"}],"author":[{"embeddable":true,"href":"https:\/\/dev-uw6ywhu.australis.com\/fr\/wp-json\/wp\/v2\/users\/1"}],"replies":[{"embeddable":true,"href":"https:\/\/dev-uw6ywhu.australis.com\/fr\/wp-json\/wp\/v2\/comments?post=2340"}],"version-history":[{"count":3,"href":"https:\/\/dev-uw6ywhu.australis.com\/fr\/wp-json\/wp\/v2\/pages\/2340\/revisions"}],"predecessor-version":[{"id":2380,"href":"https:\/\/dev-uw6ywhu.australis.com\/fr\/wp-json\/wp\/v2\/pages\/2340\/revisions\/2380"}],"up":[{"embeddable":true,"href":"https:\/\/dev-uw6ywhu.australis.com\/fr\/wp-json\/wp\/v2\/pages\/1753"}],"wp:attachment":[{"href":"https:\/\/dev-uw6ywhu.australis.com\/fr\/wp-json\/wp\/v2\/media?parent=2340"}],"curies":[{"name":"wp","href":"https:\/\/api.w.org\/{rel}","templated":true}]}}