{"id":2387,"date":"2022-07-24T17:47:25","date_gmt":"2022-07-24T17:47:25","guid":{"rendered":"https:\/\/dev-uw6ywhu.australis.com\/ventus-australis\/menu-principal\/service-a-bord\/"},"modified":"2022-10-21T15:25:31","modified_gmt":"2022-10-21T15:25:31","slug":"service-a-bord","status":"publish","type":"page","link":"https:\/\/dev-uw6ywhu.australis.com\/fr\/ventus-australis\/menu-principal\/service-a-bord\/","title":{"rendered":"Service \u00c0 Bord"},"content":{"rendered":"<p>[vc_row heading_color=\u00a0\u00bblight\u00a0\u00bb section_full_height=\u00a0\u00bbfullheight\u00a0\u00bb bg_type=\u00a0\u00bbimage\u00a0\u00bb bg_image=\u00a0\u00bb822&Prime; bg_image_size=\u00a0\u00bbfull\u00a0\u00bb bg_tablet_sm_position=\u00a0\u00bbcenter-bottom\u00a0\u00bb color_overlay=\u00a0\u00bbgradient\u00a0\u00bb gradient_overlay_custom_1=\u00a0\u00bb#132f58&Prime; gradient_overlay_custom_2=\u00a0\u00bbrgba(19,47,88,0.5)\u00a0\u00bb gradient_overlay_direction=\u00a0\u00bb180&Prime; header_feature=\u00a0\u00bbyes\u00a0\u00bb footer_feature=\u00a0\u00bbyes\u00a0\u00bb font_color=\u00a0\u00bb#ffffff\u00a0\u00bb][vc_column]<div class=\"grve-element grve-align-center grve-animated-item grve-fadeIn\" data-delay=\"200\"><a href=\"https:\/\/dev-uw6ywhu.australis.com\/fr\/ventus-australis\/menu-principal\/\" title=\"Protocoles Sanitaries\" class=\"grve-btn grve-btn-small grve-square grve-bg-white grve-bg-hover-primary-2 grve-btn-line\"><span><i class=\"fas fa-reply\"><\/i>Retour<\/span><\/a><\/div>[vc_empty_space][vc_row_inner][vc_column_inner width=\u00a0\u00bb1\/6&Prime; tablet_sm_width=\u00a0\u00bbhide\u00a0\u00bb mobile_width=\u00a0\u00bbhide\u00a0\u00bb][\/vc_column_inner][vc_column_inner width=\u00a0\u00bb1\/3&Prime; tablet_sm_width=\u00a0\u00bb1-2&Prime; mobile_width=\u00a0\u00bb1-2&Prime;]<div class=\"grve-element grve-box-icon grve-align-center grve-medium grve-animated-item grve-zoomIn grve-with-shape\" style=\"\" data-delay=\"200\"><a href=\"https:\/\/dev-uw6ywhu.australis.com\/fr\/ventus-australis\/menu-principal\/service-a-bord\/notre-gastronomie\/\" target=\"_self\" class=\"\">  <div class=\"grve-wrapper-icon grve-outline grve-circle grve-text-white\"><i class=\"fas fa-utensils grve-text-white\"><\/i><\/div>  <div class=\"grve-box-content\">      <h3 class=\"grve-box-title grve-link-text\">Gastronomie<\/h3>  <\/div><\/a><\/div>[\/vc_column_inner][vc_column_inner width=\u00a0\u00bb1\/3&Prime; tablet_sm_width=\u00a0\u00bb1-2&Prime; mobile_width=\u00a0\u00bb1-2&Prime;]<div class=\"grve-element grve-box-icon grve-align-center grve-medium grve-animated-item grve-zoomIn grve-with-shape\" style=\"\" data-delay=\"200\"><a href=\"https:\/\/dev-uw6ywhu.australis.com\/fr\/ventus-australis\/menu-principal\/service-a-bord\/vins-a-bord\/\" target=\"_self\" class=\"\">  <div class=\"grve-wrapper-icon grve-outline grve-circle grve-text-white\"><i class=\"fas fa-wine-glass-alt grve-text-white\"><\/i><\/div>  <div class=\"grve-box-content\">      <h3 class=\"grve-box-title grve-link-text\">Vins<\/h3>  <\/div><\/a><\/div>[\/vc_column_inner][vc_column_inner width=\u00a0\u00bb1\/6&Prime; tablet_sm_width=\u00a0\u00bbhide\u00a0\u00bb mobile_width=\u00a0\u00bbhide\u00a0\u00bb][\/vc_column_inner][\/vc_row_inner][vc_row_inner][vc_column_inner mobile_width=\u00a0\u00bb1-2&Prime;][vc_empty_space][\/vc_column_inner][\/vc_row_inner][vc_row_inner][vc_column_inner width=\u00a0\u00bb1\/3&Prime; tablet_sm_width=\u00a0\u00bbhide\u00a0\u00bb mobile_width=\u00a0\u00bbhide\u00a0\u00bb][\/vc_column_inner][vc_column_inner width=\u00a0\u00bb1\/3&Prime; tablet_sm_width=\u00a0\u00bb1&Prime; mobile_width=\u00a0\u00bb1&Prime;]<div class=\"grve-element grve-box-icon grve-align-center grve-medium grve-animated-item grve-zoomIn grve-with-shape\" style=\"\" data-delay=\"200\"><a href=\"https:\/\/dev-uw6ywhu.australis.com\/fr\/ventus-australis\/menu-principal\/service-a-bord\/boutique-a-bord\/\" target=\"_self\" class=\"\">  <div class=\"grve-wrapper-icon grve-outline grve-circle grve-text-white\"><i class=\"fas fa-store grve-text-white\"><\/i><\/div>  <div class=\"grve-box-content\">      <h3 class=\"grve-box-title grve-link-text\">Boutique<\/h3>  <\/div><\/a><\/div>[\/vc_column_inner][vc_column_inner width=\u00a0\u00bb1\/3&Prime; tablet_sm_width=\u00a0\u00bb1-2&Prime; mobile_width=\u00a0\u00bb1-2&Prime;][\/vc_column_inner][\/vc_row_inner][vc_row_inner disable_element=\u00a0\u00bbyes\u00a0\u00bb][vc_column_inner width=\u00a0\u00bb1\/6&Prime; tablet_sm_width=\u00a0\u00bbhide\u00a0\u00bb mobile_width=\u00a0\u00bbhide\u00a0\u00bb][\/vc_column_inner][vc_column_inner width=\u00a0\u00bb1\/3&Prime; tablet_sm_width=\u00a0\u00bb1-2&Prime; mobile_width=\u00a0\u00bb1-2&Prime;]<div class=\"grve-element grve-box-icon grve-align-center grve-medium grve-animated-item grve-zoomIn grve-with-shape\" style=\"\" data-delay=\"200\">  <div class=\"grve-wrapper-icon grve-outline grve-circle grve-text-white\"><i class=\"fas fa-info grve-text-white\"><\/i><\/div>  <div class=\"grve-box-content\">      <h3 class=\"grve-box-title grve-link-text\">Plus D`informations<\/h3>  <\/div><\/div>[\/vc_column_inner][vc_column_inner width=\u00a0\u00bb1\/3&Prime; tablet_sm_width=\u00a0\u00bb1-2&Prime; mobile_width=\u00a0\u00bb1-2&Prime;][\/vc_column_inner][vc_column_inner width=\u00a0\u00bb1\/6&Prime; tablet_sm_width=\u00a0\u00bbhide\u00a0\u00bb mobile_width=\u00a0\u00bbhide\u00a0\u00bb][\/vc_column_inner][\/vc_row_inner][vc_row_inner][vc_column_inner mobile_width=\u00a0\u00bb1-2&Prime;][vc_empty_space][\/vc_column_inner][\/vc_row_inner][vc_row_inner][vc_column_inner][vc_empty_space height=\u00a0\u00bb62px\u00a0\u00bb][vc_column_text animation=\u00a0\u00bbfadeIn\u00a0\u00bb]<\/p>\n<p style=\"text-align: center; font-size: 10pt;\">La vari\u00e9t\u00e9 des vins et des produits en vente dans la boutique du bord peuvent \u00eatre diff\u00e9rents de ceux propos\u00e9s sur l\u2019Intranet Australis, la qualit\u00e9 des produits est toutefois garantie.<\/p>\n<p>[\/vc_column_text][\/vc_column_inner][\/vc_row_inner][\/vc_column][\/vc_row]<\/p>\n","protected":false},"excerpt":{"rendered":"<p>[vc_row heading_color=\u00a0\u00bblight\u00a0\u00bb section_full_height=\u00a0\u00bbfullheight\u00a0\u00bb bg_type=\u00a0\u00bbimage\u00a0\u00bb bg_image=\u00a0\u00bb822&Prime; bg_image_size=\u00a0\u00bbfull\u00a0\u00bb bg_tablet_sm_position=\u00a0\u00bbcenter-bottom\u00a0\u00bb color_overlay=\u00a0\u00bbgradient\u00a0\u00bb gradient_overlay_custom_1=\u00a0\u00bb#132f58&Prime; gradient_overlay_custom_2=\u00a0\u00bbrgba(19,47,88,0.5)\u00a0\u00bb gradient_overlay_direction=\u00a0\u00bb180&Prime; header_feature=\u00a0\u00bbyes\u00a0\u00bb footer_feature=\u00a0\u00bbyes\u00a0\u00bb font_color=\u00a0\u00bb#ffffff\u00a0\u00bb][vc_column][vc_empty_space][vc_row_inner][vc_column_inner width=\u00a0\u00bb1\/6&Prime; tablet_sm_width=\u00a0\u00bbhide\u00a0\u00bb mobile_width=\u00a0\u00bbhide\u00a0\u00bb][\/vc_column_inner][vc_column_inner width=\u00a0\u00bb1\/3&Prime; tablet_sm_width=\u00a0\u00bb1-2&Prime; mobile_width=\u00a0\u00bb1-2&Prime;][\/vc_column_inner][vc_column_inner width=\u00a0\u00bb1\/3&Prime; tablet_sm_width=\u00a0\u00bb1-2&Prime; mobile_width=\u00a0\u00bb1-2&Prime;][\/vc_column_inner][vc_column_inner width=\u00a0\u00bb1\/6&Prime; tablet_sm_width=\u00a0\u00bbhide\u00a0\u00bb mobile_width=\u00a0\u00bbhide\u00a0\u00bb][\/vc_column_inner][\/vc_row_inner][vc_row_inner][vc_column_inner mobile_width=\u00a0\u00bb1-2&Prime;][vc_empty_space][\/vc_column_inner][\/vc_row_inner][vc_row_inner][vc_column_inner width=\u00a0\u00bb1\/3&Prime; tablet_sm_width=\u00a0\u00bbhide\u00a0\u00bb mobile_width=\u00a0\u00bbhide\u00a0\u00bb][\/vc_column_inner][vc_column_inner width=\u00a0\u00bb1\/3&Prime; tablet_sm_width=\u00a0\u00bb1&Prime; mobile_width=\u00a0\u00bb1&Prime;][\/vc_column_inner][vc_column_inner width=\u00a0\u00bb1\/3&Prime; tablet_sm_width=\u00a0\u00bb1-2&Prime; mobile_width=\u00a0\u00bb1-2&Prime;][\/vc_column_inner][\/vc_row_inner][vc_row_inner disable_element=\u00a0\u00bbyes\u00a0\u00bb][vc_column_inner width=\u00a0\u00bb1\/6&Prime; tablet_sm_width=\u00a0\u00bbhide\u00a0\u00bb mobile_width=\u00a0\u00bbhide\u00a0\u00bb][\/vc_column_inner][vc_column_inner width=\u00a0\u00bb1\/3&Prime; tablet_sm_width=\u00a0\u00bb1-2&Prime; mobile_width=\u00a0\u00bb1-2&Prime;][\/vc_column_inner][vc_column_inner width=\u00a0\u00bb1\/3&Prime; tablet_sm_width=\u00a0\u00bb1-2&Prime; mobile_width=\u00a0\u00bb1-2&Prime;][\/vc_column_inner][vc_column_inner width=\u00a0\u00bb1\/6&Prime; tablet_sm_width=\u00a0\u00bbhide\u00a0\u00bb mobile_width=\u00a0\u00bbhide\u00a0\u00bb][\/vc_column_inner][\/vc_row_inner][vc_row_inner][vc_column_inner mobile_width=\u00a0\u00bb1-2&Prime;][vc_empty_space][\/vc_column_inner][\/vc_row_inner][vc_row_inner][vc_column_inner][vc_empty_space height=\u00a0\u00bb62px\u00a0\u00bb][vc_column_text animation=\u00a0\u00bbfadeIn\u00a0\u00bb] La vari\u00e9t\u00e9 des [&hellip;]<\/p>\n","protected":false},"author":1,"featured_media":0,"parent":1556,"menu_order":0,"comment_status":"closed","ping_status":"closed","template":"","meta":{"inline_featured_image":false,"footnotes":""},"_links":{"self":[{"href":"https:\/\/dev-uw6ywhu.australis.com\/fr\/wp-json\/wp\/v2\/pages\/2387"}],"collection":[{"href":"https:\/\/dev-uw6ywhu.australis.com\/fr\/wp-json\/wp\/v2\/pages"}],"about":[{"href":"https:\/\/dev-uw6ywhu.australis.com\/fr\/wp-json\/wp\/v2\/types\/page"}],"author":[{"embeddable":true,"href":"https:\/\/dev-uw6ywhu.australis.com\/fr\/wp-json\/wp\/v2\/users\/1"}],"replies":[{"embeddable":true,"href":"https:\/\/dev-uw6ywhu.australis.com\/fr\/wp-json\/wp\/v2\/comments?post=2387"}],"version-history":[{"count":8,"href":"https:\/\/dev-uw6ywhu.australis.com\/fr\/wp-json\/wp\/v2\/pages\/2387\/revisions"}],"predecessor-version":[{"id":2552,"href":"https:\/\/dev-uw6ywhu.australis.com\/fr\/wp-json\/wp\/v2\/pages\/2387\/revisions\/2552"}],"up":[{"embeddable":true,"href":"https:\/\/dev-uw6ywhu.australis.com\/fr\/wp-json\/wp\/v2\/pages\/1556"}],"wp:attachment":[{"href":"https:\/\/dev-uw6ywhu.australis.com\/fr\/wp-json\/wp\/v2\/media?parent=2387"}],"curies":[{"name":"wp","href":"https:\/\/api.w.org\/{rel}","templated":true}]}}