{"id":2414,"date":"2022-07-24T18:34:42","date_gmt":"2022-07-24T18:34:42","guid":{"rendered":"https:\/\/dev-uw6ywhu.australis.com\/ventus-australis\/menu-principal\/service-a-bord\/notre-gastronomie\/"},"modified":"2022-09-12T12:02:10","modified_gmt":"2022-09-12T12:02:10","slug":"notre-gastronomie","status":"publish","type":"page","link":"https:\/\/dev-uw6ywhu.australis.com\/fr\/ventus-australis\/menu-principal\/service-a-bord\/notre-gastronomie\/","title":{"rendered":"Notre Gastronomie"},"content":{"rendered":"<p>[vc_row bg_type=\u00a0\u00bbcolor\u00a0\u00bb header_feature=\u00a0\u00bbyes\u00a0\u00bb bg_color=\u00a0\u00bb#132f58&Prime; padding_top=\u00a0\u00bb15px\u00a0\u00bb][vc_column width=\u00a0\u00bb1\/6&Prime;][\/vc_column][vc_column width=\u00a0\u00bb2\/3&Prime;]<div class=\"grve-element grve-align-center grve-animated-item grve-fadeIn\" data-delay=\"200\"><a href=\"https:\/\/dev-uw6ywhu.australis.com\/fr\/ventus-australis\/menu-principal\/service-a-bord\/\" title=\"Protocoles Sanitaries\" class=\"grve-btn grve-btn-small grve-square grve-bg-white grve-bg-hover-primary-2 grve-btn-line\"><span><i class=\"fas fa-reply\"><\/i>Retour<\/span><\/a><\/div>[\/vc_column][vc_column width=\u00a0\u00bb1\/6&Prime;][\/vc_column][\/vc_row][vc_row heading_color=\u00a0\u00bblight\u00a0\u00bb bg_type=\u00a0\u00bbcolor\u00a0\u00bb header_feature=\u00a0\u00bbyes\u00a0\u00bb font_color=\u00a0\u00bb#ffffff\u00a0\u00bb bg_color=\u00a0\u00bb#132f58&Prime; padding_top=\u00a0\u00bb5%\u00a0\u00bb padding_bottom=\u00a0\u00bb5%\u00a0\u00bb margin_bottom=\u00a0\u00bb0px\u00a0\u00bb][vc_column width=\u00a0\u00bb1\/6&Prime;][\/vc_column][vc_column width=\u00a0\u00bb2\/3&Prime; tablet_sm_width=\u00a0\u00bb1&Prime;][vc_column_text animation=\u00a0\u00bbfadeIn\u00a0\u00bb]<\/p>\n<p style=\"text-align: center;\">Saviez-vous que le saumon de cette zone, d\u00fb aux eaux plus pures et froides, d\u00e9veloppe plus de graisse corporelle ce que lui donne plus de go\u00fbt ?<\/p>\n<p style=\"text-align: center;\">Ou encore, que les p\u00e9toncles qui se d\u00e9veloppent dans ces eaux, en raison de ses basses temp\u00e9ratures, n&rsquo;ont pas de corail ?<\/p>\n<p style=\"text-align: center;\">La particularit\u00e9 de la Patagonie se per\u00e7oit tant par ses paysages uniques que par les aliments que nous pouvons trouver ici, le recoin le plus austral de la plan\u00e8te.<\/p>\n<p style=\"text-align: center;\">Pour cette raison, notre conseiller gastronomique a \u00e9labor\u00e9 une carte qui redonne vie aux ingr\u00e9dients locaux et \u00e0 la cuisine r\u00e9gionale, en les fusionnant brillamment avec ce qu\u2019il y a de meilleur dans la cuisine internationale. Pour ceci, nous importons tout type de produits depuis plusieurs zones du Chili, dans le but d&rsquo;atteindre un r\u00e9sultat \u00e0 la hauteur des endroits que nous visitons et de l&rsquo;excellence du service qui nous caract\u00e9rise.<\/p>\n<p>[\/vc_column_text][vc_empty_space][\/vc_column][vc_column width=\u00a0\u00bb1\/6&Prime;][\/vc_column][\/vc_row][vc_row section_type=\u00a0\u00bbfullwidth\u00a0\u00bb][vc_column]<div class=\"grve-element grve-image grve-align-center\" style=\"\"><img width=\"2560\" height=\"1440\" src=\"https:\/\/dev-uw6ywhu.australis.com\/wp-content\/uploads\/2022\/08\/nuestra-gsastronomia.jpg\" class=\"attachment-full size-full\" alt=\"\" decoding=\"async\" loading=\"lazy\" srcset=\"https:\/\/dev-uw6ywhu.australis.com\/wp-content\/uploads\/2022\/08\/nuestra-gsastronomia.jpg 2560w, https:\/\/dev-uw6ywhu.australis.com\/wp-content\/uploads\/2022\/08\/nuestra-gsastronomia-300x169.jpg 300w, https:\/\/dev-uw6ywhu.australis.com\/wp-content\/uploads\/2022\/08\/nuestra-gsastronomia-1024x576.jpg 1024w, https:\/\/dev-uw6ywhu.australis.com\/wp-content\/uploads\/2022\/08\/nuestra-gsastronomia-768x432.jpg 768w, https:\/\/dev-uw6ywhu.australis.com\/wp-content\/uploads\/2022\/08\/nuestra-gsastronomia-1536x864.jpg 1536w, https:\/\/dev-uw6ywhu.australis.com\/wp-content\/uploads\/2022\/08\/nuestra-gsastronomia-1170x658.jpg 1170w, https:\/\/dev-uw6ywhu.australis.com\/wp-content\/uploads\/2022\/08\/nuestra-gsastronomia-800x450.jpg 800w, https:\/\/dev-uw6ywhu.australis.com\/wp-content\/uploads\/2022\/08\/nuestra-gsastronomia-1920x1080.jpg 1920w\" sizes=\"(max-width: 2560px) 100vw, 2560px\" \/><\/div>[\/vc_column][\/vc_row][vc_row][vc_column width=\u00a0\u00bb1\/6&Prime;][\/vc_column][vc_column width=\u00a0\u00bb2\/3&Prime;]<h3 class=\"grve-element grve-title grve-align-center grve-animated-item grve-fadeIn grve-h4\" style=\"\" data-delay=\"200\"><span>Restauration \u00e0 bord<span class=\"grve-title-line grve-bg-primary-1\" style=\"width: 50px;height: 2px;\"><\/span><\/span><\/h3>[vc_column_text]<\/p>\n<p style=\"text-align: center;\"><b>Notre forfait tout compris inclut :<\/b><\/p>\n<p>[\/vc_column_text][vc_column_text]<\/p>\n<p style=\"text-align: center; font-size: 7pt;\">Cliquer pour voir<\/p>\n<p>[\/vc_column_text][vc_empty_space][vc_tta_accordion c_icon=\u00a0\u00bbchevron\u00a0\u00bb c_position=\u00a0\u00bbright\u00a0\u00bb active_section=\u00a0\u00bb1&Prime;][vc_tta_section i_icon_fontawesome=\u00a0\u00bbfas fa-mug-hot\u00a0\u00bb add_icon=\u00a0\u00bbtrue\u00a0\u00bb title=\u00a0\u00bbPetit-d\u00e9jeuner :\u00a0\u00bb tab_id=\u00a0\u00bb1659051364558-36f7f899-aa38&Prime;][vc_column_text]Buffet international, qui comprend des \u0153ufs, des fruits secs, des jus, des c\u00e9r\u00e9ales, du pain, des viennoiseries pr\u00e9par\u00e9es sur place, etc. tout ceci en libre-service.[\/vc_column_text][\/vc_tta_section][vc_tta_section i_icon_fontawesome=\u00a0\u00bbfas fa-utensils\u00a0\u00bb add_icon=\u00a0\u00bbtrue\u00a0\u00bb title=\u00a0\u00bbD\u00e9jeuner et D\u00eener \u00a0\u00bb tab_id=\u00a0\u00bb1659051364575-40faef9c-1a84&Prime;][vc_column_text]\u00c0 la carte, constitu\u00e9 de deux options que les passagers doivent choisir. Cette carte souhaite retrouver les principaux ingr\u00e9dients locaux et les fusionner avec des recettes r\u00e9gionales et internationales.[\/vc_column_text][\/vc_tta_section][vc_tta_section i_icon_fontawesome=\u00a0\u00bbfas fa-coffee\u00a0\u00bb add_icon=\u00a0\u00bbtrue\u00a0\u00bb title=\u00a0\u00bbService de caf\u00e9t\u00e9ria\u00a0\u00bb tab_id=\u00a0\u00bb1659051469176-2f2f0604-5233&Prime;][vc_column_text]Au Salon Sky, nos h\u00f4tes auront \u00e0 leur disponibilit\u00e9 un service de caf\u00e9t\u00e9ria en libre-service, qui commence \u00e0 fonctionner t\u00f4t le matin (pour les l\u00e8ve-t\u00f4t qui d\u00e9marrent leur journ\u00e9e avant le d\u00e9but du service de petit-d\u00e9jeuner) et o\u00f9 ils trouveront du caf\u00e9, du th\u00e9, du lait et des jus de fruits, en plus d&rsquo;un choix de viennoiseries et de pain.[\/vc_column_text][\/vc_tta_section][vc_tta_section i_icon_fontawesome=\u00a0\u00bbfas fa-glass-martini-alt\u00a0\u00bb add_icon=\u00a0\u00bbtrue\u00a0\u00bb title=\u00a0\u00bbService bar\u00a0\u00bb tab_id=\u00a0\u00bb1659051507357-8c2c0789-78df\u00a0\u00bb][vc_column_text]Au Salon Darwin, vous trouvez notre comptoir, o\u00f9 nos serveurs attentifs s&rsquo;occuperont de vous et pourront pr\u00e9parer les cocktails internationaux les plus populaires, en plus de l&rsquo;incontournable cocktail local, le Calafate Sour, avec une excellente vari\u00e9t\u00e9 de vins nationaux et des boissons non alcoolis\u00e9s.[\/vc_column_text][\/vc_tta_section][\/vc_tta_accordion][\/vc_column][vc_column width=\u00a0\u00bb1\/6&Prime;][\/vc_column][\/vc_row][vc_row bg_type=\u00a0\u00bbcolor\u00a0\u00bb footer_feature=\u00a0\u00bbyes\u00a0\u00bb bg_color=\u00a0\u00bb#132f58&Prime; padding_top=\u00a0\u00bb15px\u00a0\u00bb][vc_column width=\u00a0\u00bb1\/6&Prime;][\/vc_column][vc_column width=\u00a0\u00bb2\/3&Prime;]<div class=\"grve-element grve-align-center grve-animated-item grve-fadeIn\" data-delay=\"200\"><a href=\"https:\/\/dev-uw6ywhu.australis.com\/fr\/ventus-australis\/menu-principal\/service-a-bord\/\" title=\"Protocoles Sanitaries\" class=\"grve-btn grve-btn-small grve-square grve-bg-white grve-bg-hover-primary-2 grve-btn-line\"><span><i class=\"fas fa-reply\"><\/i>Retour<\/span><\/a><\/div>[\/vc_column][vc_column width=\u00a0\u00bb1\/6&Prime;][\/vc_column][\/vc_row]<\/p>\n","protected":false},"excerpt":{"rendered":"<p>[vc_row bg_type=\u00a0\u00bbcolor\u00a0\u00bb header_feature=\u00a0\u00bbyes\u00a0\u00bb bg_color=\u00a0\u00bb#132f58&Prime; padding_top=\u00a0\u00bb15px\u00a0\u00bb][vc_column width=\u00a0\u00bb1\/6&Prime;][\/vc_column][vc_column width=\u00a0\u00bb2\/3&Prime;][\/vc_column][vc_column width=\u00a0\u00bb1\/6&Prime;][\/vc_column][\/vc_row][vc_row heading_color=\u00a0\u00bblight\u00a0\u00bb bg_type=\u00a0\u00bbcolor\u00a0\u00bb header_feature=\u00a0\u00bbyes\u00a0\u00bb font_color=\u00a0\u00bb#ffffff\u00a0\u00bb bg_color=\u00a0\u00bb#132f58&Prime; padding_top=\u00a0\u00bb5%\u00a0\u00bb padding_bottom=\u00a0\u00bb5%\u00a0\u00bb margin_bottom=\u00a0\u00bb0px\u00a0\u00bb][vc_column width=\u00a0\u00bb1\/6&Prime;][\/vc_column][vc_column width=\u00a0\u00bb2\/3&Prime; tablet_sm_width=\u00a0\u00bb1&Prime;][vc_column_text animation=\u00a0\u00bbfadeIn\u00a0\u00bb] Saviez-vous que le saumon de cette zone, d\u00fb aux eaux plus pures et froides, d\u00e9veloppe plus de graisse corporelle ce que lui donne plus de go\u00fbt ? Ou encore, que les p\u00e9toncles qui se d\u00e9veloppent [&hellip;]<\/p>\n","protected":false},"author":1,"featured_media":0,"parent":2387,"menu_order":0,"comment_status":"closed","ping_status":"closed","template":"","meta":{"inline_featured_image":false,"footnotes":""},"_links":{"self":[{"href":"https:\/\/dev-uw6ywhu.australis.com\/fr\/wp-json\/wp\/v2\/pages\/2414"}],"collection":[{"href":"https:\/\/dev-uw6ywhu.australis.com\/fr\/wp-json\/wp\/v2\/pages"}],"about":[{"href":"https:\/\/dev-uw6ywhu.australis.com\/fr\/wp-json\/wp\/v2\/types\/page"}],"author":[{"embeddable":true,"href":"https:\/\/dev-uw6ywhu.australis.com\/fr\/wp-json\/wp\/v2\/users\/1"}],"replies":[{"embeddable":true,"href":"https:\/\/dev-uw6ywhu.australis.com\/fr\/wp-json\/wp\/v2\/comments?post=2414"}],"version-history":[{"count":5,"href":"https:\/\/dev-uw6ywhu.australis.com\/fr\/wp-json\/wp\/v2\/pages\/2414\/revisions"}],"predecessor-version":[{"id":2495,"href":"https:\/\/dev-uw6ywhu.australis.com\/fr\/wp-json\/wp\/v2\/pages\/2414\/revisions\/2495"}],"up":[{"embeddable":true,"href":"https:\/\/dev-uw6ywhu.australis.com\/fr\/wp-json\/wp\/v2\/pages\/2387"}],"wp:attachment":[{"href":"https:\/\/dev-uw6ywhu.australis.com\/fr\/wp-json\/wp\/v2\/media?parent=2414"}],"curies":[{"name":"wp","href":"https:\/\/api.w.org\/{rel}","templated":true}]}}