{"id":2447,"date":"2022-07-26T02:25:51","date_gmt":"2022-07-26T02:25:51","guid":{"rendered":"https:\/\/dev-uw6ywhu.australis.com\/ventus-australis\/menu-principal\/service-a-bord\/vins-a-bord\/"},"modified":"2022-09-12T00:20:47","modified_gmt":"2022-09-12T00:20:47","slug":"vins-a-bord","status":"publish","type":"page","link":"https:\/\/dev-uw6ywhu.australis.com\/fr\/ventus-australis\/menu-principal\/service-a-bord\/vins-a-bord\/","title":{"rendered":"Vins \u00e0 bord"},"content":{"rendered":"<p>[vc_row bg_type=\u00a0\u00bbcolor\u00a0\u00bb header_feature=\u00a0\u00bbyes\u00a0\u00bb bg_color=\u00a0\u00bb#132f58&Prime; padding_top=\u00a0\u00bb15px\u00a0\u00bb][vc_column width=\u00a0\u00bb1\/6&Prime;][\/vc_column][vc_column width=\u00a0\u00bb2\/3&Prime;]<div class=\"grve-element grve-align-center grve-animated-item grve-fadeIn\" data-delay=\"200\"><a href=\"https:\/\/dev-uw6ywhu.australis.com\/fr\/ventus-australis\/menu-principal\/service-a-bord\/\" title=\"Protocoles Sanitaries\" class=\"grve-btn grve-btn-small grve-square grve-bg-white grve-bg-hover-primary-2 grve-btn-line\"><span><i class=\"fas fa-reply\"><\/i>Retour<\/span><\/a><\/div>[\/vc_column][vc_column width=\u00a0\u00bb1\/6&Prime;][\/vc_column][\/vc_row][vc_row heading_color=\u00a0\u00bblight\u00a0\u00bb bg_type=\u00a0\u00bbcolor\u00a0\u00bb header_feature=\u00a0\u00bbyes\u00a0\u00bb font_color=\u00a0\u00bb#ffffff\u00a0\u00bb bg_color=\u00a0\u00bb#132f58&Prime; padding_top=\u00a0\u00bb5%\u00a0\u00bb padding_bottom=\u00a0\u00bb5%\u00a0\u00bb margin_bottom=\u00a0\u00bb0px\u00a0\u00bb][vc_column width=\u00a0\u00bb1\/6&Prime;][\/vc_column][vc_column width=\u00a0\u00bb2\/3&Prime; tablet_sm_width=\u00a0\u00bb1&Prime;][vc_column_text animation=\u00a0\u00bbfadeIn\u00a0\u00bb]<\/p>\n<p style=\"text-align: center;\">Consultez ici les diff\u00e9rents vins que vous trouverez \u00e0 bord de notre croisi\u00e8re.<\/p>\n<p>[\/vc_column_text]<h3 class=\"grve-element grve-typed-text grve-align-center grve-animated-item grve-fadeIn grve-leader-text\" style=\"\" data-delay=\"200\">    <span class=\"grve-typed-text-prefix\"> <\/span>    <span class=\"grve-animated-text grve-text-white\">    \t<span id=\"grve-typed-item-69f22299c6fe8\"><\/span>    <\/span>    <span class=\"grve-typed-text-suffix\"> <\/span><script type=\"text\/javascript\">\r\n\t\t\t\tjQuery(function($){ $(\"#grve-typed-item-69f22299c6fe8\").typed({\r\n\t\t\t\t\tstrings: [\"Cabernet Sauvignon\",\"Malbec\",\"Sauvignon Blanc\",\"Merlot\",\"Pinot Noir\",\"Carm\u00e9n\u00e8re\",\"Chardonnay\",\"Syrah\",\"\"],\r\n\t\t\t\t\ttypeSpeed: 1,\r\n\t\t\t\t\tbackSpeed: 2,\r\n\t\t\t\t\tstartDelay: 1,\r\n\t\t\t\t\tbackDelay: 1000,\r\n\t\t\t\t\tloop: true,\r\n\t\t\t\t\tloopCount: false,\r\n\t\t\t\t\tshowCursor: true,\r\n\t\t\t\t\tcursorChar: \"|\",\r\n\t\t\t\t\tcontentType: null,\r\n\t\t\t\t\tattr: null\r\n\t\t\t\t});\r\n\t\t\t});\r\n\t\t<\/script><\/h3>[vc_empty_space][\/vc_column][vc_column width=\u00a0\u00bb1\/6&Prime;][\/vc_column][\/vc_row][vc_row][vc_column width=\u00a0\u00bb1\/6&Prime;][\/vc_column][vc_column width=\u00a0\u00bb2\/3&Prime;][vc_empty_space][vc_column_text animation=\u00a0\u00bbfadeIn\u00a0\u00bb]<\/p>\n<h5>Armador Estate Selection, Odfjell<\/h5>\n<p><em><strong>Sauvignon Blanc 2016, Vall\u00e9e de Casablanca. <\/strong><\/em><\/p>\n<p><strong>Notes de d\u00e9gustation :<\/strong> Ar\u00f4mes d&rsquo;herbes s\u00e9ch\u00e9es et citron. En bouche, il est frais et min\u00e9ral, enveloppant avec des saveurs citriques concentr\u00e9es. L&rsquo;acidit\u00e9 brillante et volumineuse continue jusqu&rsquo;\u00e0 une finale rafra\u00eechissante.<\/p>\n<p><strong>Mariage :<\/strong> Id\u00e9ale pour accompagner les poissons blancs et du ceviche frais.[\/vc_column_text]<div class=\"grve-element grve-hr \" style=\"padding-bottom: 30px;\"><span class=\"grve-title-line grve-bg-primary-2\" style=\"width: 320px;height: 2px;\"><\/span><\/div>[vc_column_text animation=\u00a0\u00bbfadeIn\u00a0\u00bb]<\/p>\n<h5><b>Calcu <\/b><\/h5>\n<p><strong><em>Carm\u00e9n\u00e8re 2015, Vall\u00e9e de Colchagua. <\/em><\/strong><\/p>\n<p><strong>Notes de d\u00e9gustation :<\/strong> Cerises de couleur rouge profond. Pr\u00e9dominance de cerises sauvages au nez, en plus de notes terreuses. Acidit\u00e9 \u00e9lev\u00e9e et bonne entr\u00e9e en bouche, corps moyen \u00e0 entier, tanins souples et bonne persistance.<\/p>\n<p><strong>Mariage :<\/strong> Tr\u00e8s bon pour accompagner des viandes rouges, des p\u00e2tes et des rago\u00fbts.[\/vc_column_text]<div class=\"grve-element grve-hr \" style=\"padding-bottom: 30px;\"><span class=\"grve-title-line grve-bg-primary-2\" style=\"width: 320px;height: 2px;\"><\/span><\/div>[vc_column_text animation=\u00a0\u00bbfadeIn\u00a0\u00bb]<\/p>\n<h5>De Martino Estate Reserva<\/h5>\n<p><em><strong>Cabernet Sauvignon 2016, Vall\u00e9e del Maipo. <\/strong><\/em><\/p>\n<p><strong>Notes de d\u00e9gustation :<\/strong> Couleur rouge rubis tr\u00e8s propre avec des nuances violettes. Au nez, il pr\u00e9sente des ar\u00f4mes de fruits rouges, de cassis, de tabac, de c\u00e8dre et d&rsquo;\u00e9pices. En bouche, il a une acidit\u00e9 marqu\u00e9e, il est vertical et poss\u00e8de une bonne tension. La finale est longue et avec un arri\u00e8re-go\u00fbt de tabac.<\/p>\n<p><strong>Mariage :<\/strong> Excellent pour d\u00e9guster avec des viandes rouges.<br \/>\n[\/vc_column_text]<div class=\"grve-element grve-hr \" style=\"padding-bottom: 30px;\"><span class=\"grve-title-line grve-bg-primary-2\" style=\"width: 320px;height: 2px;\"><\/span><\/div>[vc_column_text animation=\u00a0\u00bbfadeIn\u00a0\u00bb]<\/p>\n<h5>De Martino Estate Reserva<\/h5>\n<p><em><strong>Chardonnay 2016, Vall\u00e9e de Casablanca. <\/strong><\/em><\/p>\n<p><strong>Notes de d\u00e9gustation :<\/strong> Ar\u00f4mes frais de citriques m\u00fbrs et p\u00eache. Il a une texture douce en bouche et une finale longue.<\/p>\n<p><strong>Mariage :<\/strong> Tr\u00e8s utilis\u00e9 pour accompagner des salades fra\u00eeches ou du poisson.<\/p>\n<p>[\/vc_column_text]<div class=\"grve-element grve-hr \" style=\"padding-bottom: 30px;\"><span class=\"grve-title-line grve-bg-primary-2\" style=\"width: 320px;height: 2px;\"><\/span><\/div>[vc_column_text animation=\u00a0\u00bbfadeIn\u00a0\u00bb]<\/p>\n<h5>De Martino Estate<\/h5>\n<p><em><strong>Carm\u00e9n\u00e8re 2016, Vall\u00e9e del Maipo.<\/strong><\/em><\/p>\n<p><strong>Notes de d\u00e9gustation :<\/strong> Ce carm\u00e9n\u00e8re de couleur rouge rubis est \u00e9l\u00e9gant et fruit\u00e9, typique de la Vall\u00e9e de Maipo. Il est intense au nez, avec des ar\u00f4mes \u00e9pic\u00e9s, de poivron rouge, de fruits rouges, de cassis et de tabac. Il est aimable en bouche et fruit\u00e9, aux tanins m\u00fbrs avec grand volume. La finale est longue et bien \u00e9quilibr\u00e9e. Un vin nerveux et frais.<\/p>\n<p><strong>Mariage :<\/strong> Il est conseill\u00e9 pour accompagner des plats \u00e0 base du poulet ou dinde et des l\u00e9gumes vapeur.[\/vc_column_text]<div class=\"grve-element grve-hr \" style=\"padding-bottom: 30px;\"><span class=\"grve-title-line grve-bg-primary-2\" style=\"width: 320px;height: 2px;\"><\/span><\/div>[vc_column_text animation=\u00a0\u00bbfadeIn\u00a0\u00bb]<\/p>\n<h5>De Martino Estate Reserva<\/h5>\n<p><em><strong>Sauvingon Blanc 2017, Vall\u00e9e de Casablanca.<\/strong><\/em><\/p>\n<p><strong>Notes de d\u00e9gustation :<\/strong> Couleur jaune citron p\u00e2le. Ar\u00f4me intense de citron vert m\u00fbr, de fruits \u00e0 noyau et d&rsquo;herbe coup\u00e9e qui donnent lieu \u00e0 une bouche fra\u00eeche et \u00e0 un corps moyen. Sa caract\u00e9ristique de citrique m\u00fbr s&rsquo;\u00e9quilibre avec une acidit\u00e9 fra\u00eeche et un degr\u00e9 d&rsquo;alcool mod\u00e9r\u00e9, ce qui lui conf\u00e8re une terminaison persistante.<\/p>\n<p><strong>Mariage :<\/strong> Excellent pour accompagner des plats \u00e0 base de poisson.[\/vc_column_text]<div class=\"grve-element grve-hr \" style=\"padding-bottom: 30px;\"><span class=\"grve-title-line grve-bg-primary-2\" style=\"width: 320px;height: 2px;\"><\/span><\/div>[vc_column_text animation=\u00a0\u00bbfadeIn\u00a0\u00bb]<\/p>\n<h5>Chateau Los Boldos Tradici\u00f3n Res\u00e9rve<\/h5>\n<p><em><strong>Chardonnay 2017 \u2013 2018, Vall\u00e9e de Cachapoal Andes. <\/strong><\/em><\/p>\n<p><strong>Notes de d\u00e9gustation :<\/strong> Jaune p\u00e2le brillant aux reflets verts. Ar\u00f4me fruits tropicaux, p\u00eaches et poires. Frais et de bonne acidit\u00e9, avec finale persistante et \u00e9l\u00e9gante.<\/p>\n<p><strong>Mariage :<\/strong> Parfait avec des poissons blancs et des fruits de mer comme les p\u00e9toncles. Accompagne \u00e9galement le poulet et la dinde.[\/vc_column_text]<div class=\"grve-element grve-hr \" style=\"padding-bottom: 30px;\"><span class=\"grve-title-line grve-bg-primary-2\" style=\"width: 320px;height: 2px;\"><\/span><\/div>[vc_column_text animation=\u00a0\u00bbfadeIn\u00a0\u00bb]<\/p>\n<h5>Chateau Los Boldos Tradici\u00f3n Res\u00e9rve<\/h5>\n<p><em><strong>Merlot 2016, Vall\u00e9e de Cachapoal Andes.<\/strong><\/em><\/p>\n<p><strong>Notes de d\u00e9gustation :<\/strong> Rouge rubis brillant. Ar\u00f4me cerise acide, m\u00fbre, cassis, poivre noir et des touches de vanille. \u00c9quilibr\u00e9, avec des tanins velout\u00e9s et une finale douce et \u00e9l\u00e9gante.<\/p>\n<p><strong>Mariage :<\/strong> Il est conseill\u00e9 pour accompagner des poissons comme le saumon, du poulet et de la dinde, des p\u00e2tes avec des sauces douces et des fromages.[\/vc_column_text]<div class=\"grve-element grve-hr \" style=\"padding-bottom: 30px;\"><span class=\"grve-title-line grve-bg-primary-2\" style=\"width: 320px;height: 2px;\"><\/span><\/div>[vc_column_text animation=\u00a0\u00bbfadeIn\u00a0\u00bb]<\/p>\n<h5>Chateau Los Boldos Tradici\u00f3n Res\u00e9rve<\/h5>\n<p><em><strong>Cabernet Sauvignon 2017, Vall\u00e9e de Cachapoal Andes. <\/strong><\/em><\/p>\n<p><strong>Notes de d\u00e9gustation :<\/strong> Rouge rubis intense. Fruits rouges comme des framboises, des fraises et des cerises acides ; avec une l\u00e9g\u00e8re touche d&rsquo;\u00e9pices. \u00c9quilibr\u00e9, frais, avec des tanins souples et finale agr\u00e9able.<\/p>\n<p><strong>Mariage :<\/strong> Tr\u00e8s bien pour accompagner des viandes rouges, de la charcuterie et des fromages forts et m\u00fbrs.[\/vc_column_text]<div class=\"grve-element grve-hr \" style=\"padding-bottom: 30px;\"><span class=\"grve-title-line grve-bg-primary-2\" style=\"width: 320px;height: 2px;\"><\/span><\/div>[vc_column_text animation=\u00a0\u00bbfadeIn\u00a0\u00bb]<\/p>\n<h5>Chateau Los Boldos Tradici\u00f3n Res\u00e9rve<\/h5>\n<p><em><strong>Sauvignon Blanc 2018, Vall\u00e9e de Cachapoal Andes. <\/strong><\/em><\/p>\n<p><strong>Notes de d\u00e9gustation :<\/strong> Jaune p\u00e2le aux nuances vertes. Ar\u00f4mes fra\u00eeches, citriques et de fleur d&rsquo;oranger. Saveur fruit\u00e9e, fra\u00eeche, d&rsquo;acidit\u00e9 \u00e9tincelante et finale agr\u00e9able.<\/p>\n<p><strong>Mariage :<\/strong> Il est parfait pour les fruits des mers, les poissons crus et les fromages frais.[\/vc_column_text]<div class=\"grve-element grve-hr \" style=\"padding-bottom: 30px;\"><span class=\"grve-title-line grve-bg-primary-2\" style=\"width: 320px;height: 2px;\"><\/span><\/div>[vc_column_text animation=\u00a0\u00bbfadeIn\u00a0\u00bb]<\/p>\n<h5>Chateau Los Boldos Tradici\u00f3n Res\u00e9rve<\/h5>\n<p><em><strong>Syrah 2017, Vall\u00e9e de Cachapoal Andes. <\/strong><\/em><\/p>\n<p><strong>Notes de d\u00e9gustation :<\/strong> Rouge fonc\u00e9 et profond. Ar\u00f4mes de fruits rouges m\u00fbrs, d&rsquo;\u00e9pices comme du poivre noir et des touches de tabac. \u00c9quilibr\u00e9, \u00e9pic\u00e9, avec des tanins velout\u00e9s et une finale douce et fruit\u00e9.<\/p>\n<p><strong>Mariage :<\/strong> Tr\u00e8s utilis\u00e9 pour accompagner des viandes bovines et de l&rsquo;agneau, des poissons et de la charcuterie.[\/vc_column_text]<div class=\"grve-element grve-hr \" style=\"padding-bottom: 30px;\"><span class=\"grve-title-line grve-bg-primary-2\" style=\"width: 320px;height: 2px;\"><\/span><\/div>[vc_column_text animation=\u00a0\u00bbfadeIn\u00a0\u00bb]<\/p>\n<h5>Quintay Clava Reserve<\/h5>\n<p><em><strong>Pinot Noir 2017, Vall\u00e9e de Casablanca. <\/strong><\/em><\/p>\n<p><strong>Notes de d\u00e9gustation :<\/strong> Belle couleur rouge cerise brillante. Au nez, il r\u00e9v\u00e8le des ar\u00f4mes de fruits rouges, comme la cerise acide, m\u00e9lang\u00e9s \u00e0 de la confiture de fraises et un parfum subtil de p\u00e9tales de rose. \u00c9pic\u00e9 en bouche, avec des touches d&rsquo;herbes et de terre humide, il est frais et fruit\u00e9, en parfait \u00e9quilibre. C&rsquo;est un vin moelleux et ferme \u00e0 la fois, avec une texture d\u00e9licate, des tanins m\u00fbrs, persistance longue et tr\u00e8s \u00e9l\u00e9gant. Un bon repr\u00e9sentant du Pinot Noir de Casablanca.<\/p>\n<p><strong>Mariage :<\/strong> Il se marie tr\u00e8s bien avec des poissons, des plats \u00e0 base de viande et des p\u00e2tes \u00e0 la cr\u00e8me (sans tomate).[\/vc_column_text]<div class=\"grve-element grve-hr \" style=\"padding-bottom: 30px;\"><span class=\"grve-title-line grve-bg-primary-2\" style=\"width: 320px;height: 2px;\"><\/span><\/div>[vc_column_text animation=\u00a0\u00bbfadeIn\u00a0\u00bb]<\/p>\n<h5>Viu Manent Reserva Estate Collection<\/h5>\n<p><em><strong>Cabernet Sauvignon 2015, Vall\u00e9e de Colchagua. <\/strong><\/em><\/p>\n<p><strong>Notes de d\u00e9gustation :<\/strong> De couleur rouge rubis, ce cabernet se d\u00e9marque par ses ar\u00f4mes et sa saveur fruit\u00e9e avec des touches de cassis, d&rsquo;herbes et de poivre noir ; en bouche, il a du corps, bouche juteuse et grand \u00e9quilibre.<\/p>\n<p><strong>Mariage :<\/strong> Un vin id\u00e9al pour accompagner des plats \u00e0 base de viande ou des fromages m\u00fbrs et de la charcuterie.[\/vc_column_text]<div class=\"grve-element grve-hr \" style=\"padding-bottom: 30px;\"><span class=\"grve-title-line grve-bg-primary-2\" style=\"width: 320px;height: 2px;\"><\/span><\/div>[vc_column_text animation=\u00a0\u00bbfadeIn\u00a0\u00bb]<\/p>\n<h5>Viu Manent Reserva Estate Collection<\/h5>\n<p><em><strong>Chardonnay 2017, Vall\u00e9e de Colchagua. <\/strong><\/em><\/p>\n<p><strong>Notes de d\u00e9gustation :<\/strong> Couleur jaune p\u00e2le brillant. Nez frais, fruit\u00e9 et expressif avec des ar\u00f4mes qui rappellent le melon, les prunes jaunes, les mandarines et les p\u00eaches. En bouche, il a une texture douce, tr\u00e8s juteuse, intense, \u00e9quilibr\u00e9e et une finale agr\u00e9able.<\/p>\n<p><strong>Mariage :<\/strong> Excellent pour accompagner des salades avec des viandes blanches, des sushis ou un tartare de saumon.[\/vc_column_text]<div class=\"grve-element grve-hr \" style=\"padding-bottom: 30px;\"><span class=\"grve-title-line grve-bg-primary-2\" style=\"width: 320px;height: 2px;\"><\/span><\/div>[vc_column_text animation=\u00a0\u00bbfadeIn\u00a0\u00bb]<\/p>\n<h5>Viu Manent Reserva Estate Collection<\/h5>\n<p><em><strong>Malbec 2016, Vall\u00e9e de Colchagua. <\/strong><\/em><\/p>\n<p><strong>Notes de d\u00e9gustation :<\/strong> De couleur rouge cerise acide avec des nuances violettes, ce Malbec intense rappelle les fleurs bleues, les fruits des bois, le cassis, les prunes et les m\u00fbres sauvages. C&rsquo;est un vin de bouche juteuse, \u00e9quilibr\u00e9, fruit\u00e9, de tanins aimables et une finale agr\u00e9able.<\/p>\n<p><strong>Mariage :<\/strong> Id\u00e9ale pour accompagner la viande de porc, des hamburgers ou de la charcuterie.[\/vc_column_text]<div class=\"grve-element grve-hr \" style=\"padding-bottom: 30px;\"><span class=\"grve-title-line grve-bg-primary-2\" style=\"width: 320px;height: 2px;\"><\/span><\/div>[vc_column_text animation=\u00a0\u00bbfadeIn\u00a0\u00bb]<\/p>\n<h5>Viu Manent Reserva Estate Collection<\/h5>\n<p><em><strong>Merlot 2015, Vall\u00e9e de Colchagua.<\/strong><\/em><\/p>\n<p><strong>Notes de d\u00e9gustation :<\/strong> Couleur rouge cerise, avec des ar\u00f4mes intenses d&rsquo;\u00e9pices et d&rsquo;herbes, comme le thym et le laurier, en plus d&rsquo;abondants fruits rouges m\u00fbrs. Bouche juteuse, corps moyen et tr\u00e8s \u00e9quilibr\u00e9.<\/p>\n<p><strong>Mariage :<\/strong> Conseill\u00e9 pour accompagner du poulet, des p\u00e2tes et de la pizza.[\/vc_column_text]<div class=\"grve-element grve-hr \" style=\"padding-bottom: 30px;\"><span class=\"grve-title-line grve-bg-primary-2\" style=\"width: 320px;height: 2px;\"><\/span><\/div>[vc_column_text animation=\u00a0\u00bbfadeIn\u00a0\u00bb]<\/p>\n<h5>Viu Manent Reserva Estate Collection<\/h5>\n<p><em><strong>Sauvignon Blanc 2016, Vall\u00e9e de Colchagua. <\/strong><\/em><\/p>\n<p><strong>Notes de d\u00e9gustation :<\/strong> De couleur jaune vert avec des ar\u00f4mes intenses de citriques et de fruits tropicaux, comme le fruit de la passion, des fruits blancs et de la poire. En bouche, il est frais, rafra\u00eechissant, fruit\u00e9 et avec une bonne persistance.<\/p>\n<p><strong>Mariage :<\/strong> C&rsquo;est un ap\u00e9ritif id\u00e9al, davantage s&rsquo;il accompagne des fromages frais, des poissons et les ceviches du jour.[\/vc_column_text]<div class=\"grve-element grve-hr \" style=\"padding-bottom: 30px;\"><span class=\"grve-title-line grve-bg-primary-2\" style=\"width: 320px;height: 2px;\"><\/span><\/div>[vc_column_text animation=\u00a0\u00bbfadeIn\u00a0\u00bb]<\/p>\n<h5>William Cole Reserve<\/h5>\n<p><em><strong>R\u00e9serve Pinot Noir 2017, Vall\u00e9e de Casablanca. <\/strong><\/em><\/p>\n<p><strong>Notes de d\u00e9gustation :<\/strong> Couleur rouge violet aux nuances rubis, translucide et brillant, ar\u00f4me de fruits rouges avec des touches de th\u00e9 noir. Persistance et corps moyen, frais en bouche avec des tanins d\u00e9licats et ronds, des touches lactiques marqu\u00e9es et de fruits rouges.<\/p>\n<p><strong>Mariage :<\/strong> Parfait pour l&rsquo;ap\u00e9ritif avec des fromages l\u00e9gers.[\/vc_column_text]<div class=\"grve-element grve-hr \" style=\"padding-bottom: 30px;\"><span class=\"grve-title-line grve-bg-primary-2\" style=\"width: 320px;height: 2px;\"><\/span><\/div>[vc_column_text animation=\u00a0\u00bbfadeIn\u00a0\u00bb]<\/p>\n<h5>Zuccardi Serie A<\/h5>\n<p><em><strong>Malbec 2013, Vall\u00e9e de Uco, Mendoza, Argentina. <\/strong><\/em><\/p>\n<p><strong>Notes de d\u00e9gustation :<\/strong> Tr\u00e8s bon fruit ; plus noir que rouge avec des ar\u00f4mes d&rsquo;\u00e9pic\u00e9s. Tr\u00e8s frais et rond. Les vendanges de 2013 ont donn\u00e9 un fruit tr\u00e8s \u00e9l\u00e9gant, avec une tr\u00e8s bonne acidit\u00e9 naturelle. Un bon exemple du Malbec de la Vall\u00e9e de Uco.<\/p>\n<p><strong>Mariage :<\/strong> Il est conseill\u00e9 pour accompagner les grillades de bovins, des rago\u00fbts, des p\u00e2tes \u00e0 la sauce tomate et des fromages.[\/vc_column_text][\/vc_column][vc_column width=\u00a0\u00bb1\/6&Prime;][\/vc_column][\/vc_row][vc_row heading_color=\u00a0\u00bblight\u00a0\u00bb bg_type=\u00a0\u00bbcolor\u00a0\u00bb font_color=\u00a0\u00bb#ffffff\u00a0\u00bb bg_color=\u00a0\u00bb#132f58&Prime; padding_bottom=\u00a0\u00bb32px\u00a0\u00bb margin_bottom=\u00a0\u00bb0px\u00a0\u00bb][vc_column width=\u00a0\u00bb1\/4&Prime;][\/vc_column][vc_column width=\u00a0\u00bb1\/2&Prime;][vc_empty_space height=\u00a0\u00bb62px\u00a0\u00bb]<h3 class=\"grve-element grve-title grve-align-center grve-animated-item grve-fadeIn grve-h3\" style=\"\" data-delay=\"200\"><span>Les vall\u00e9es de nos vins<span class=\"grve-title-line grve-bg-primary-3\" style=\"width: 50px;height: 2px;\"><\/span><\/span><\/h3>[vc_column_text animation=\u00a0\u00bbfadeIn\u00a0\u00bb]<\/p>\n<p style=\"text-align: center; font-size: 7pt;\">Cliquez pour agrandir<\/p>\n<p>[\/vc_column_text]<div class=\"grve-element grve-image grve-animated-item grve-fadeInUp grve-align-center\" style=\"\" data-delay=\"200\"><a class=\"grve-image-popup\" href=\"https:\/\/dev-uw6ywhu.australis.com\/wp-content\/uploads\/2022\/09\/vines.png\"><img width=\"1276\" height=\"966\" src=\"https:\/\/dev-uw6ywhu.australis.com\/wp-content\/uploads\/2022\/09\/vines.png\" class=\"grve-full-image attachment-full size-full\" alt=\"\" decoding=\"async\" loading=\"lazy\" srcset=\"https:\/\/dev-uw6ywhu.australis.com\/wp-content\/uploads\/2022\/09\/vines.png 1276w, https:\/\/dev-uw6ywhu.australis.com\/wp-content\/uploads\/2022\/09\/vines-300x227.png 300w, https:\/\/dev-uw6ywhu.australis.com\/wp-content\/uploads\/2022\/09\/vines-1024x775.png 1024w, https:\/\/dev-uw6ywhu.australis.com\/wp-content\/uploads\/2022\/09\/vines-768x581.png 768w\" sizes=\"(max-width: 1276px) 100vw, 1276px\" \/><\/a><\/div>[\/vc_column][vc_column width=\u00a0\u00bb1\/4&Prime;][\/vc_column][\/vc_row][vc_row bg_type=\u00a0\u00bbcolor\u00a0\u00bb footer_feature=\u00a0\u00bbyes\u00a0\u00bb bg_color=\u00a0\u00bb#132f58&Prime; padding_top=\u00a0\u00bb15px\u00a0\u00bb padding_bottom=\u00a0\u00bb15px\u00a0\u00bb][vc_column width=\u00a0\u00bb1\/6&Prime;][\/vc_column][vc_column width=\u00a0\u00bb2\/3&Prime;]<div class=\"grve-element grve-align-center grve-animated-item grve-fadeIn\" data-delay=\"200\"><a href=\"https:\/\/dev-uw6ywhu.australis.com\/fr\/ventus-australis\/menu-principal\/service-a-bord\/\" title=\"Protocoles Sanitaries\" class=\"grve-btn grve-btn-small grve-square grve-bg-white grve-bg-hover-primary-2 grve-btn-line\"><span><i class=\"fas fa-reply\"><\/i>Retour<\/span><\/a><\/div>[\/vc_column][vc_column width=\u00a0\u00bb1\/6&Prime;][\/vc_column][\/vc_row]<\/p>\n","protected":false},"excerpt":{"rendered":"<p>[vc_row bg_type=\u00a0\u00bbcolor\u00a0\u00bb header_feature=\u00a0\u00bbyes\u00a0\u00bb bg_color=\u00a0\u00bb#132f58&Prime; padding_top=\u00a0\u00bb15px\u00a0\u00bb][vc_column width=\u00a0\u00bb1\/6&Prime;][\/vc_column][vc_column width=\u00a0\u00bb2\/3&Prime;][\/vc_column][vc_column width=\u00a0\u00bb1\/6&Prime;][\/vc_column][\/vc_row][vc_row heading_color=\u00a0\u00bblight\u00a0\u00bb bg_type=\u00a0\u00bbcolor\u00a0\u00bb header_feature=\u00a0\u00bbyes\u00a0\u00bb font_color=\u00a0\u00bb#ffffff\u00a0\u00bb bg_color=\u00a0\u00bb#132f58&Prime; padding_top=\u00a0\u00bb5%\u00a0\u00bb padding_bottom=\u00a0\u00bb5%\u00a0\u00bb margin_bottom=\u00a0\u00bb0px\u00a0\u00bb][vc_column width=\u00a0\u00bb1\/6&Prime;][\/vc_column][vc_column width=\u00a0\u00bb2\/3&Prime; tablet_sm_width=\u00a0\u00bb1&Prime;][vc_column_text animation=\u00a0\u00bbfadeIn\u00a0\u00bb] Consultez ici les diff\u00e9rents vins que vous trouverez \u00e0 bord de notre croisi\u00e8re. [\/vc_column_text][vc_empty_space][\/vc_column][vc_column width=\u00a0\u00bb1\/6&Prime;][\/vc_column][\/vc_row][vc_row][vc_column width=\u00a0\u00bb1\/6&Prime;][\/vc_column][vc_column width=\u00a0\u00bb2\/3&Prime;][vc_empty_space][vc_column_text animation=\u00a0\u00bbfadeIn\u00a0\u00bb] Armador Estate Selection, Odfjell Sauvignon Blanc 2016, Vall\u00e9e de Casablanca. Notes de d\u00e9gustation : Ar\u00f4mes d&rsquo;herbes s\u00e9ch\u00e9es [&hellip;]<\/p>\n","protected":false},"author":1,"featured_media":0,"parent":2387,"menu_order":0,"comment_status":"closed","ping_status":"closed","template":"","meta":{"inline_featured_image":false,"footnotes":""},"_links":{"self":[{"href":"https:\/\/dev-uw6ywhu.australis.com\/fr\/wp-json\/wp\/v2\/pages\/2447"}],"collection":[{"href":"https:\/\/dev-uw6ywhu.australis.com\/fr\/wp-json\/wp\/v2\/pages"}],"about":[{"href":"https:\/\/dev-uw6ywhu.australis.com\/fr\/wp-json\/wp\/v2\/types\/page"}],"author":[{"embeddable":true,"href":"https:\/\/dev-uw6ywhu.australis.com\/fr\/wp-json\/wp\/v2\/users\/1"}],"replies":[{"embeddable":true,"href":"https:\/\/dev-uw6ywhu.australis.com\/fr\/wp-json\/wp\/v2\/comments?post=2447"}],"version-history":[{"count":9,"href":"https:\/\/dev-uw6ywhu.australis.com\/fr\/wp-json\/wp\/v2\/pages\/2447\/revisions"}],"predecessor-version":[{"id":2465,"href":"https:\/\/dev-uw6ywhu.australis.com\/fr\/wp-json\/wp\/v2\/pages\/2447\/revisions\/2465"}],"up":[{"embeddable":true,"href":"https:\/\/dev-uw6ywhu.australis.com\/fr\/wp-json\/wp\/v2\/pages\/2387"}],"wp:attachment":[{"href":"https:\/\/dev-uw6ywhu.australis.com\/fr\/wp-json\/wp\/v2\/media?parent=2447"}],"curies":[{"name":"wp","href":"https:\/\/api.w.org\/{rel}","templated":true}]}}