{"id":2475,"date":"2022-07-29T00:08:25","date_gmt":"2022-07-29T00:08:25","guid":{"rendered":"https:\/\/dev-uw6ywhu.australis.com\/ventus-australis\/menu-principal\/durabilite\/"},"modified":"2022-09-12T12:07:10","modified_gmt":"2022-09-12T12:07:10","slug":"durabilite","status":"publish","type":"page","link":"https:\/\/dev-uw6ywhu.australis.com\/fr\/ventus-australis\/menu-principal\/durabilite\/","title":{"rendered":"Durabilit\u00e9"},"content":{"rendered":"<p>[vc_row bg_type=\u00a0\u00bbcolor\u00a0\u00bb header_feature=\u00a0\u00bbyes\u00a0\u00bb bg_color=\u00a0\u00bb#132f58&Prime; padding_top=\u00a0\u00bb15px\u00a0\u00bb][vc_column width=\u00a0\u00bb1\/6&Prime;][\/vc_column][vc_column width=\u00a0\u00bb2\/3&Prime;]<div class=\"grve-element grve-align-center grve-animated-item grve-fadeIn\" data-delay=\"200\"><a href=\"https:\/\/dev-uw6ywhu.australis.com\/fr\/ventus-australis\/menu-principal\/\" title=\"Protocoles Sanitaries\" class=\"grve-btn grve-btn-small grve-square grve-bg-white grve-bg-hover-primary-2 grve-btn-line\"><span><i class=\"fas fa-reply\"><\/i>Retour<\/span><\/a><\/div>[\/vc_column][vc_column width=\u00a0\u00bb1\/6&Prime;][\/vc_column][\/vc_row][vc_row heading_color=\u00a0\u00bblight\u00a0\u00bb bg_type=\u00a0\u00bbcolor\u00a0\u00bb header_feature=\u00a0\u00bbyes\u00a0\u00bb font_color=\u00a0\u00bb#ffffff\u00a0\u00bb bg_color=\u00a0\u00bb#132f58&Prime; padding_top=\u00a0\u00bb5%\u00a0\u00bb padding_bottom=\u00a0\u00bb5%\u00a0\u00bb margin_bottom=\u00a0\u00bb0px\u00a0\u00bb][vc_column width=\u00a0\u00bb1\/6&Prime;][\/vc_column][vc_column width=\u00a0\u00bb2\/3&Prime; tablet_sm_width=\u00a0\u00bb1&Prime;][vc_column_text animation=\u00a0\u00bbfadeIn\u00a0\u00bb]Ce que nous aimons avant tout de cet itin\u00e9raire c&rsquo;est sa nature originelle. Ce que nous aimons avant tout, en tant que compagnie de croisi\u00e8res, c&rsquo;est que nous pouvons permettre aux visiteurs de toute la plan\u00e8te de parcourir cette partie de la Patagonie avec un confort total et du style, sans avoir aucun impact sur ses paysages.<\/p>\n<p>Depuis que nous avons commenc\u00e9 \u00e0 travailler dans la r\u00e9gion en 1990, nous sommes en mesure d&rsquo;affirmer que le long de notre itin\u00e9raire et son environnement tout est rest\u00e9 pratiquement identique. En tant que petite croisi\u00e8re et \u00e0 travers un travail responsable et appropri\u00e9, nous mettons tout en \u0153uvre afin de r\u00e9aliser du tourisme non envahissant, pour continuer \u00e0 montrer au monde la puret\u00e9 de l&rsquo;un des derniers recoins de la plan\u00e8te o\u00f9 il n&rsquo;y pas encore d&rsquo;intervention humaine.<\/p>\n<p>L&rsquo;une de nos priorit\u00e9s est d&rsquo;interf\u00e9rer le moins possible dans la nature et, en m\u00eame temps, permettre \u00e0 nos passagers d\u2019aller \u00e0 sa rencontre. Pour y parvenir, nous avons adopt\u00e9s de nombreuses mesures.[\/vc_column_text][vc_empty_space][\/vc_column][vc_column width=\u00a0\u00bb1\/6&Prime;][\/vc_column][\/vc_row][vc_row heading_color=\u00a0\u00bblight\u00a0\u00bb bg_type=\u00a0\u00bbimage\u00a0\u00bb bg_image=\u00a0\u00bb977&Prime; pattern_overlay=\u00a0\u00bbyes\u00a0\u00bb color_overlay=\u00a0\u00bbprimary-1&Prime; opacity_overlay=\u00a0\u00bb40&Prime; font_color=\u00a0\u00bb#ffffff\u00a0\u00bb padding_top=\u00a0\u00bb15%\u00a0\u00bb padding_bottom=\u00a0\u00bb25%\u00a0\u00bb margin_bottom=\u00a0\u00bb0px\u00a0\u00bb][vc_column width=\u00a0\u00bb1\/6&Prime;][\/vc_column][vc_column width=\u00a0\u00bb2\/3&Prime; tablet_sm_width=\u00a0\u00bb1&Prime;]<h3 class=\"grve-element grve-title grve-align-center grve-animated-item grve-fadeInUp grve-h4\" style=\"\" data-delay=\"200\"><span>Nous nous effor\u00e7ons afin que celle-ci soit notre seule empreinte<\/span><\/h3>[\/vc_column][vc_column width=\u00a0\u00bb1\/6&Prime;][\/vc_column][\/vc_row][vc_row][vc_column width=\u00a0\u00bb1\/6&Prime;][\/vc_column][vc_column width=\u00a0\u00bb2\/3&Prime;][vc_empty_space]<h3 class=\"grve-element grve-title grve-align-center grve-animated-item grve-fadeIn grve-h4\" style=\"\" data-delay=\"200\"><span>Dans nos excursions<span class=\"grve-title-line grve-bg-primary-2\" style=\"width: 50px;height: 2px;\"><\/span><\/span><\/h3>[vc_column_text]Nous avons construit <strong>des chemins en bois<\/strong> et d&rsquo;autres installations d&rsquo;impact r\u00e9duit qui visent \u00e0 prot\u00e9ger les \u00e9cosyst\u00e8mes que nous visitons.[\/vc_column_text][vc_column_text]Pour descendre du zodiac sur la plage nous empruntons <strong>des passerelles afin d&rsquo;\u00e9viter l&rsquo;\u00e9rosion.<\/strong>[\/vc_column_text][vc_column_text]-Tous les passagers <strong>doivent nettoyer leurs chaussures dans un liquide sp\u00e9cial<\/strong> (p\u00e9diluve) avant et apr\u00e8s chaque d\u00e9barquement, pour d&rsquo;\u00e9viter d&rsquo;introduire des bact\u00e9ries ou graines \u00e9trang\u00e8res dans les \u00e9cosyst\u00e8mes o\u00f9 nous arrivons.[\/vc_column_text][vc_column_text]Les passagers sont s\u00e9par\u00e9s en <strong>petits groupes pour \u00e9viter la d\u00e9gradation excessive.<\/strong>[\/vc_column_text][vc_column_text]-Pendant les excursions, il est <strong>interdit de fumer,<\/strong> ainsi que d\u2019emmener de la nourriture ou tout autre \u00e9l\u00e9ment qui puisse <strong>produire des d\u00e9chets<\/strong> dans les endroits que nous visitons. [\/vc_column_text][vc_column_text]<strong>Nos guident ramassent et identifient les d\u00e9chets<\/strong> (principalement emport\u00e9s par les courants marins) qu&rsquo;ils trouvent parfois pendant les excursions. Nous invitons \u00e0 nos passagers en faire de m\u00eame, au cas o\u00f9 ils voient ou trouvent quelque chose, dans le but de laisser chaque site visit\u00e9 mieux que nous l&rsquo;avons trouv\u00e9.[\/vc_column_text][vc_column_text]Avant et pendant les excursions, notre \u00e9quipe d&rsquo;exp\u00e9dition <strong>forme nos passagers<\/strong> sur des sujets tels que: la nature, rester \u00e0 une distance appropri\u00e9e de la faune locale afin de ne pas l&rsquo;alt\u00e9rer, emprunter uniquement les chemins balis\u00e9s, marcher toujours par petits groupes, accompagn\u00e9s de nos guides et ne pas laisser de d\u00e9chets.[\/vc_column_text][vc_column_text]<strong>Nous recyclons tous les d\u00e9chets<\/strong> que nous produisons en cuisine, et traitons tous les r\u00e9sidus organiques afin de r\u00e9pondre aux normes MARPOL (Marine Pollution) \u00e9tablies lors de la Convention internationale pour la pr\u00e9vention de la pollution par les navires, l&rsquo;une des conventions les plus importantes sur l&rsquo;environnement marin.[\/vc_column_text][\/vc_column][vc_column width=\u00a0\u00bb1\/6&Prime;][\/vc_column][\/vc_row][vc_row section_type=\u00a0\u00bbfullwidth\u00a0\u00bb][vc_column]<div class=\"grve-element grve-image grve-align-center\" style=\"\"><img width=\"2560\" height=\"1440\" src=\"https:\/\/dev-uw6ywhu.australis.com\/wp-content\/uploads\/2022\/07\/sustentabilidad2.jpg\" class=\"attachment-full size-full\" alt=\"\" decoding=\"async\" loading=\"lazy\" srcset=\"https:\/\/dev-uw6ywhu.australis.com\/wp-content\/uploads\/2022\/07\/sustentabilidad2.jpg 2560w, https:\/\/dev-uw6ywhu.australis.com\/wp-content\/uploads\/2022\/07\/sustentabilidad2-300x169.jpg 300w, https:\/\/dev-uw6ywhu.australis.com\/wp-content\/uploads\/2022\/07\/sustentabilidad2-1024x576.jpg 1024w, https:\/\/dev-uw6ywhu.australis.com\/wp-content\/uploads\/2022\/07\/sustentabilidad2-768x432.jpg 768w, https:\/\/dev-uw6ywhu.australis.com\/wp-content\/uploads\/2022\/07\/sustentabilidad2-1536x864.jpg 1536w, https:\/\/dev-uw6ywhu.australis.com\/wp-content\/uploads\/2022\/07\/sustentabilidad2-1170x658.jpg 1170w, https:\/\/dev-uw6ywhu.australis.com\/wp-content\/uploads\/2022\/07\/sustentabilidad2-800x450.jpg 800w, https:\/\/dev-uw6ywhu.australis.com\/wp-content\/uploads\/2022\/07\/sustentabilidad2-1920x1080.jpg 1920w\" sizes=\"(max-width: 2560px) 100vw, 2560px\" \/><\/div>[\/vc_column][\/vc_row][vc_row][vc_column width=\u00a0\u00bb1\/6&Prime;][\/vc_column][vc_column width=\u00a0\u00bb2\/3&Prime;][vc_empty_space]<h3 class=\"grve-element grve-title grve-align-center grve-animated-item grve-fadeIn grve-h4\" style=\"\" data-delay=\"200\"><span>\u00c0 bord<span class=\"grve-title-line grve-bg-primary-2\" style=\"width: 50px;height: 2px;\"><\/span><\/span><\/h3>[vc_column_text]<strong>Les batteries<\/strong> son collect\u00e9es et rendues sur terre ferme pour leur traitement appropri\u00e9 et tous les d\u00e9chets solides sont tri\u00e9s, <strong>compact\u00e9s et d\u00e9charg\u00e9s \u00e9galement sur terre ferme.<\/strong>[\/vc_column_text][vc_column_text]Chaque bateau dispose de toilettes Vacuum System, ce que permet une <strong>consommation r\u00e9duite en eau<\/strong> (similaire au syst\u00e8me employ\u00e9 dans les avions).[\/vc_column_text][vc_column_text]Nous conseillons toujours \u00e0 <strong>nos passagers<\/strong> d&rsquo;\u00eatre conscients sur <strong>leur utilisation de l&rsquo;eau,<\/strong> ce qui comprend la r\u00e9utilisation des serviettes qui n&rsquo;ont pas besoin d&rsquo;\u00eatre lav\u00e9es.[\/vc_column_text][vc_column_text]Nos navires poss\u00e8dent une station de traitement des eaux us\u00e9es (Sewage), qui comprend la d\u00e9charge d\u2019eaux depuis les toilettes et les d\u00e9chets organiques, conformes aux normes MARPOL.[\/vc_column_text][vc_column_text]En conformit\u00e9 avec les exigences de l\u2019IMO (International Maritime Organization), nous avons mis en place les <strong>derni\u00e8res technologies afin de r\u00e9duire les \u00e9missions d&rsquo;oxyde<\/strong> depuis nos moteurs et g\u00e9n\u00e9rateurs.[\/vc_column_text][vc_column_text]Pendant l&rsquo;ann\u00e9e 2014, <strong>nous avons remplac\u00e9 les bouteilles d&rsquo;eau en plastique<\/strong> par des gourdes r\u00e9utilisables que nous laissons en souvenir dans les cabines et, \u00e9galement, nous avons install\u00e9s des distributeurs d&rsquo;eau \u00e0 diff\u00e9rents endroits du bateau. Ceci a permis <strong>de supprimer l&rsquo;utilisation de plus de 75.000 bouteilles<\/strong> en plastique par saison.[\/vc_column_text][vc_column_text]Nous avons mis en place un Syst\u00e8me Intranet \u00e0 bord, afin de fournir des informations quotidiennes et utiles, dans le but de <strong>diminuer l&rsquo;utilisation de papier<\/strong> pour informer sur notre programme d&rsquo;activit\u00e9s ou autres informations destin\u00e9es \u00e0 nos passagers.[\/vc_column_text][vc_column_text]Et enfin: Nous mettons en relation science et entreprise d&rsquo;une mani\u00e8re unique, en travaillant en partenariat avec des organisations scientifiques gr\u00e2ce au programme VCE (Vinculaci\u00f3n Ciencia-Empresa) dans <strong>le but d&rsquo;analyser le comportement de la nature face au changement climatique.<\/strong> \u00c9tant les seuls \u00e0 aller fr\u00e9quemment \u00e0 des endroits si \u00e9loign\u00e9s, nos guides ont \u00e9t\u00e9 form\u00e9s pour <strong>recueillir des donn\u00e9es biologiques sur le terrain,<\/strong> suivre des protocoles stricts pour le suivi scientifique de la chimie de la mer, le floraison et le d\u00e9veloppement des plantes natives, la biodiversit\u00e9 benthique c\u00f4ti\u00e8re, le comptage des populations d&rsquo;oiseaux et le registre des d\u00e9chets retrouv\u00e9s et faire des rapports fr\u00e9quents des donn\u00e9es qu&rsquo;ils ont recueillis. Pendant ces processus, nos passagers peuvent participer activement ou observer, ce qui aide \u00e0 sensibiliser et \u00e9duquer sur l&rsquo;importance de prot\u00e9ger notre environnement. De plus, nous avons install\u00e9 r\u00e9cemment un capteur dans la salle des machines de notre bateau, qui pr\u00e9l\u00e8ve des \u00e9chantillons de l&rsquo;eau de mer et qui produit de nombreuses donn\u00e9es, ce qui fait <strong>d&rsquo;Australis la premi\u00e8re compagnie de croisi\u00e8res exp\u00e9dition \u00e0 enregistrer des donn\u00e9es oc\u00e9anographiques dans l&rsquo;h\u00e9misph\u00e8re sud.<\/strong>[\/vc_column_text][\/vc_column][vc_column width=\u00a0\u00bb1\/6&Prime;][\/vc_column][\/vc_row][vc_row section_type=\u00a0\u00bbfullwidth\u00a0\u00bb margin_bottom=\u00a0\u00bb0px\u00a0\u00bb][vc_column]<div class=\"grve-element grve-image grve-align-center\" style=\"\"><img width=\"2560\" height=\"1440\" src=\"https:\/\/dev-uw6ywhu.australis.com\/wp-content\/uploads\/2022\/07\/sustentabilidad3.jpg\" class=\"attachment-full size-full\" alt=\"\" decoding=\"async\" loading=\"lazy\" srcset=\"https:\/\/dev-uw6ywhu.australis.com\/wp-content\/uploads\/2022\/07\/sustentabilidad3.jpg 2560w, https:\/\/dev-uw6ywhu.australis.com\/wp-content\/uploads\/2022\/07\/sustentabilidad3-300x169.jpg 300w, https:\/\/dev-uw6ywhu.australis.com\/wp-content\/uploads\/2022\/07\/sustentabilidad3-1024x576.jpg 1024w, https:\/\/dev-uw6ywhu.australis.com\/wp-content\/uploads\/2022\/07\/sustentabilidad3-768x432.jpg 768w, https:\/\/dev-uw6ywhu.australis.com\/wp-content\/uploads\/2022\/07\/sustentabilidad3-1536x864.jpg 1536w, https:\/\/dev-uw6ywhu.australis.com\/wp-content\/uploads\/2022\/07\/sustentabilidad3-1170x658.jpg 1170w, https:\/\/dev-uw6ywhu.australis.com\/wp-content\/uploads\/2022\/07\/sustentabilidad3-800x450.jpg 800w, https:\/\/dev-uw6ywhu.australis.com\/wp-content\/uploads\/2022\/07\/sustentabilidad3-1920x1080.jpg 1920w\" sizes=\"(max-width: 2560px) 100vw, 2560px\" \/><\/div>[\/vc_column][\/vc_row][vc_row heading_color=\u00a0\u00bblight\u00a0\u00bb bg_type=\u00a0\u00bbcolor\u00a0\u00bb font_color=\u00a0\u00bb#ffffff\u00a0\u00bb bg_color=\u00a0\u00bb#132f58&Prime; padding_top=\u00a0\u00bb5%\u00a0\u00bb padding_bottom=\u00a0\u00bb5%\u00a0\u00bb margin_bottom=\u00a0\u00bb0px\u00a0\u00bb][vc_column width=\u00a0\u00bb1\/6&Prime;][\/vc_column][vc_column width=\u00a0\u00bb2\/3&Prime; tablet_sm_width=\u00a0\u00bb1&Prime;][vc_column_text animation=\u00a0\u00bbfadeIn\u00a0\u00bb]\u00c9tant <strong>une petite croisi\u00e8re,<\/strong> nous pouvons <strong>effectuer du tourisme<\/strong> dans l&rsquo;une des r\u00e9gions ayant le moins d&rsquo;intervention humaine de toute la plan\u00e8te <strong>sans alt\u00e9rer ses paysages originels.<\/strong> Nous mettons en \u0153uvre <strong>es normes et les technologies les plus exigeantes,<\/strong> afin <strong>de minimiser notre impact<\/strong> et pr\u00e9server les \u00e9cosyst\u00e8mes des endroits visit\u00e9s, en empruntant les chemins balis\u00e9s, avec le nettoyage des chaussures, le ramassage des d\u00e9chets et la sensibilisation de nos passagers. De plus, nous aidons \u00e0 la <strong>recherche scientifique en pr\u00e9levant des \u00e9chantillons<\/strong> aux endroits que les organisations scientifiques et acad\u00e9miques ne peuvent pas atteindre en raison de l&rsquo;incessibilit\u00e9. Nos guides son en contact permanent avec des scientifiques pour apprendre plus sur les zones que nous visitons et nous sommes toujours disponibles pour collaborer avec les communaut\u00e9s acad\u00e9mique et scientifique.[\/vc_column_text][vc_empty_space][\/vc_column][vc_column width=\u00a0\u00bb1\/6&Prime;][\/vc_column][\/vc_row][vc_row bg_type=\u00a0\u00bbcolor\u00a0\u00bb footer_feature=\u00a0\u00bbyes\u00a0\u00bb bg_color=\u00a0\u00bb#132f58&Prime; padding_top=\u00a0\u00bb15px\u00a0\u00bb padding_bottom=\u00a0\u00bb15px\u00a0\u00bb][vc_column width=\u00a0\u00bb1\/6&Prime;][\/vc_column][vc_column width=\u00a0\u00bb2\/3&Prime;]<div class=\"grve-element grve-align-center grve-animated-item grve-fadeIn\" data-delay=\"200\"><a href=\"https:\/\/dev-uw6ywhu.australis.com\/fr\/ventus-australis\/menu-principal\/\" title=\"Menu principal\" class=\"grve-btn grve-btn-small grve-square grve-bg-white grve-bg-hover-primary-2 grve-btn-line\"><span><i class=\"fas fa-reply\"><\/i>Retour<\/span><\/a><\/div>[\/vc_column][vc_column width=\u00a0\u00bb1\/6&Prime;][\/vc_column][\/vc_row]<\/p>\n","protected":false},"excerpt":{"rendered":"<p>[vc_row bg_type=\u00a0\u00bbcolor\u00a0\u00bb header_feature=\u00a0\u00bbyes\u00a0\u00bb bg_color=\u00a0\u00bb#132f58&Prime; padding_top=\u00a0\u00bb15px\u00a0\u00bb][vc_column width=\u00a0\u00bb1\/6&Prime;][\/vc_column][vc_column width=\u00a0\u00bb2\/3&Prime;][\/vc_column][vc_column width=\u00a0\u00bb1\/6&Prime;][\/vc_column][\/vc_row][vc_row heading_color=\u00a0\u00bblight\u00a0\u00bb bg_type=\u00a0\u00bbcolor\u00a0\u00bb header_feature=\u00a0\u00bbyes\u00a0\u00bb font_color=\u00a0\u00bb#ffffff\u00a0\u00bb bg_color=\u00a0\u00bb#132f58&Prime; padding_top=\u00a0\u00bb5%\u00a0\u00bb padding_bottom=\u00a0\u00bb5%\u00a0\u00bb margin_bottom=\u00a0\u00bb0px\u00a0\u00bb][vc_column width=\u00a0\u00bb1\/6&Prime;][\/vc_column][vc_column width=\u00a0\u00bb2\/3&Prime; tablet_sm_width=\u00a0\u00bb1&Prime;][vc_column_text animation=\u00a0\u00bbfadeIn\u00a0\u00bb]Ce que nous aimons avant tout de cet itin\u00e9raire c&rsquo;est sa nature originelle. Ce que nous aimons avant tout, en tant que compagnie de croisi\u00e8res, c&rsquo;est que nous pouvons permettre aux visiteurs de toute la plan\u00e8te [&hellip;]<\/p>\n","protected":false},"author":1,"featured_media":0,"parent":1556,"menu_order":0,"comment_status":"closed","ping_status":"closed","template":"","meta":{"inline_featured_image":false,"footnotes":""},"_links":{"self":[{"href":"https:\/\/dev-uw6ywhu.australis.com\/fr\/wp-json\/wp\/v2\/pages\/2475"}],"collection":[{"href":"https:\/\/dev-uw6ywhu.australis.com\/fr\/wp-json\/wp\/v2\/pages"}],"about":[{"href":"https:\/\/dev-uw6ywhu.australis.com\/fr\/wp-json\/wp\/v2\/types\/page"}],"author":[{"embeddable":true,"href":"https:\/\/dev-uw6ywhu.australis.com\/fr\/wp-json\/wp\/v2\/users\/1"}],"replies":[{"embeddable":true,"href":"https:\/\/dev-uw6ywhu.australis.com\/fr\/wp-json\/wp\/v2\/comments?post=2475"}],"version-history":[{"count":5,"href":"https:\/\/dev-uw6ywhu.australis.com\/fr\/wp-json\/wp\/v2\/pages\/2475\/revisions"}],"predecessor-version":[{"id":2498,"href":"https:\/\/dev-uw6ywhu.australis.com\/fr\/wp-json\/wp\/v2\/pages\/2475\/revisions\/2498"}],"up":[{"embeddable":true,"href":"https:\/\/dev-uw6ywhu.australis.com\/fr\/wp-json\/wp\/v2\/pages\/1556"}],"wp:attachment":[{"href":"https:\/\/dev-uw6ywhu.australis.com\/fr\/wp-json\/wp\/v2\/media?parent=2475"}],"curies":[{"name":"wp","href":"https:\/\/api.w.org\/{rel}","templated":true}]}}